{"id":13330,"date":"2020-03-07T21:33:02","date_gmt":"2020-03-07T20:33:02","guid":{"rendered":"https:\/\/werkzeuge-aller-art.com\/?product=kaercher-hochdruckreiniger-k-4-full-control-druck-20-130-bar-foerdermenge-420-l-h-2x-strahlrohr-power-pistole"},"modified":"2023-04-10T06:16:23","modified_gmt":"2023-04-10T04:16:23","slug":"kaercher-hochdruckreiniger-k-4-full-control-druck-20-130-bar-foerdermenge-420-l-h-2x-strahlrohr-power-pistole","status":"publish","type":"product","link":"https:\/\/werkzeuge-aller-art.com\/?product=kaercher-hochdruckreiniger-k-4-full-control-druck-20-130-bar-foerdermenge-420-l-h-2x-strahlrohr-power-pistole","title":{"rendered":"K\u00e4rcher Hochdruckreiniger K 4 Full Control (Druck: 20-130 bar, F\u00f6rdermenge: 420 l\/h, 2x Strahlrohr, Power Pistole)"},"content":{"rendered":"\n\t\t<div id='gallery-1' class='gallery galleryid-13330 gallery-columns-3 gallery-size-full'><dl class='gallery-item'>\r\n\t<dt class='gallery-icon landscape'>\r\n\t<a rel='gallery-nr'><img loading=\"lazy\" decoding=\"async\" width=\"500\" height=\"500\" src=\"https:\/\/images-na.ssl-images-amazon.com\/images\/I\/41offGYrihL.jpg\" class=\"attachment-full size-full\" alt=\"\" srcset=\"https:\/\/images-na.ssl-images-amazon.com\/images\/I\/41offGYrihL.jpg 500w, https:\/\/images-na.ssl-images-amazon.com\/images\/I\/41offGYrihL._SS150_.jpg 150w, https:\/\/images-na.ssl-images-amazon.com\/images\/I\/41offGYrihL._SS300_.jpg 300w, https:\/\/images-na.ssl-images-amazon.com\/images\/I\/41offGYrihL._SS768_.jpg 768w, https:\/\/images-na.ssl-images-amazon.com\/images\/I\/41offGYrihL._SS1024_.jpg 1024w, https:\/\/images-na.ssl-images-amazon.com\/images\/I\/41offGYrihL._SS1536_.jpg 1536w, https:\/\/images-na.ssl-images-amazon.com\/images\/I\/41offGYrihL._SS2048_.jpg 2048w, https:\/\/images-na.ssl-images-amazon.com\/images\/I\/41offGYrihL._SS145_.jpg 145w, https:\/\/images-na.ssl-images-amazon.com\/images\/I\/41offGYrihL._SS1400_.jpg 1400w, https:\/\/images-na.ssl-images-amazon.com\/images\/I\/41offGYrihL._SS50_.jpg 50w, https:\/\/images-na.ssl-images-amazon.com\/images\/I\/41offGYrihL._SS604_.jpg 604w, https:\/\/images-na.ssl-images-amazon.com\/images\/I\/41offGYrihL._SS262_.jpg 262w, https:\/\/images-na.ssl-images-amazon.com\/images\/I\/41offGYrihL._SS600_.jpg 600w, https:\/\/images-na.ssl-images-amazon.com\/images\/I\/41offGYrihL._SS100_.jpg 100w\" sizes=\"auto, (max-width: 500px) 100vw, 500px\" \/><\/a>\r\n\t<\/dt>\r\n\t<dd class='wp-caption-text gallery-caption'>\r\n\t<div class='gallery-caption-inner'> <div class='wp-caption-text gallery-title'>\r\n\tKrcher-Hochdruckreiniger-K-4-Full-Control-Druck-20-130-bar-Frdermenge-420-lh-2x-Strahlrohr-Power-Pistole\r\n\t<\/div><div class='wp-caption-text gallery-zoom no-text'>\r\n\t\t<a href=https:\/\/werkzeuge-aller-art.com\/?attachment_id=13331 title='Click to view Full Image' class='icon mustang-gallery'><i class='fa fa-plus'><\/i><\/a>\r\n\t\t<\/div><div class='wp-caption-text gallery-redirect'>\r\n\t\t<a href=https:\/\/werkzeuge-aller-art.com\/?attachment_id=13331 title='Click to view read more' class='icon readmore'><i class='fa fa-link'><\/i><\/a>\r\n\t\t<\/div><\/div><\/dd><\/dl><dl class='gallery-item'>\r\n\t<dt class='gallery-icon landscape'>\r\n\t<a rel='gallery-nr'><img loading=\"lazy\" decoding=\"async\" width=\"500\" height=\"500\" src=\"https:\/\/images-na.ssl-images-amazon.com\/images\/I\/41lNVPYIoIL.jpg\" class=\"attachment-full size-full\" alt=\"\" srcset=\"https:\/\/images-na.ssl-images-amazon.com\/images\/I\/41lNVPYIoIL.jpg 500w, https:\/\/images-na.ssl-images-amazon.com\/images\/I\/41lNVPYIoIL._SS150_.jpg 150w, https:\/\/images-na.ssl-images-amazon.com\/images\/I\/41lNVPYIoIL._SS300_.jpg 300w, https:\/\/images-na.ssl-images-amazon.com\/images\/I\/41lNVPYIoIL._SS768_.jpg 768w, https:\/\/images-na.ssl-images-amazon.com\/images\/I\/41lNVPYIoIL._SS1024_.jpg 1024w, https:\/\/images-na.ssl-images-amazon.com\/images\/I\/41lNVPYIoIL._SS1536_.jpg 1536w, https:\/\/images-na.ssl-images-amazon.com\/images\/I\/41lNVPYIoIL._SS2048_.jpg 2048w, https:\/\/images-na.ssl-images-amazon.com\/images\/I\/41lNVPYIoIL._SS145_.jpg 145w, https:\/\/images-na.ssl-images-amazon.com\/images\/I\/41lNVPYIoIL._SS1400_.jpg 1400w, https:\/\/images-na.ssl-images-amazon.com\/images\/I\/41lNVPYIoIL._SS50_.jpg 50w, https:\/\/images-na.ssl-images-amazon.com\/images\/I\/41lNVPYIoIL._SS604_.jpg 604w, https:\/\/images-na.ssl-images-amazon.com\/images\/I\/41lNVPYIoIL._SS262_.jpg 262w, https:\/\/images-na.ssl-images-amazon.com\/images\/I\/41lNVPYIoIL._SS600_.jpg 600w, https:\/\/images-na.ssl-images-amazon.com\/images\/I\/41lNVPYIoIL._SS100_.jpg 100w\" sizes=\"auto, (max-width: 500px) 100vw, 500px\" \/><\/a>\r\n\t<\/dt>\r\n\t<dd class='wp-caption-text gallery-caption'>\r\n\t<div class='gallery-caption-inner'> <div class='wp-caption-text gallery-title'>\r\n\tKrcher-Hochdruckreiniger-K-4-Full-Control-Druck-20-130-bar-Frdermenge-420-lh-2x-Strahlrohr-Power-Pistole\r\n\t<\/div><div class='wp-caption-text gallery-zoom no-text'>\r\n\t\t<a href=https:\/\/werkzeuge-aller-art.com\/?attachment_id=13332 title='Click to view Full Image' class='icon mustang-gallery'><i class='fa fa-plus'><\/i><\/a>\r\n\t\t<\/div><div class='wp-caption-text gallery-redirect'>\r\n\t\t<a href=https:\/\/werkzeuge-aller-art.com\/?attachment_id=13332 title='Click to view read more' class='icon readmore'><i class='fa fa-link'><\/i><\/a>\r\n\t\t<\/div><\/div><\/dd><\/dl><dl class='gallery-item'>\r\n\t<dt class='gallery-icon landscape'>\r\n\t<a rel='gallery-nr'><img loading=\"lazy\" decoding=\"async\" width=\"500\" height=\"500\" src=\"https:\/\/images-na.ssl-images-amazon.com\/images\/I\/517ORIGri0L.jpg\" class=\"attachment-full size-full\" alt=\"\" srcset=\"https:\/\/images-na.ssl-images-amazon.com\/images\/I\/517ORIGri0L.jpg 500w, https:\/\/images-na.ssl-images-amazon.com\/images\/I\/517ORIGri0L._SS150_.jpg 150w, https:\/\/images-na.ssl-images-amazon.com\/images\/I\/517ORIGri0L._SS300_.jpg 300w, https:\/\/images-na.ssl-images-amazon.com\/images\/I\/517ORIGri0L._SS768_.jpg 768w, https:\/\/images-na.ssl-images-amazon.com\/images\/I\/517ORIGri0L._SS1024_.jpg 1024w, https:\/\/images-na.ssl-images-amazon.com\/images\/I\/517ORIGri0L._SS1536_.jpg 1536w, https:\/\/images-na.ssl-images-amazon.com\/images\/I\/517ORIGri0L._SS2048_.jpg 2048w, https:\/\/images-na.ssl-images-amazon.com\/images\/I\/517ORIGri0L._SS145_.jpg 145w, https:\/\/images-na.ssl-images-amazon.com\/images\/I\/517ORIGri0L._SS1400_.jpg 1400w, https:\/\/images-na.ssl-images-amazon.com\/images\/I\/517ORIGri0L._SS50_.jpg 50w, https:\/\/images-na.ssl-images-amazon.com\/images\/I\/517ORIGri0L._SS604_.jpg 604w, https:\/\/images-na.ssl-images-amazon.com\/images\/I\/517ORIGri0L._SS262_.jpg 262w, https:\/\/images-na.ssl-images-amazon.com\/images\/I\/517ORIGri0L._SS600_.jpg 600w, https:\/\/images-na.ssl-images-amazon.com\/images\/I\/517ORIGri0L._SS100_.jpg 100w\" sizes=\"auto, (max-width: 500px) 100vw, 500px\" \/><\/a>\r\n\t<\/dt>\r\n\t<dd class='wp-caption-text gallery-caption'>\r\n\t<div class='gallery-caption-inner'> <div class='wp-caption-text gallery-title'>\r\n\tKrcher-Hochdruckreiniger-K-4-Full-Control-Druck-20-130-bar-Frdermenge-420-lh-2x-Strahlrohr-Power-Pistole\r\n\t<\/div><div class='wp-caption-text gallery-zoom no-text'>\r\n\t\t<a href=https:\/\/werkzeuge-aller-art.com\/?attachment_id=13333 title='Click to view Full Image' class='icon mustang-gallery'><i class='fa fa-plus'><\/i><\/a>\r\n\t\t<\/div><div class='wp-caption-text gallery-redirect'>\r\n\t\t<a href=https:\/\/werkzeuge-aller-art.com\/?attachment_id=13333 title='Click to view read more' class='icon readmore'><i class='fa fa-link'><\/i><\/a>\r\n\t\t<\/div><\/div><\/dd><\/dl>\r\n<\/div>\n\n<div class=\"disclaim\"> Stil:<strong>ohne Sonderzubeh\u00f6r<\/strong> <\/div>\n<p> <!-- show up to 2 reviews by default --> <\/p>\n<p>Der Hochdruckreiniger K 4 Full Control eignet sich f\u00fcr gelegentliche Reinigungen gegen mittelstarken Schmutz und f\u00fcr eine Fl\u00e4chenleistung von 30 m\u00b2\/h. Mit dem Full Control Hochdruckreiniger finden Sie f\u00fcr jede Oberfl\u00e4che den passenden Druck. Die Druckstufe wird am Strahlrohr eingestellt und l\u00e4sst sich an der Pistole mit LED-Anzeige \u00fcberpr\u00fcfen &#8211; f\u00fcr maximale Kontrolle. Der Wechsel von Hochdruck in den Reinigungsmittel-Modus erfolgt ohne Austausch des Strahlrohres. Die Pistole ist sofort griffbereit und kann mit Strahlrohr bei kurzen Unterbrechungen zwischengeparkt werden. Dank h\u00f6henverstellbarem Teleskopgriff bewegen Sie das Ger\u00e4t in bequemer Zieh\u00f6he und lagern es kompakt. Und durch das leicht zug\u00e4ngige Plug &#8217;n&#8216; Clean System wechseln Sie Reinigungsmittel mit einem Handgriff und erkennen den F\u00fcllstand auf einen Blick. Weiter \u00fcberzeugt der Hochdruckreiniger mit einem tieferen Gewichtsschwerpunkt und einem Standfu\u00df f\u00fcr mehr Stabilit\u00e4t sowie der praktischen Schlauchf\u00fchrung. Der Standfu\u00df kann auch als zweiter Tragegriff verwendet werden, wodurch sich das Ger\u00e4t ganz leicht in ein Regal heben oder in den Kofferraum verladen l\u00e4sst. Ausstattung: Integrierter Wasserfilter, Adapter Gartenschlauchanschluss A3\/4&#8243; , HD-Schlauch 6 m, Soft Bag, Hochdruckpistole, Ger\u00e4teseitiges Quick Connect, Wassergek\u00fchlter Motor, Vario Power Jet, Dreckfr\u00e4ser, Teleskopgriff. Technische Daten: Druck 20- bis zu 130 bar, F\u00f6rdermenge max. 420 l\/h, Max. Zulauftemperatur max. 40 \u00b0C, Anschlussleistung 1.8 kW, Gewicht ohne Zubeh\u00f6r 11.424 kg, Abmessungen (L x B x H) 397x305x584 mm, Frequenz 50 Hz, Spannung 230 V <\/p>\n<p>Maximale Kontrolle: Druckstufeneinstellung am Strahlrohr und Full Control Power Pistole mit LED-Anzeige<br \/>\nKomfortabel und platzsparend: Parkposition f\u00fcr jederzeit gut verstautes Zubeh\u00f6r<br \/>\nHohe Standfestigkeit und Stabilit\u00e4t durch tiefen Schwerpunkt, Schlauchf\u00fchrung und verl\u00e4ngerten Standfu\u00df<br \/>\nPlug &#8217;n&#8216; Clean System erm\u00f6glicht leichten Wechsel von Reinigungsmitteln<br \/>\nAusstattung: Vario Power Jet, Dreckfr\u00e4ser, HD-Schlauch 6 m, Teleskopgriff, Soft Bag, Wassergek\u00fchlter Motor, Integrierter Wasserfilter, Adapter Gartenschlauchanschluss A3\/4&#8243;<br \/>\n<div class=\"main-cross-sell\" data-asin=\"B0185UN2PG\">\n\n\t<div class=\"WooZone-cross-sell-loader\">\n\t\t<div>\n\t\t\t<div id=\"floatingBarsG\">\n\t\t\t\t<div class=\"blockG\" id=\"rotateG_01\"><\/div>\n\t\t\t\t<div class=\"blockG\" id=\"rotateG_02\"><\/div>\n\t\t\t\t<div class=\"blockG\" id=\"rotateG_03\"><\/div>\n\t\t\t\t<div class=\"blockG\" id=\"rotateG_04\"><\/div>\n\t\t\t\t<div class=\"blockG\" id=\"rotateG_05\"><\/div>\n\t\t\t\t<div class=\"blockG\" id=\"rotateG_06\"><\/div>\n\t\t\t\t<div class=\"blockG\" id=\"rotateG_07\"><\/div>\n\t\t\t\t<div class=\"blockG\" id=\"rotateG_08\"><\/div>\n\t\t\t<\/div>\n\t\t\t<div class=\"WooZone-cross-sell-loader-text\"><\/div>\n\t\t<\/div>\n\t<\/div>\n\n\t\t\n<\/div>\n<div style=\"clear:both;\"><\/div>\n","protected":false},"excerpt":{"rendered":"<p>Maximale Kontrolle: Druckstufeneinstellung am Strahlrohr und Full Control Power Pistole mit LED-Anzeige<br \/>\nKomfortabel und platzsparend: Parkposition f\u00fcr jederzeit gut verstautes Zubeh\u00f6r<br \/>\nHohe Standfestigkeit und Stabilit\u00e4t durch tiefen Schwerpunkt, Schlauchf\u00fchrung und verl\u00e4ngerten Standfu\u00df<\/p>\n","protected":false},"featured_media":13331,"comment_status":"open","ping_status":"closed","template":"","meta":[],"product_cat":[115,110],"product_tag":[],"class_list":{"0":"post-13330","1":"product","2":"type-product","3":"status-publish","4":"has-post-thumbnail","6":"product_cat-hochdruckreiniger","7":"product_cat-reinigen-und-sandstrahlen","8":"pa_brand-kaercher","11":"first","12":"instock","13":"shipping-taxable","14":"product-type-external"},"_links":{"self":[{"href":"https:\/\/werkzeuge-aller-art.com\/index.php?rest_route=\/wp\/v2\/product\/13330","targetHints":{"allow":["GET"]}}],"collection":[{"href":"https:\/\/werkzeuge-aller-art.com\/index.php?rest_route=\/wp\/v2\/product"}],"about":[{"href":"https:\/\/werkzeuge-aller-art.com\/index.php?rest_route=\/wp\/v2\/types\/product"}],"replies":[{"embeddable":true,"href":"https:\/\/werkzeuge-aller-art.com\/index.php?rest_route=%2Fwp%2Fv2%2Fcomments&post=13330"}],"wp:featuredmedia":[{"embeddable":true,"href":"https:\/\/werkzeuge-aller-art.com\/index.php?rest_route=\/wp\/v2\/media\/13331"}],"wp:attachment":[{"href":"https:\/\/werkzeuge-aller-art.com\/index.php?rest_route=%2Fwp%2Fv2%2Fmedia&parent=13330"}],"wp:term":[{"taxonomy":"product_cat","embeddable":true,"href":"https:\/\/werkzeuge-aller-art.com\/index.php?rest_route=%2Fwp%2Fv2%2Fproduct_cat&post=13330"},{"taxonomy":"product_tag","embeddable":true,"href":"https:\/\/werkzeuge-aller-art.com\/index.php?rest_route=%2Fwp%2Fv2%2Fproduct_tag&post=13330"}],"curies":[{"name":"wp","href":"https:\/\/api.w.org\/{rel}","templated":true}]}}