{"id":13322,"date":"2020-03-07T21:32:55","date_gmt":"2020-03-07T20:32:55","guid":{"rendered":"https:\/\/werkzeuge-aller-art.com\/?product=bosch-hochdruckreiniger-universalaquatak-135-1900-watt-druck-135-bar-max-foerdermenge-410-l-h-im-karton"},"modified":"2023-04-10T06:16:23","modified_gmt":"2023-04-10T04:16:23","slug":"bosch-hochdruckreiniger-universalaquatak-135-1900-watt-druck-135-bar-max-foerdermenge-410-l-h-im-karton","status":"publish","type":"product","link":"https:\/\/werkzeuge-aller-art.com\/?product=bosch-hochdruckreiniger-universalaquatak-135-1900-watt-druck-135-bar-max-foerdermenge-410-l-h-im-karton","title":{"rendered":"Bosch Hochdruckreiniger UniversalAquatak 135 (3-in-1-D\u00fcse, Schaumd\u00fcse, transparenter Wasserfilter, Hochdruckpistole, 7 m\u2026"},"content":{"rendered":"\n\t\t<div id='gallery-1' class='gallery galleryid-13322 gallery-columns-3 gallery-size-full'><dl class='gallery-item'>\r\n\t<dt class='gallery-icon landscape'>\r\n\t<a rel='gallery-nr'><img loading=\"lazy\" decoding=\"async\" width=\"500\" height=\"500\" src=\"https:\/\/images-na.ssl-images-amazon.com\/images\/I\/41pzm1gFgUL.jpg\" class=\"attachment-full size-full\" alt=\"\" srcset=\"https:\/\/images-na.ssl-images-amazon.com\/images\/I\/41pzm1gFgUL.jpg 500w, https:\/\/images-na.ssl-images-amazon.com\/images\/I\/41pzm1gFgUL._SS150_.jpg 150w, https:\/\/images-na.ssl-images-amazon.com\/images\/I\/41pzm1gFgUL._SS300_.jpg 300w, https:\/\/images-na.ssl-images-amazon.com\/images\/I\/41pzm1gFgUL._SS768_.jpg 768w, https:\/\/images-na.ssl-images-amazon.com\/images\/I\/41pzm1gFgUL._SS1024_.jpg 1024w, https:\/\/images-na.ssl-images-amazon.com\/images\/I\/41pzm1gFgUL._SS1536_.jpg 1536w, https:\/\/images-na.ssl-images-amazon.com\/images\/I\/41pzm1gFgUL._SS2048_.jpg 2048w, https:\/\/images-na.ssl-images-amazon.com\/images\/I\/41pzm1gFgUL._SS145_.jpg 145w, https:\/\/images-na.ssl-images-amazon.com\/images\/I\/41pzm1gFgUL._SS1400_.jpg 1400w, https:\/\/images-na.ssl-images-amazon.com\/images\/I\/41pzm1gFgUL._SS50_.jpg 50w, https:\/\/images-na.ssl-images-amazon.com\/images\/I\/41pzm1gFgUL._SS604_.jpg 604w, https:\/\/images-na.ssl-images-amazon.com\/images\/I\/41pzm1gFgUL._SS262_.jpg 262w, https:\/\/images-na.ssl-images-amazon.com\/images\/I\/41pzm1gFgUL._SS600_.jpg 600w, https:\/\/images-na.ssl-images-amazon.com\/images\/I\/41pzm1gFgUL._SS100_.jpg 100w\" sizes=\"auto, (max-width: 500px) 100vw, 500px\" \/><\/a>\r\n\t<\/dt>\r\n\t<dd class='wp-caption-text gallery-caption'>\r\n\t<div class='gallery-caption-inner'> <div class='wp-caption-text gallery-title'>\r\n\tBosch-Hochdruckreiniger-UniversalAquatak-135-1900-Watt-Druck-135-bar-max-Frdermenge-410-lh-im-Karton\r\n\t<\/div><div class='wp-caption-text gallery-zoom no-text'>\r\n\t\t<a href=https:\/\/werkzeuge-aller-art.com\/?attachment_id=13323 title='Click to view Full Image' class='icon mustang-gallery'><i class='fa fa-plus'><\/i><\/a>\r\n\t\t<\/div><div class='wp-caption-text gallery-redirect'>\r\n\t\t<a href=https:\/\/werkzeuge-aller-art.com\/?attachment_id=13323 title='Click to view read more' class='icon readmore'><i class='fa fa-link'><\/i><\/a>\r\n\t\t<\/div><\/div><\/dd><\/dl><dl class='gallery-item'>\r\n\t<dt class='gallery-icon landscape'>\r\n\t<a rel='gallery-nr'><img loading=\"lazy\" decoding=\"async\" width=\"500\" height=\"500\" src=\"https:\/\/images-na.ssl-images-amazon.com\/images\/I\/51zcwb7t15L.jpg\" class=\"attachment-full size-full\" alt=\"\" srcset=\"https:\/\/images-na.ssl-images-amazon.com\/images\/I\/51zcwb7t15L.jpg 500w, https:\/\/images-na.ssl-images-amazon.com\/images\/I\/51zcwb7t15L._SS150_.jpg 150w, https:\/\/images-na.ssl-images-amazon.com\/images\/I\/51zcwb7t15L._SS300_.jpg 300w, https:\/\/images-na.ssl-images-amazon.com\/images\/I\/51zcwb7t15L._SS768_.jpg 768w, https:\/\/images-na.ssl-images-amazon.com\/images\/I\/51zcwb7t15L._SS1024_.jpg 1024w, https:\/\/images-na.ssl-images-amazon.com\/images\/I\/51zcwb7t15L._SS1536_.jpg 1536w, https:\/\/images-na.ssl-images-amazon.com\/images\/I\/51zcwb7t15L._SS2048_.jpg 2048w, https:\/\/images-na.ssl-images-amazon.com\/images\/I\/51zcwb7t15L._SS145_.jpg 145w, https:\/\/images-na.ssl-images-amazon.com\/images\/I\/51zcwb7t15L._SS1400_.jpg 1400w, https:\/\/images-na.ssl-images-amazon.com\/images\/I\/51zcwb7t15L._SS50_.jpg 50w, https:\/\/images-na.ssl-images-amazon.com\/images\/I\/51zcwb7t15L._SS604_.jpg 604w, https:\/\/images-na.ssl-images-amazon.com\/images\/I\/51zcwb7t15L._SS262_.jpg 262w, https:\/\/images-na.ssl-images-amazon.com\/images\/I\/51zcwb7t15L._SS600_.jpg 600w, https:\/\/images-na.ssl-images-amazon.com\/images\/I\/51zcwb7t15L._SS100_.jpg 100w\" sizes=\"auto, (max-width: 500px) 100vw, 500px\" \/><\/a>\r\n\t<\/dt>\r\n\t<dd class='wp-caption-text gallery-caption'>\r\n\t<div class='gallery-caption-inner'> <div class='wp-caption-text gallery-title'>\r\n\tBosch-Hochdruckreiniger-UniversalAquatak-135-1900-Watt-Druck-135-bar-max-Frdermenge-410-lh-im-Karton\r\n\t<\/div><div class='wp-caption-text gallery-zoom no-text'>\r\n\t\t<a href=https:\/\/werkzeuge-aller-art.com\/?attachment_id=13324 title='Click to view Full Image' class='icon mustang-gallery'><i class='fa fa-plus'><\/i><\/a>\r\n\t\t<\/div><div class='wp-caption-text gallery-redirect'>\r\n\t\t<a href=https:\/\/werkzeuge-aller-art.com\/?attachment_id=13324 title='Click to view read more' class='icon readmore'><i class='fa fa-link'><\/i><\/a>\r\n\t\t<\/div><\/div><\/dd><\/dl><dl class='gallery-item'>\r\n\t<dt class='gallery-icon landscape'>\r\n\t<a rel='gallery-nr'><img loading=\"lazy\" decoding=\"async\" width=\"500\" height=\"500\" src=\"https:\/\/images-na.ssl-images-amazon.com\/images\/I\/51dbn4K9IhL.jpg\" class=\"attachment-full size-full\" alt=\"\" srcset=\"https:\/\/images-na.ssl-images-amazon.com\/images\/I\/51dbn4K9IhL.jpg 500w, https:\/\/images-na.ssl-images-amazon.com\/images\/I\/51dbn4K9IhL._SS150_.jpg 150w, https:\/\/images-na.ssl-images-amazon.com\/images\/I\/51dbn4K9IhL._SS300_.jpg 300w, https:\/\/images-na.ssl-images-amazon.com\/images\/I\/51dbn4K9IhL._SS768_.jpg 768w, https:\/\/images-na.ssl-images-amazon.com\/images\/I\/51dbn4K9IhL._SS1024_.jpg 1024w, https:\/\/images-na.ssl-images-amazon.com\/images\/I\/51dbn4K9IhL._SS1536_.jpg 1536w, https:\/\/images-na.ssl-images-amazon.com\/images\/I\/51dbn4K9IhL._SS2048_.jpg 2048w, https:\/\/images-na.ssl-images-amazon.com\/images\/I\/51dbn4K9IhL._SS145_.jpg 145w, https:\/\/images-na.ssl-images-amazon.com\/images\/I\/51dbn4K9IhL._SS1400_.jpg 1400w, https:\/\/images-na.ssl-images-amazon.com\/images\/I\/51dbn4K9IhL._SS50_.jpg 50w, https:\/\/images-na.ssl-images-amazon.com\/images\/I\/51dbn4K9IhL._SS604_.jpg 604w, https:\/\/images-na.ssl-images-amazon.com\/images\/I\/51dbn4K9IhL._SS262_.jpg 262w, https:\/\/images-na.ssl-images-amazon.com\/images\/I\/51dbn4K9IhL._SS600_.jpg 600w, https:\/\/images-na.ssl-images-amazon.com\/images\/I\/51dbn4K9IhL._SS100_.jpg 100w\" sizes=\"auto, (max-width: 500px) 100vw, 500px\" \/><\/a>\r\n\t<\/dt>\r\n\t<dd class='wp-caption-text gallery-caption'>\r\n\t<div class='gallery-caption-inner'> <div class='wp-caption-text gallery-title'>\r\n\tBosch-Hochdruckreiniger-UniversalAquatak-135-1900-Watt-Druck-135-bar-max-Frdermenge-410-lh-im-Karton\r\n\t<\/div><div class='wp-caption-text gallery-zoom no-text'>\r\n\t\t<a href=https:\/\/werkzeuge-aller-art.com\/?attachment_id=13325 title='Click to view Full Image' class='icon mustang-gallery'><i class='fa fa-plus'><\/i><\/a>\r\n\t\t<\/div><div class='wp-caption-text gallery-redirect'>\r\n\t\t<a href=https:\/\/werkzeuge-aller-art.com\/?attachment_id=13325 title='Click to view read more' class='icon readmore'><i class='fa fa-link'><\/i><\/a>\r\n\t\t<\/div><\/div><\/dd><\/dl>\r\n<\/div>\n\n<div class=\"disclaim\"> Stil:<strong>Hochdruckreiniger<\/strong> <\/div>\n<p> <!-- show up to 2 reviews by default --> <\/p>\n<p>Der Hochdruckreiniger UniversalAquatak 135 kann jede Oberfl\u00e4che von noch so hartn\u00e4ckigem Schmutz befreien mit einem Druck von 13 bar. Die 3-in-1-D\u00fcse erm\u00f6glicht ein flexibles Arbeiten und reinigt effektiv. F\u00fcr m\u00fchelosen Transport gibt es einen ausziehbaren Griff und einen zweiten Tragegriff am Ger\u00e4t. <\/p>\n<p>Die Universal Werkzeuge von Bosch flexibel und leistungsstark mit intelligenten L\u00f6sungen f\u00fcr vielf\u00e4ltige Projekte<br \/>\nDer Hochdruckreiniger UniversalAquatak 135 f\u00fcr kraftvolles Reinigen mit einem Druck von 135 bar<br \/>\nMehr Reinigungsleistung dank 3-in-1-D\u00fcse: Sie vereint F\u00e4cherstrahl, Rotationsstrahl und Punktstrahl<br \/>\nHoher Komfort und kompakte Aufbewahrung durch ausziehbaren Griff und zweiten Tragegriff<br \/>\nLieferumfang: UniversalAquatak 135, Bosch Hochdruckpistole, 7 m Schlauch, 3-in-1-D\u00fcse, Hochdruck-Schaumd\u00fcse mit Beh\u00e4lter, transparenter Wasserfilter<br \/>\n<div class=\"main-cross-sell\" data-asin=\"B06XRDTQFP\">\n\n\t<div class=\"WooZone-cross-sell-loader\">\n\t\t<div>\n\t\t\t<div id=\"floatingBarsG\">\n\t\t\t\t<div class=\"blockG\" id=\"rotateG_01\"><\/div>\n\t\t\t\t<div class=\"blockG\" id=\"rotateG_02\"><\/div>\n\t\t\t\t<div class=\"blockG\" id=\"rotateG_03\"><\/div>\n\t\t\t\t<div class=\"blockG\" id=\"rotateG_04\"><\/div>\n\t\t\t\t<div class=\"blockG\" id=\"rotateG_05\"><\/div>\n\t\t\t\t<div class=\"blockG\" id=\"rotateG_06\"><\/div>\n\t\t\t\t<div class=\"blockG\" id=\"rotateG_07\"><\/div>\n\t\t\t\t<div class=\"blockG\" id=\"rotateG_08\"><\/div>\n\t\t\t<\/div>\n\t\t\t<div class=\"WooZone-cross-sell-loader-text\"><\/div>\n\t\t<\/div>\n\t<\/div>\n\n\t\t\n<\/div>\n<div style=\"clear:both;\"><\/div>\n","protected":false},"excerpt":{"rendered":"<p>Die Universal Werkzeuge von Bosch flexibel und leistungsstark mit intelligenten L\u00f6sungen f\u00fcr vielf\u00e4ltige Projekte<br \/>\nDer Hochdruckreiniger UniversalAquatak 135 f\u00fcr kraftvolles Reinigen mit einem Druck von 135 bar<br \/>\nMehr Reinigungsleistung dank 3-in-1-D\u00fcse: Sie vereint F\u00e4cherstrahl, Rotationsstrahl und Punktstrahl<\/p>\n","protected":false},"featured_media":13323,"comment_status":"open","ping_status":"closed","template":"","meta":[],"product_cat":[115,110],"product_tag":[],"class_list":{"0":"post-13322","1":"product","2":"type-product","3":"status-publish","4":"has-post-thumbnail","6":"product_cat-hochdruckreiniger","7":"product_cat-reinigen-und-sandstrahlen","8":"pa_brand-bosch-home-and-garden","11":"first","12":"instock","13":"shipping-taxable","14":"product-type-external"},"_links":{"self":[{"href":"https:\/\/werkzeuge-aller-art.com\/index.php?rest_route=\/wp\/v2\/product\/13322","targetHints":{"allow":["GET"]}}],"collection":[{"href":"https:\/\/werkzeuge-aller-art.com\/index.php?rest_route=\/wp\/v2\/product"}],"about":[{"href":"https:\/\/werkzeuge-aller-art.com\/index.php?rest_route=\/wp\/v2\/types\/product"}],"replies":[{"embeddable":true,"href":"https:\/\/werkzeuge-aller-art.com\/index.php?rest_route=%2Fwp%2Fv2%2Fcomments&post=13322"}],"wp:featuredmedia":[{"embeddable":true,"href":"https:\/\/werkzeuge-aller-art.com\/index.php?rest_route=\/wp\/v2\/media\/13323"}],"wp:attachment":[{"href":"https:\/\/werkzeuge-aller-art.com\/index.php?rest_route=%2Fwp%2Fv2%2Fmedia&parent=13322"}],"wp:term":[{"taxonomy":"product_cat","embeddable":true,"href":"https:\/\/werkzeuge-aller-art.com\/index.php?rest_route=%2Fwp%2Fv2%2Fproduct_cat&post=13322"},{"taxonomy":"product_tag","embeddable":true,"href":"https:\/\/werkzeuge-aller-art.com\/index.php?rest_route=%2Fwp%2Fv2%2Fproduct_tag&post=13322"}],"curies":[{"name":"wp","href":"https:\/\/api.w.org\/{rel}","templated":true}]}}