{"id":13310,"date":"2020-03-07T21:32:47","date_gmt":"2020-03-07T20:32:47","guid":{"rendered":"https:\/\/werkzeuge-aller-art.com\/?product=gardebruk-hochdruckreiniger-druck-105-bar-max-foerdermenge-300-l-h-7-tlg-6m-schlauch-5m-kabel-kabelhalter-1400-watt-flaechenreiniger-reinigungsmittelbehaelter"},"modified":"2023-04-10T06:16:23","modified_gmt":"2023-04-10T04:16:23","slug":"gardebruk-hochdruckreiniger-druck-105-bar-max-foerdermenge-300-l-h-7-tlg-6m-schlauch-5m-kabel-kabelhalter-1400-watt-flaechenreiniger-reinigungsmittelbehaelter","status":"publish","type":"product","link":"https:\/\/werkzeuge-aller-art.com\/?product=gardebruk-hochdruckreiniger-druck-105-bar-max-foerdermenge-300-l-h-7-tlg-6m-schlauch-5m-kabel-kabelhalter-1400-watt-flaechenreiniger-reinigungsmittelbehaelter","title":{"rendered":"Gardebruk Hochdruckreiniger RX105 1400 W 105bar 11tlg 300l\/h 6m Schlauch 5m Kabel Fl\u00e4chenreiniger Terrassenreiniger"},"content":{"rendered":"<div id='gallery-1' class='gallery galleryid-13310 gallery-columns-3 gallery-size-full'><dl class='gallery-item'>\r\n\t<dt class='gallery-icon landscape'>\r\n\t<a rel='gallery-nr'><img loading=\"lazy\" decoding=\"async\" width=\"500\" height=\"500\" src=\"https:\/\/images-na.ssl-images-amazon.com\/images\/I\/51uXjpdJeZL.jpg\" class=\"attachment-full size-full\" alt=\"\" srcset=\"https:\/\/images-na.ssl-images-amazon.com\/images\/I\/51uXjpdJeZL.jpg 500w, https:\/\/images-na.ssl-images-amazon.com\/images\/I\/51uXjpdJeZL._SS150_.jpg 150w, https:\/\/images-na.ssl-images-amazon.com\/images\/I\/51uXjpdJeZL._SS300_.jpg 300w, https:\/\/images-na.ssl-images-amazon.com\/images\/I\/51uXjpdJeZL._SS768_.jpg 768w, https:\/\/images-na.ssl-images-amazon.com\/images\/I\/51uXjpdJeZL._SS1024_.jpg 1024w, https:\/\/images-na.ssl-images-amazon.com\/images\/I\/51uXjpdJeZL._SS1536_.jpg 1536w, https:\/\/images-na.ssl-images-amazon.com\/images\/I\/51uXjpdJeZL._SS2048_.jpg 2048w, https:\/\/images-na.ssl-images-amazon.com\/images\/I\/51uXjpdJeZL._SS145_.jpg 145w, https:\/\/images-na.ssl-images-amazon.com\/images\/I\/51uXjpdJeZL._SS1400_.jpg 1400w, https:\/\/images-na.ssl-images-amazon.com\/images\/I\/51uXjpdJeZL._SS50_.jpg 50w, https:\/\/images-na.ssl-images-amazon.com\/images\/I\/51uXjpdJeZL._SS604_.jpg 604w, https:\/\/images-na.ssl-images-amazon.com\/images\/I\/51uXjpdJeZL._SS262_.jpg 262w, https:\/\/images-na.ssl-images-amazon.com\/images\/I\/51uXjpdJeZL._SS600_.jpg 600w, https:\/\/images-na.ssl-images-amazon.com\/images\/I\/51uXjpdJeZL._SS100_.jpg 100w\" sizes=\"auto, (max-width: 500px) 100vw, 500px\" \/><\/a>\r\n\t<\/dt>\r\n\t<dd class='wp-caption-text gallery-caption'>\r\n\t<div class='gallery-caption-inner'> <div class='wp-caption-text gallery-title'>\r\n\tGardebruk-Hochdruckreiniger-Druck-105-bar-max-Frdermenge-300-lh-7-tlg-6m-Schlauch-5m-Kabel-Kabelhalter-1400-Watt-Flchenreiniger-Reinigungsmittelbehlter\r\n\t<\/div><div class='wp-caption-text gallery-zoom no-text'>\r\n\t\t<a href=https:\/\/werkzeuge-aller-art.com\/?attachment_id=13311 title='Click to view Full Image' class='icon mustang-gallery'><i class='fa fa-plus'><\/i><\/a>\r\n\t\t<\/div><div class='wp-caption-text gallery-redirect'>\r\n\t\t<a href=https:\/\/werkzeuge-aller-art.com\/?attachment_id=13311 title='Click to view read more' class='icon readmore'><i class='fa fa-link'><\/i><\/a>\r\n\t\t<\/div><\/div><\/dd><\/dl><dl class='gallery-item'>\r\n\t<dt class='gallery-icon landscape'>\r\n\t<a rel='gallery-nr'><img loading=\"lazy\" decoding=\"async\" width=\"500\" height=\"500\" src=\"https:\/\/images-na.ssl-images-amazon.com\/images\/I\/51XzsTjYH8L.jpg\" class=\"attachment-full size-full\" alt=\"\" srcset=\"https:\/\/images-na.ssl-images-amazon.com\/images\/I\/51XzsTjYH8L.jpg 500w, https:\/\/images-na.ssl-images-amazon.com\/images\/I\/51XzsTjYH8L._SS150_.jpg 150w, https:\/\/images-na.ssl-images-amazon.com\/images\/I\/51XzsTjYH8L._SS300_.jpg 300w, https:\/\/images-na.ssl-images-amazon.com\/images\/I\/51XzsTjYH8L._SS768_.jpg 768w, https:\/\/images-na.ssl-images-amazon.com\/images\/I\/51XzsTjYH8L._SS1024_.jpg 1024w, https:\/\/images-na.ssl-images-amazon.com\/images\/I\/51XzsTjYH8L._SS1536_.jpg 1536w, https:\/\/images-na.ssl-images-amazon.com\/images\/I\/51XzsTjYH8L._SS2048_.jpg 2048w, https:\/\/images-na.ssl-images-amazon.com\/images\/I\/51XzsTjYH8L._SS145_.jpg 145w, https:\/\/images-na.ssl-images-amazon.com\/images\/I\/51XzsTjYH8L._SS1400_.jpg 1400w, https:\/\/images-na.ssl-images-amazon.com\/images\/I\/51XzsTjYH8L._SS50_.jpg 50w, https:\/\/images-na.ssl-images-amazon.com\/images\/I\/51XzsTjYH8L._SS604_.jpg 604w, https:\/\/images-na.ssl-images-amazon.com\/images\/I\/51XzsTjYH8L._SS262_.jpg 262w, https:\/\/images-na.ssl-images-amazon.com\/images\/I\/51XzsTjYH8L._SS600_.jpg 600w, https:\/\/images-na.ssl-images-amazon.com\/images\/I\/51XzsTjYH8L._SS100_.jpg 100w\" sizes=\"auto, (max-width: 500px) 100vw, 500px\" \/><\/a>\r\n\t<\/dt>\r\n\t<dd class='wp-caption-text gallery-caption'>\r\n\t<div class='gallery-caption-inner'> <div class='wp-caption-text gallery-title'>\r\n\tGardebruk-Hochdruckreiniger-Druck-105-bar-max-Frdermenge-300-lh-7-tlg-6m-Schlauch-5m-Kabel-Kabelhalter-1400-Watt-Flchenreiniger-Reinigungsmittelbehlter\r\n\t<\/div><div class='wp-caption-text gallery-zoom no-text'>\r\n\t\t<a href=https:\/\/werkzeuge-aller-art.com\/?attachment_id=13312 title='Click to view Full Image' class='icon mustang-gallery'><i class='fa fa-plus'><\/i><\/a>\r\n\t\t<\/div><div class='wp-caption-text gallery-redirect'>\r\n\t\t<a href=https:\/\/werkzeuge-aller-art.com\/?attachment_id=13312 title='Click to view read more' class='icon readmore'><i class='fa fa-link'><\/i><\/a>\r\n\t\t<\/div><\/div><\/dd><\/dl><dl class='gallery-item'>\r\n\t<dt class='gallery-icon landscape'>\r\n\t<a rel='gallery-nr'><img loading=\"lazy\" decoding=\"async\" width=\"500\" height=\"500\" src=\"https:\/\/images-na.ssl-images-amazon.com\/images\/I\/41RqB%2BGeP9L.jpg\" class=\"attachment-full size-full\" alt=\"\" srcset=\"https:\/\/images-na.ssl-images-amazon.com\/images\/I\/41RqB%2BGeP9L.jpg 500w, https:\/\/images-na.ssl-images-amazon.com\/images\/I\/41RqB%2BGeP9L._SS150_.jpg 150w, https:\/\/images-na.ssl-images-amazon.com\/images\/I\/41RqB%2BGeP9L._SS300_.jpg 300w, https:\/\/images-na.ssl-images-amazon.com\/images\/I\/41RqB%2BGeP9L._SS768_.jpg 768w, https:\/\/images-na.ssl-images-amazon.com\/images\/I\/41RqB%2BGeP9L._SS1024_.jpg 1024w, https:\/\/images-na.ssl-images-amazon.com\/images\/I\/41RqB%2BGeP9L._SS1536_.jpg 1536w, https:\/\/images-na.ssl-images-amazon.com\/images\/I\/41RqB%2BGeP9L._SS2048_.jpg 2048w, https:\/\/images-na.ssl-images-amazon.com\/images\/I\/41RqB%2BGeP9L._SS145_.jpg 145w, https:\/\/images-na.ssl-images-amazon.com\/images\/I\/41RqB%2BGeP9L._SS1400_.jpg 1400w, https:\/\/images-na.ssl-images-amazon.com\/images\/I\/41RqB%2BGeP9L._SS50_.jpg 50w, https:\/\/images-na.ssl-images-amazon.com\/images\/I\/41RqB%2BGeP9L._SS604_.jpg 604w, https:\/\/images-na.ssl-images-amazon.com\/images\/I\/41RqB%2BGeP9L._SS262_.jpg 262w, https:\/\/images-na.ssl-images-amazon.com\/images\/I\/41RqB%2BGeP9L._SS600_.jpg 600w, https:\/\/images-na.ssl-images-amazon.com\/images\/I\/41RqB%2BGeP9L._SS100_.jpg 100w\" sizes=\"auto, (max-width: 500px) 100vw, 500px\" \/><\/a>\r\n\t<\/dt>\r\n\t<dd class='wp-caption-text gallery-caption'>\r\n\t<div class='gallery-caption-inner'> <div class='wp-caption-text gallery-title'>\r\n\tGardebruk-Hochdruckreiniger-Druck-105-bar-max-Frdermenge-300-lh-7-tlg-6m-Schlauch-5m-Kabel-Kabelhalter-1400-Watt-Flchenreiniger-Reinigungsmittelbehlter\r\n\t<\/div><div class='wp-caption-text gallery-zoom no-text'>\r\n\t\t<a href=https:\/\/werkzeuge-aller-art.com\/?attachment_id=13313 title='Click to view Full Image' class='icon mustang-gallery'><i class='fa fa-plus'><\/i><\/a>\r\n\t\t<\/div><div class='wp-caption-text gallery-redirect'>\r\n\t\t<a href=https:\/\/werkzeuge-aller-art.com\/?attachment_id=13313 title='Click to view read more' class='icon readmore'><i class='fa fa-link'><\/i><\/a>\r\n\t\t<\/div><\/div><\/dd><\/dl>\r\n<\/div>\n<br \/>\n\u3010 Kraftvoll im Einsatz: \u3011 Kraftvolle Reinigung mit unserem Hochdruckreiniger der Marke Gardebruk. Eine effiziente Reinigung erlaubt der starke Druck von 105 bar und einer F\u00f6rdermenge von 300 L\/H. Dadurch wird Ihr Fahrzeug, Terrasse, Steinmauer, Pool, usw. wieder richtig Sauber.<br \/>\n\u3010 Praktische Flexibilit\u00e4t: \u3011 Verschiedene D\u00fcsen und Aufs\u00e4tze f\u00fcr die perfekte Reinigung. Zu jedem Anwendungsbereich schnell den passenden Aufsatz oder D\u00fcse direkt einsatzbereit und Griffbereit haben. Dies gelingt durch eine einfache Drehung oder ein Klicksystem an dem F\u00e4cherstrahler, der Rotationsd\u00fcse oder dem Point-Strahler. Durch manuelles einstellen an der Lanze k\u00f6nnen sie zwischen Hoch- und Niederdruckbetrieb variieren.<br \/>\n\u3010 Sparen und Sicherheit:\u3011 Wird der Abzugshebel an der Hochdruckpistole nicht bet\u00e4tigt, schaltet sich die Aluminiumpumpe automatisch ab. Demzufolge wird Energie und Wasser eingespart und die Lebensdauer der Pumpe verl\u00e4ngert. Das schwere Eigengewicht sorgt f\u00fcr eine gute Standfestigkeit und Stabilit\u00e4t.<br \/>\n\u3010 Transport und Verstaum\u00f6glichkeit: \u3011 Die gro\u00dfen R\u00e4der und die Verstaum\u00f6glichkeiten an dem Hochdruckreiniger machen den transport ganz einfach. Der 6 Meter Hochdruckschlauch und das 5 Meter Netzkabel bieten einen gro\u00dfen Aktionsradius zur Reinigung.<br \/>\n\u3010 Lieferumfang: \u3011 Hochdruckreiniger \/\/ 6m Hochdruckreiniger \/\/ 5m Netztkabel \/\/ Spr\u00fchpistole \/\/ Verl\u00e4ngerungslanze \/\/ Reinigungsmittelbeh\u00e4lter \/\/ Fl\u00e4chenreiniger \/\/ Schlauchkupplung \/\/ Bedienungsanleitung<br \/>\n<div class=\"main-cross-sell\" data-asin=\"B07PJRDMQ4\">\n\n\t<div class=\"WooZone-cross-sell-loader\">\n\t\t<div>\n\t\t\t<div id=\"floatingBarsG\">\n\t\t\t\t<div class=\"blockG\" id=\"rotateG_01\"><\/div>\n\t\t\t\t<div class=\"blockG\" id=\"rotateG_02\"><\/div>\n\t\t\t\t<div class=\"blockG\" id=\"rotateG_03\"><\/div>\n\t\t\t\t<div class=\"blockG\" id=\"rotateG_04\"><\/div>\n\t\t\t\t<div class=\"blockG\" id=\"rotateG_05\"><\/div>\n\t\t\t\t<div class=\"blockG\" id=\"rotateG_06\"><\/div>\n\t\t\t\t<div class=\"blockG\" id=\"rotateG_07\"><\/div>\n\t\t\t\t<div class=\"blockG\" id=\"rotateG_08\"><\/div>\n\t\t\t<\/div>\n\t\t\t<div class=\"WooZone-cross-sell-loader-text\"><\/div>\n\t\t<\/div>\n\t<\/div>\n\n\t\t\n<\/div>\n<div style=\"clear:both;\"><\/div>\n","protected":false},"excerpt":{"rendered":"<p>\u3010 Kraftvoll im Einsatz: \u3011 Kraftvolle Reinigung mit unserem Hochdruckreiniger der Marke Gardebruk. Eine effiziente Reinigung erlaubt der starke Druck von 105 bar und einer F\u00f6rdermenge von 300 L\/H. Dadurch wird Ihr Fahrzeug, Terrasse, Steinmauer, Pool, usw. wieder richtig Sauber.<br \/>\n\u3010 Praktische Flexibilit\u00e4t: \u3011 Verschiedene D\u00fcsen und Aufs\u00e4tze f\u00fcr die perfekte Reinigung. Zu jedem Anwendungsbereich schnell den passenden Aufsatz oder D\u00fcse direkt einsatzbereit und Griffbereit haben. Dies gelingt durch eine einfache Drehung oder ein Klicksystem an dem F\u00e4cherstrahler, der Rotationsd\u00fcse oder dem Point-Strahler. Durch manuelles einstellen an der Lanze k\u00f6nnen sie zwischen Hoch- und Niederdruckbetrieb variieren.<br \/>\n\u3010 Sparen und Sicherheit:\u3011 Wird der Abzugshebel an der Hochdruckpistole nicht bet\u00e4tigt, schaltet sich die Aluminiumpumpe automatisch ab. Demzufolge wird Energie und Wasser eingespart und die Lebensdauer der Pumpe verl\u00e4ngert. Das schwere Eigengewicht sorgt f\u00fcr eine gute Standfestigkeit und Stabilit\u00e4t.<\/p>\n","protected":false},"featured_media":13311,"comment_status":"open","ping_status":"closed","template":"","meta":[],"product_cat":[115,110],"product_tag":[],"class_list":{"0":"post-13310","1":"product","2":"type-product","3":"status-publish","4":"has-post-thumbnail","6":"product_cat-hochdruckreiniger","7":"product_cat-reinigen-und-sandstrahlen","8":"pa_brand-gardebruk","11":"first","12":"instock","13":"shipping-taxable","14":"product-type-external"},"_links":{"self":[{"href":"https:\/\/werkzeuge-aller-art.com\/index.php?rest_route=\/wp\/v2\/product\/13310","targetHints":{"allow":["GET"]}}],"collection":[{"href":"https:\/\/werkzeuge-aller-art.com\/index.php?rest_route=\/wp\/v2\/product"}],"about":[{"href":"https:\/\/werkzeuge-aller-art.com\/index.php?rest_route=\/wp\/v2\/types\/product"}],"replies":[{"embeddable":true,"href":"https:\/\/werkzeuge-aller-art.com\/index.php?rest_route=%2Fwp%2Fv2%2Fcomments&post=13310"}],"wp:featuredmedia":[{"embeddable":true,"href":"https:\/\/werkzeuge-aller-art.com\/index.php?rest_route=\/wp\/v2\/media\/13311"}],"wp:attachment":[{"href":"https:\/\/werkzeuge-aller-art.com\/index.php?rest_route=%2Fwp%2Fv2%2Fmedia&parent=13310"}],"wp:term":[{"taxonomy":"product_cat","embeddable":true,"href":"https:\/\/werkzeuge-aller-art.com\/index.php?rest_route=%2Fwp%2Fv2%2Fproduct_cat&post=13310"},{"taxonomy":"product_tag","embeddable":true,"href":"https:\/\/werkzeuge-aller-art.com\/index.php?rest_route=%2Fwp%2Fv2%2Fproduct_tag&post=13310"}],"curies":[{"name":"wp","href":"https:\/\/api.w.org\/{rel}","templated":true}]}}