{"id":13306,"date":"2020-03-07T21:32:44","date_gmt":"2020-03-07T20:32:44","guid":{"rendered":"https:\/\/werkzeuge-aller-art.com\/?product=yardforce-ew-u13-hochdruckreiniger-1800w-leistungsstarker-elektro-druckreiniger-im-kompakten-box-design-ideal-fuer-terrasse-auto-oder-steinboeden"},"modified":"2023-04-10T06:16:22","modified_gmt":"2023-04-10T04:16:22","slug":"yardforce-ew-u13-hochdruckreiniger-1800w-leistungsstarker-elektro-druckreiniger-im-kompakten-box-design-ideal-fuer-terrasse-auto-oder-steinboeden","status":"publish","type":"product","link":"https:\/\/werkzeuge-aller-art.com\/?product=yardforce-ew-u13-hochdruckreiniger-1800w-leistungsstarker-elektro-druckreiniger-im-kompakten-box-design-ideal-fuer-terrasse-auto-oder-steinboeden","title":{"rendered":"YARD FORCE EW U13 Hochdruckreiniger, 1800W, Max. 135 Bar, 360 L\/H \u2013 Leistungsstarker Elektro-Druckreiniger im Kompakten\u2026"},"content":{"rendered":"<div id='gallery-1' class='gallery galleryid-13306 gallery-columns-3 gallery-size-full'><dl class='gallery-item'>\r\n\t<dt class='gallery-icon landscape'>\r\n\t<a rel='gallery-nr'><img loading=\"lazy\" decoding=\"async\" width=\"500\" height=\"500\" src=\"https:\/\/images-na.ssl-images-amazon.com\/images\/I\/41sZKWDBdkL.jpg\" class=\"attachment-full size-full\" alt=\"\" srcset=\"https:\/\/images-na.ssl-images-amazon.com\/images\/I\/41sZKWDBdkL.jpg 500w, https:\/\/images-na.ssl-images-amazon.com\/images\/I\/41sZKWDBdkL._SS150_.jpg 150w, https:\/\/images-na.ssl-images-amazon.com\/images\/I\/41sZKWDBdkL._SS300_.jpg 300w, https:\/\/images-na.ssl-images-amazon.com\/images\/I\/41sZKWDBdkL._SS768_.jpg 768w, https:\/\/images-na.ssl-images-amazon.com\/images\/I\/41sZKWDBdkL._SS1024_.jpg 1024w, https:\/\/images-na.ssl-images-amazon.com\/images\/I\/41sZKWDBdkL._SS1536_.jpg 1536w, https:\/\/images-na.ssl-images-amazon.com\/images\/I\/41sZKWDBdkL._SS2048_.jpg 2048w, https:\/\/images-na.ssl-images-amazon.com\/images\/I\/41sZKWDBdkL._SS145_.jpg 145w, https:\/\/images-na.ssl-images-amazon.com\/images\/I\/41sZKWDBdkL._SS1400_.jpg 1400w, https:\/\/images-na.ssl-images-amazon.com\/images\/I\/41sZKWDBdkL._SS50_.jpg 50w, https:\/\/images-na.ssl-images-amazon.com\/images\/I\/41sZKWDBdkL._SS604_.jpg 604w, https:\/\/images-na.ssl-images-amazon.com\/images\/I\/41sZKWDBdkL._SS262_.jpg 262w, https:\/\/images-na.ssl-images-amazon.com\/images\/I\/41sZKWDBdkL._SS600_.jpg 600w, https:\/\/images-na.ssl-images-amazon.com\/images\/I\/41sZKWDBdkL._SS100_.jpg 100w\" sizes=\"auto, (max-width: 500px) 100vw, 500px\" \/><\/a>\r\n\t<\/dt>\r\n\t<dd class='wp-caption-text gallery-caption'>\r\n\t<div class='gallery-caption-inner'> <div class='wp-caption-text gallery-title'>\r\n\tYardForce-EW-U13-Hochdruckreiniger-1800W&#8211;Leistungsstarker-Elektro-Druckreiniger-im-kompakten-Box-Design&#8211;Ideal-fr-Terrasse-Auto-oder-Steinbden\r\n\t<\/div><div class='wp-caption-text gallery-zoom no-text'>\r\n\t\t<a href=https:\/\/werkzeuge-aller-art.com\/?attachment_id=13307 title='Click to view Full Image' class='icon mustang-gallery'><i class='fa fa-plus'><\/i><\/a>\r\n\t\t<\/div><div class='wp-caption-text gallery-redirect'>\r\n\t\t<a href=https:\/\/werkzeuge-aller-art.com\/?attachment_id=13307 title='Click to view read more' class='icon readmore'><i class='fa fa-link'><\/i><\/a>\r\n\t\t<\/div><\/div><\/dd><\/dl><dl class='gallery-item'>\r\n\t<dt class='gallery-icon landscape'>\r\n\t<a rel='gallery-nr'><img loading=\"lazy\" decoding=\"async\" width=\"500\" height=\"500\" src=\"https:\/\/images-na.ssl-images-amazon.com\/images\/I\/31Z-NGuhJmL.jpg\" class=\"attachment-full size-full\" alt=\"\" srcset=\"https:\/\/images-na.ssl-images-amazon.com\/images\/I\/31Z-NGuhJmL.jpg 500w, https:\/\/images-na.ssl-images-amazon.com\/images\/I\/31Z-NGuhJmL._SS150_.jpg 150w, https:\/\/images-na.ssl-images-amazon.com\/images\/I\/31Z-NGuhJmL._SS300_.jpg 300w, https:\/\/images-na.ssl-images-amazon.com\/images\/I\/31Z-NGuhJmL._SS768_.jpg 768w, https:\/\/images-na.ssl-images-amazon.com\/images\/I\/31Z-NGuhJmL._SS1024_.jpg 1024w, https:\/\/images-na.ssl-images-amazon.com\/images\/I\/31Z-NGuhJmL._SS1536_.jpg 1536w, https:\/\/images-na.ssl-images-amazon.com\/images\/I\/31Z-NGuhJmL._SS2048_.jpg 2048w, https:\/\/images-na.ssl-images-amazon.com\/images\/I\/31Z-NGuhJmL._SS145_.jpg 145w, https:\/\/images-na.ssl-images-amazon.com\/images\/I\/31Z-NGuhJmL._SS1400_.jpg 1400w, https:\/\/images-na.ssl-images-amazon.com\/images\/I\/31Z-NGuhJmL._SS50_.jpg 50w, https:\/\/images-na.ssl-images-amazon.com\/images\/I\/31Z-NGuhJmL._SS604_.jpg 604w, https:\/\/images-na.ssl-images-amazon.com\/images\/I\/31Z-NGuhJmL._SS262_.jpg 262w, https:\/\/images-na.ssl-images-amazon.com\/images\/I\/31Z-NGuhJmL._SS600_.jpg 600w, https:\/\/images-na.ssl-images-amazon.com\/images\/I\/31Z-NGuhJmL._SS100_.jpg 100w\" sizes=\"auto, (max-width: 500px) 100vw, 500px\" \/><\/a>\r\n\t<\/dt>\r\n\t<dd class='wp-caption-text gallery-caption'>\r\n\t<div class='gallery-caption-inner'> <div class='wp-caption-text gallery-title'>\r\n\tYardForce-EW-U13-Hochdruckreiniger-1800W&#8211;Leistungsstarker-Elektro-Druckreiniger-im-kompakten-Box-Design&#8211;Ideal-fr-Terrasse-Auto-oder-Steinbden\r\n\t<\/div><div class='wp-caption-text gallery-zoom no-text'>\r\n\t\t<a href=https:\/\/werkzeuge-aller-art.com\/?attachment_id=13308 title='Click to view Full Image' class='icon mustang-gallery'><i class='fa fa-plus'><\/i><\/a>\r\n\t\t<\/div><div class='wp-caption-text gallery-redirect'>\r\n\t\t<a href=https:\/\/werkzeuge-aller-art.com\/?attachment_id=13308 title='Click to view read more' class='icon readmore'><i class='fa fa-link'><\/i><\/a>\r\n\t\t<\/div><\/div><\/dd><\/dl><dl class='gallery-item'>\r\n\t<dt class='gallery-icon landscape'>\r\n\t<a rel='gallery-nr'><img loading=\"lazy\" decoding=\"async\" width=\"500\" height=\"500\" src=\"https:\/\/images-na.ssl-images-amazon.com\/images\/I\/41P4ywAqQtL.jpg\" class=\"attachment-full size-full\" alt=\"\" srcset=\"https:\/\/images-na.ssl-images-amazon.com\/images\/I\/41P4ywAqQtL.jpg 500w, https:\/\/images-na.ssl-images-amazon.com\/images\/I\/41P4ywAqQtL._SS150_.jpg 150w, https:\/\/images-na.ssl-images-amazon.com\/images\/I\/41P4ywAqQtL._SS300_.jpg 300w, https:\/\/images-na.ssl-images-amazon.com\/images\/I\/41P4ywAqQtL._SS768_.jpg 768w, https:\/\/images-na.ssl-images-amazon.com\/images\/I\/41P4ywAqQtL._SS1024_.jpg 1024w, https:\/\/images-na.ssl-images-amazon.com\/images\/I\/41P4ywAqQtL._SS1536_.jpg 1536w, https:\/\/images-na.ssl-images-amazon.com\/images\/I\/41P4ywAqQtL._SS2048_.jpg 2048w, https:\/\/images-na.ssl-images-amazon.com\/images\/I\/41P4ywAqQtL._SS145_.jpg 145w, https:\/\/images-na.ssl-images-amazon.com\/images\/I\/41P4ywAqQtL._SS1400_.jpg 1400w, https:\/\/images-na.ssl-images-amazon.com\/images\/I\/41P4ywAqQtL._SS50_.jpg 50w, https:\/\/images-na.ssl-images-amazon.com\/images\/I\/41P4ywAqQtL._SS604_.jpg 604w, https:\/\/images-na.ssl-images-amazon.com\/images\/I\/41P4ywAqQtL._SS262_.jpg 262w, https:\/\/images-na.ssl-images-amazon.com\/images\/I\/41P4ywAqQtL._SS600_.jpg 600w, https:\/\/images-na.ssl-images-amazon.com\/images\/I\/41P4ywAqQtL._SS100_.jpg 100w\" sizes=\"auto, (max-width: 500px) 100vw, 500px\" \/><\/a>\r\n\t<\/dt>\r\n\t<dd class='wp-caption-text gallery-caption'>\r\n\t<div class='gallery-caption-inner'> <div class='wp-caption-text gallery-title'>\r\n\tYardForce-EW-U13-Hochdruckreiniger-1800W&#8211;Leistungsstarker-Elektro-Druckreiniger-im-kompakten-Box-Design&#8211;Ideal-fr-Terrasse-Auto-oder-Steinbden\r\n\t<\/div><div class='wp-caption-text gallery-zoom no-text'>\r\n\t\t<a href=https:\/\/werkzeuge-aller-art.com\/?attachment_id=13309 title='Click to view Full Image' class='icon mustang-gallery'><i class='fa fa-plus'><\/i><\/a>\r\n\t\t<\/div><div class='wp-caption-text gallery-redirect'>\r\n\t\t<a href=https:\/\/werkzeuge-aller-art.com\/?attachment_id=13309 title='Click to view read more' class='icon readmore'><i class='fa fa-link'><\/i><\/a>\r\n\t\t<\/div><\/div><\/dd><\/dl>\r\n<\/div>\n<br \/>\n<!-- show up to 2 reviews by default --> <\/p>\n<h3>YardForce EW U13 Hochdruckreiniger, Schwarz\/Orange<\/h3>\n<p>Der YardForce Hochdruckreiniger kombiniert ein kompaktes, platzsparendes Box-Design mit einem leistungsstarken 1800W Motor &amp; ist damit die<br \/>ideale Wahl f\u00fcr verschiedenste Reinigungsarbeiten im Haushalt &amp; im Garten. Mit einem kraftvollen Arbeitsdruck von 135 bar &amp; einem maximalen<br \/>Wasserfluss von 360 L\/h entfernt er auch hartn\u00e4ckigen Schmutz &amp; sorgt zuverl\u00e4ssig f\u00fcr eine saubere Terrasse oder ein gl\u00e4nzendes Auto. Dabei bietet<br \/>er durch seine praktische Form, den faltbaren Griff &amp; die R\u00e4der einen einfachen Transport &amp; eine platzsparende Lagerung. Dank dem integrierten<br \/>Total-Stop-System (TSS) wird der Motor bei bet\u00e4tigen der Handpistole automatisch an- &amp; abgeschaltet, um sowohl den Motor zu schonen &amp; seine<br \/>Lebenszeit zu verl\u00e4ngern, als auch Energie zu sparen. In den integrierten Lagerf\u00e4chern k\u00f6nnen der Schlauch, das Kabel &amp; weiteres Zuberh\u00f6r platz-<br \/>sparend &amp; sicher verstaut werden &amp; sind jederzeit zur Hand.<\/p>\n<p><strong>Technische Details<\/strong><\/p>\n<ul>\n<li>Max. Leistung: 1800W<\/li>\n<li>Max. Druck: 135 bar<\/li>\n<li>Max. Wasserfluss: 360L\/h<\/li>\n<li>Eingangs-\/ Ausgangstemperatur: 40\u00b0C<\/li>\n<li>Abmessungen: 29 x 30 x 40 cm<\/li>\n<li>Gewicht: 8,5 kg<\/li>\n<\/ul>\n<p><strong>YardForce<\/strong><\/p>\n<p>YardForce ist einer der weltweit f\u00fchrenden Anbieter von elektrischen, benzin- und akkubetriebenen Gartenger\u00e4ten. Die stetige Forschung &amp; Weiter-<br \/>entwicklung der Produkte werden durch den Einsatz erfahrener Ingenieure und Fachkr\u00e4fte bestimmt. Das umfangreiche &amp; innovative Produkt-<br \/>sortiment ist sowohl bei Freizeitg\u00e4rtnern als auch professionellen Unternehmen im Einsatz.<\/p>\n<\/p>\n<p>Mit seinem kompakten Design &amp; einem Druck von 135 bar ist der Hochdruckreiniger ein leistungsstarker Begleiter f\u00fcr Reinigungen in Garten &amp; Haushalt \/ Einfacher Transport dank eingebauter R\u00e4der<br \/>\nWirkungsvolle Reinigung: Der kraftvolle 1800W Motor sorgt f\u00fcr einen Wasserfluss von bis zu 360L\/h &amp; damit f\u00fcr einen druckvollen Wasserstrahl, der auch hartn\u00e4ckigem Schmutz keine Chance l\u00e4sst<br \/>\nDas praktische Total-Stop-System (TSS) schaltet den Motor des Reinigers automatisch an &amp; aus wenn die Handpistole bet\u00e4tigt wird &#8211; so wird der Motor geschont &amp; seine Lebensdauer verl\u00e4ngert<br \/>\nKompaktes Design: Dank den integrierten Aufbewahrungsf\u00e4chern sind Schlauch, Kabel &amp; Zubeh\u00f6r schnell &amp; platzsparend verstaut &amp; beim n\u00e4chsten Gebrauch sofort zur Hand<br \/>\nLieferumfang: 1 x Hochdruckreiniger, 1 x Spr\u00fchpistole, 1 x Lanze, 1 x D\u00fcse, 1 x Verbindungsst\u00fcck f\u00fcr Wasseranschluss, 6m Hochdruckschlauch, 5m Kabel \/ Vielseitiger Druckreiniger mit Putzmitteltank<br \/>\n<div class=\"main-cross-sell\" data-asin=\"B079TRM1T3\">\n\n\t<div class=\"WooZone-cross-sell-loader\">\n\t\t<div>\n\t\t\t<div id=\"floatingBarsG\">\n\t\t\t\t<div class=\"blockG\" id=\"rotateG_01\"><\/div>\n\t\t\t\t<div class=\"blockG\" id=\"rotateG_02\"><\/div>\n\t\t\t\t<div class=\"blockG\" id=\"rotateG_03\"><\/div>\n\t\t\t\t<div class=\"blockG\" id=\"rotateG_04\"><\/div>\n\t\t\t\t<div class=\"blockG\" id=\"rotateG_05\"><\/div>\n\t\t\t\t<div class=\"blockG\" id=\"rotateG_06\"><\/div>\n\t\t\t\t<div class=\"blockG\" id=\"rotateG_07\"><\/div>\n\t\t\t\t<div class=\"blockG\" id=\"rotateG_08\"><\/div>\n\t\t\t<\/div>\n\t\t\t<div class=\"WooZone-cross-sell-loader-text\"><\/div>\n\t\t<\/div>\n\t<\/div>\n\n\t\t\n<\/div>\n<div style=\"clear:both;\"><\/div>\n","protected":false},"excerpt":{"rendered":"<p>Mit seinem kompakten Design &amp; einem Druck von 135 bar ist der Hochdruckreiniger ein leistungsstarker Begleiter f\u00fcr Reinigungen in Garten &amp; Haushalt \/ Einfacher Transport dank eingebauter R\u00e4der<br \/>\nWirkungsvolle Reinigung: Der kraftvolle 1800W Motor sorgt f\u00fcr einen Wasserfluss von bis zu 360L\/h &amp; damit f\u00fcr einen druckvollen Wasserstrahl, der auch hartn\u00e4ckigem Schmutz keine Chance l\u00e4sst<br \/>\nDas praktische Total-Stop-System (TSS) schaltet den Motor des Reinigers automatisch an &amp; aus wenn die Handpistole bet\u00e4tigt wird &#8211; so wird der Motor geschont &amp; seine Lebensdauer verl\u00e4ngert<\/p>\n","protected":false},"featured_media":13307,"comment_status":"open","ping_status":"closed","template":"","meta":[],"product_cat":[115,110],"product_tag":[],"class_list":{"0":"post-13306","1":"product","2":"type-product","3":"status-publish","4":"has-post-thumbnail","6":"product_cat-hochdruckreiniger","7":"product_cat-reinigen-und-sandstrahlen","8":"pa_brand-yard-force","11":"first","12":"instock","13":"shipping-taxable","14":"product-type-external"},"_links":{"self":[{"href":"https:\/\/werkzeuge-aller-art.com\/index.php?rest_route=\/wp\/v2\/product\/13306","targetHints":{"allow":["GET"]}}],"collection":[{"href":"https:\/\/werkzeuge-aller-art.com\/index.php?rest_route=\/wp\/v2\/product"}],"about":[{"href":"https:\/\/werkzeuge-aller-art.com\/index.php?rest_route=\/wp\/v2\/types\/product"}],"replies":[{"embeddable":true,"href":"https:\/\/werkzeuge-aller-art.com\/index.php?rest_route=%2Fwp%2Fv2%2Fcomments&post=13306"}],"wp:featuredmedia":[{"embeddable":true,"href":"https:\/\/werkzeuge-aller-art.com\/index.php?rest_route=\/wp\/v2\/media\/13307"}],"wp:attachment":[{"href":"https:\/\/werkzeuge-aller-art.com\/index.php?rest_route=%2Fwp%2Fv2%2Fmedia&parent=13306"}],"wp:term":[{"taxonomy":"product_cat","embeddable":true,"href":"https:\/\/werkzeuge-aller-art.com\/index.php?rest_route=%2Fwp%2Fv2%2Fproduct_cat&post=13306"},{"taxonomy":"product_tag","embeddable":true,"href":"https:\/\/werkzeuge-aller-art.com\/index.php?rest_route=%2Fwp%2Fv2%2Fproduct_tag&post=13306"}],"curies":[{"name":"wp","href":"https:\/\/api.w.org\/{rel}","templated":true}]}}