{"id":13298,"date":"2020-03-07T21:32:40","date_gmt":"2020-03-07T20:32:40","guid":{"rendered":"https:\/\/werkzeuge-aller-art.com\/?product=benzin-hochdruckreiniger-mit-schlauchtrommel-max-220-bar-3200-psi-7-ps-motor-mit-210-ccm-reinigungsmaschine-mit-5-duesen"},"modified":"2023-04-10T06:16:22","modified_gmt":"2023-04-10T04:16:22","slug":"benzin-hochdruckreiniger-mit-schlauchtrommel-max-220-bar-3200-psi-7-ps-motor-mit-210-ccm-reinigungsmaschine-mit-5-duesen","status":"publish","type":"product","link":"https:\/\/werkzeuge-aller-art.com\/?product=benzin-hochdruckreiniger-mit-schlauchtrommel-max-220-bar-3200-psi-7-ps-motor-mit-210-ccm-reinigungsmaschine-mit-5-duesen","title":{"rendered":"Benzin Hochdruckreiniger mit Schlauchtrommel | max. 220 bar &#8211; 3200 PSI | 7 PS Motor mit 210 CCM | Reinigungsmaschine mit\u2026"},"content":{"rendered":"<div id='gallery-1' class='gallery galleryid-13298 gallery-columns-3 gallery-size-full'><dl class='gallery-item'>\r\n\t<dt class='gallery-icon landscape'>\r\n\t<a rel='gallery-nr'><img loading=\"lazy\" decoding=\"async\" width=\"500\" height=\"500\" src=\"https:\/\/images-na.ssl-images-amazon.com\/images\/I\/4146QOWGvNL.jpg\" class=\"attachment-full size-full\" alt=\"\" srcset=\"https:\/\/images-na.ssl-images-amazon.com\/images\/I\/4146QOWGvNL.jpg 500w, https:\/\/images-na.ssl-images-amazon.com\/images\/I\/4146QOWGvNL._SS150_.jpg 150w, https:\/\/images-na.ssl-images-amazon.com\/images\/I\/4146QOWGvNL._SS300_.jpg 300w, https:\/\/images-na.ssl-images-amazon.com\/images\/I\/4146QOWGvNL._SS768_.jpg 768w, https:\/\/images-na.ssl-images-amazon.com\/images\/I\/4146QOWGvNL._SS1024_.jpg 1024w, https:\/\/images-na.ssl-images-amazon.com\/images\/I\/4146QOWGvNL._SS1536_.jpg 1536w, https:\/\/images-na.ssl-images-amazon.com\/images\/I\/4146QOWGvNL._SS2048_.jpg 2048w, https:\/\/images-na.ssl-images-amazon.com\/images\/I\/4146QOWGvNL._SS145_.jpg 145w, https:\/\/images-na.ssl-images-amazon.com\/images\/I\/4146QOWGvNL._SS1400_.jpg 1400w, https:\/\/images-na.ssl-images-amazon.com\/images\/I\/4146QOWGvNL._SS50_.jpg 50w, https:\/\/images-na.ssl-images-amazon.com\/images\/I\/4146QOWGvNL._SS604_.jpg 604w, https:\/\/images-na.ssl-images-amazon.com\/images\/I\/4146QOWGvNL._SS262_.jpg 262w, https:\/\/images-na.ssl-images-amazon.com\/images\/I\/4146QOWGvNL._SS600_.jpg 600w, https:\/\/images-na.ssl-images-amazon.com\/images\/I\/4146QOWGvNL._SS100_.jpg 100w\" sizes=\"auto, (max-width: 500px) 100vw, 500px\" \/><\/a>\r\n\t<\/dt>\r\n\t<dd class='wp-caption-text gallery-caption'>\r\n\t<div class='gallery-caption-inner'> <div class='wp-caption-text gallery-title'>\r\n\tBenzin-Hochdruckreiniger-mit-Schlauchtrommel-max-220-bar-3200-PSI-7-PS-Motor-mit-210-ccm-Reinigungsmaschine-mit-5-Dsen\r\n\t<\/div><div class='wp-caption-text gallery-zoom no-text'>\r\n\t\t<a href=https:\/\/werkzeuge-aller-art.com\/?attachment_id=13299 title='Click to view Full Image' class='icon mustang-gallery'><i class='fa fa-plus'><\/i><\/a>\r\n\t\t<\/div><div class='wp-caption-text gallery-redirect'>\r\n\t\t<a href=https:\/\/werkzeuge-aller-art.com\/?attachment_id=13299 title='Click to view read more' class='icon readmore'><i class='fa fa-link'><\/i><\/a>\r\n\t\t<\/div><\/div><\/dd><\/dl><dl class='gallery-item'>\r\n\t<dt class='gallery-icon landscape'>\r\n\t<a rel='gallery-nr'><img loading=\"lazy\" decoding=\"async\" width=\"500\" height=\"500\" src=\"https:\/\/images-na.ssl-images-amazon.com\/images\/I\/41kGw67aXAL.jpg\" class=\"attachment-full size-full\" alt=\"\" srcset=\"https:\/\/images-na.ssl-images-amazon.com\/images\/I\/41kGw67aXAL.jpg 500w, https:\/\/images-na.ssl-images-amazon.com\/images\/I\/41kGw67aXAL._SS150_.jpg 150w, https:\/\/images-na.ssl-images-amazon.com\/images\/I\/41kGw67aXAL._SS300_.jpg 300w, https:\/\/images-na.ssl-images-amazon.com\/images\/I\/41kGw67aXAL._SS768_.jpg 768w, https:\/\/images-na.ssl-images-amazon.com\/images\/I\/41kGw67aXAL._SS1024_.jpg 1024w, https:\/\/images-na.ssl-images-amazon.com\/images\/I\/41kGw67aXAL._SS1536_.jpg 1536w, https:\/\/images-na.ssl-images-amazon.com\/images\/I\/41kGw67aXAL._SS2048_.jpg 2048w, https:\/\/images-na.ssl-images-amazon.com\/images\/I\/41kGw67aXAL._SS145_.jpg 145w, https:\/\/images-na.ssl-images-amazon.com\/images\/I\/41kGw67aXAL._SS1400_.jpg 1400w, https:\/\/images-na.ssl-images-amazon.com\/images\/I\/41kGw67aXAL._SS50_.jpg 50w, https:\/\/images-na.ssl-images-amazon.com\/images\/I\/41kGw67aXAL._SS604_.jpg 604w, https:\/\/images-na.ssl-images-amazon.com\/images\/I\/41kGw67aXAL._SS262_.jpg 262w, https:\/\/images-na.ssl-images-amazon.com\/images\/I\/41kGw67aXAL._SS600_.jpg 600w, https:\/\/images-na.ssl-images-amazon.com\/images\/I\/41kGw67aXAL._SS100_.jpg 100w\" sizes=\"auto, (max-width: 500px) 100vw, 500px\" \/><\/a>\r\n\t<\/dt>\r\n\t<dd class='wp-caption-text gallery-caption'>\r\n\t<div class='gallery-caption-inner'> <div class='wp-caption-text gallery-title'>\r\n\tBenzin-Hochdruckreiniger-mit-Schlauchtrommel-max-220-bar-3200-PSI-7-PS-Motor-mit-210-ccm-Reinigungsmaschine-mit-5-Dsen\r\n\t<\/div><div class='wp-caption-text gallery-zoom no-text'>\r\n\t\t<a href=https:\/\/werkzeuge-aller-art.com\/?attachment_id=13300 title='Click to view Full Image' class='icon mustang-gallery'><i class='fa fa-plus'><\/i><\/a>\r\n\t\t<\/div><div class='wp-caption-text gallery-redirect'>\r\n\t\t<a href=https:\/\/werkzeuge-aller-art.com\/?attachment_id=13300 title='Click to view read more' class='icon readmore'><i class='fa fa-link'><\/i><\/a>\r\n\t\t<\/div><\/div><\/dd><\/dl><dl class='gallery-item'>\r\n\t<dt class='gallery-icon landscape'>\r\n\t<a rel='gallery-nr'><img loading=\"lazy\" decoding=\"async\" width=\"500\" height=\"500\" src=\"https:\/\/images-na.ssl-images-amazon.com\/images\/I\/41EUDJdPmLL.jpg\" class=\"attachment-full size-full\" alt=\"\" srcset=\"https:\/\/images-na.ssl-images-amazon.com\/images\/I\/41EUDJdPmLL.jpg 500w, https:\/\/images-na.ssl-images-amazon.com\/images\/I\/41EUDJdPmLL._SS150_.jpg 150w, https:\/\/images-na.ssl-images-amazon.com\/images\/I\/41EUDJdPmLL._SS300_.jpg 300w, https:\/\/images-na.ssl-images-amazon.com\/images\/I\/41EUDJdPmLL._SS768_.jpg 768w, https:\/\/images-na.ssl-images-amazon.com\/images\/I\/41EUDJdPmLL._SS1024_.jpg 1024w, https:\/\/images-na.ssl-images-amazon.com\/images\/I\/41EUDJdPmLL._SS1536_.jpg 1536w, https:\/\/images-na.ssl-images-amazon.com\/images\/I\/41EUDJdPmLL._SS2048_.jpg 2048w, https:\/\/images-na.ssl-images-amazon.com\/images\/I\/41EUDJdPmLL._SS145_.jpg 145w, https:\/\/images-na.ssl-images-amazon.com\/images\/I\/41EUDJdPmLL._SS1400_.jpg 1400w, https:\/\/images-na.ssl-images-amazon.com\/images\/I\/41EUDJdPmLL._SS50_.jpg 50w, https:\/\/images-na.ssl-images-amazon.com\/images\/I\/41EUDJdPmLL._SS604_.jpg 604w, https:\/\/images-na.ssl-images-amazon.com\/images\/I\/41EUDJdPmLL._SS262_.jpg 262w, https:\/\/images-na.ssl-images-amazon.com\/images\/I\/41EUDJdPmLL._SS600_.jpg 600w, https:\/\/images-na.ssl-images-amazon.com\/images\/I\/41EUDJdPmLL._SS100_.jpg 100w\" sizes=\"auto, (max-width: 500px) 100vw, 500px\" \/><\/a>\r\n\t<\/dt>\r\n\t<dd class='wp-caption-text gallery-caption'>\r\n\t<div class='gallery-caption-inner'> <div class='wp-caption-text gallery-title'>\r\n\tBenzin-Hochdruckreiniger-mit-Schlauchtrommel-max-220-bar-3200-PSI-7-PS-Motor-mit-210-ccm-Reinigungsmaschine-mit-5-Dsen\r\n\t<\/div><div class='wp-caption-text gallery-zoom no-text'>\r\n\t\t<a href=https:\/\/werkzeuge-aller-art.com\/?attachment_id=13301 title='Click to view Full Image' class='icon mustang-gallery'><i class='fa fa-plus'><\/i><\/a>\r\n\t\t<\/div><div class='wp-caption-text gallery-redirect'>\r\n\t\t<a href=https:\/\/werkzeuge-aller-art.com\/?attachment_id=13301 title='Click to view read more' class='icon readmore'><i class='fa fa-link'><\/i><\/a>\r\n\t\t<\/div><\/div><\/dd><\/dl>\r\n<\/div>\n<br \/>\n<!-- show up to 2 reviews by default --> <\/p>\n<p>Dieser motorisierte Hochdruckreiniger mit 7 PS und 220 bar max. Druck besitzt einen starken, abgasarmen und sparsamen Motor. Ein weiterer f\u00fcr sich sprechender Aspekt ist das sich mit dem Hochdruckreiniger 2 m\u00f6gliche Betriebsvarianten umsetzen lassen. Zum einen kann er nat\u00fcrlich wie \u00fcblich, an einer Frischwasserleitung angeschlossen werden und sorgt auf diesem Wege f\u00fcr maximale Effektivit\u00e4t! Ebenso ist es aber m\u00f6glich Ihn als Selbstansauger zu betreiben wenn mal keine Frischwasserleitung zur Verf\u00fcgung steht. Bedeutet der Hochdruckreiniger saugt sich das Wasser auch selbst aus einem externen Gef\u00e4\u00df, welches z.B. ein 1000 L Fass sein kann und bietet Ihnen in dieser Betriebsvariante maximale Flexibilit\u00e4t! <\/p>\n<p><b>Daten und Fakten:<\/b> <\/p>\n<p>&#8211; regul\u00e4re Betriebsdrehzahl: 3400 U\/min <br \/>&#8211; maximale Leistung: 5,15 kW \/ 7 PS <br \/>&#8211; Wasserf\u00f6rdermenge max.: 10 l\/min <br \/>&#8211; integrierter Reinigungsmittelbeh\u00e4lter <br \/>&#8211; Tankkapazit\u00e4t: 3,6 Liter <br \/>&#8211; Kraftstoff: Benzin Bleifrei <br \/>&#8211; Motor OHV: 4-Takt Benzinmotor, Luftgek\u00fchlt <br \/>&#8211; Hubraum: 208 ccm <\/p>\n<p><b>D\u00fcsen Set:<\/b> <\/p>\n<p> Rot: 0\u00b0 Extrem geb\u00fcndelter Strahl mit sehr hoher Druckkraft <br \/>Gelb: 15\u00b0 D\u00fcnner Strahl, intensive Reinigung von kleineren Fl\u00e4chen <br \/>Gr\u00fcn: 25\u00b0 Normaler Strahl, mittelstarker Druck f\u00fcr gr\u00f6\u00dfere Fl\u00e4chen <br \/>Wei\u00df: 40\u00b0 Breiter Strahl, schw\u00e4cherer Druck zum absp\u00fclen von gr\u00f6\u00dferen Fl\u00e4chen <br \/>Schwarz: 84\u00b0 Auftragen von Chemikalien oder Reinigungsmitteln <\/p>\n<p><b>Lieferumfang:<\/b> <\/p>\n<li>1x Benzin Hochdruckreiniger 7 PS mit 180 bar Arbeitsdruck<\/li>\n<li>1x 12m Hochdruckschlauch &#8211; extra lang<\/li>\n<li>Schlauchtrommel mit Kurbel f\u00fcr bis zu 20m Hochdruckschlauch<\/li>\n<li>5x D\u00fcsen ( wie abgebildet )<\/li>\n<li>1x Wasserzulaufschlauch inkl. Wasserfilter<\/li>\n<li>1x Servicewerkzeug und Bedienungsanleitung<\/li>\n<p>Hochdruckreiniger mit max. 220 bar<br \/>\n7 PS Motor mit 210 ccm<br \/>\ninkl. Schlauchrolle mit praktischer Kurbel f\u00fcr bis zu 20m Schlauch<br \/>\n12m Hochdruckschlauch im Lieferumfang enthalten!<br \/>\n<div class=\"main-cross-sell\" data-asin=\"B07G1FX5D8\">\n\n\t<div class=\"WooZone-cross-sell-loader\">\n\t\t<div>\n\t\t\t<div id=\"floatingBarsG\">\n\t\t\t\t<div class=\"blockG\" id=\"rotateG_01\"><\/div>\n\t\t\t\t<div class=\"blockG\" id=\"rotateG_02\"><\/div>\n\t\t\t\t<div class=\"blockG\" id=\"rotateG_03\"><\/div>\n\t\t\t\t<div class=\"blockG\" id=\"rotateG_04\"><\/div>\n\t\t\t\t<div class=\"blockG\" id=\"rotateG_05\"><\/div>\n\t\t\t\t<div class=\"blockG\" id=\"rotateG_06\"><\/div>\n\t\t\t\t<div class=\"blockG\" id=\"rotateG_07\"><\/div>\n\t\t\t\t<div class=\"blockG\" id=\"rotateG_08\"><\/div>\n\t\t\t<\/div>\n\t\t\t<div class=\"WooZone-cross-sell-loader-text\"><\/div>\n\t\t<\/div>\n\t<\/div>\n\n\t\t\n<\/div>\n<div style=\"clear:both;\"><\/div>\n","protected":false},"excerpt":{"rendered":"<p>Hochdruckreiniger mit max. 220 bar<br \/>\n7 PS Motor mit 210 ccm<br \/>\ninkl. Schlauchrolle mit praktischer Kurbel f\u00fcr bis zu 20m Schlauch<\/p>\n","protected":false},"featured_media":13299,"comment_status":"open","ping_status":"closed","template":"","meta":[],"product_cat":[115,110],"product_tag":[],"class_list":{"0":"post-13298","1":"product","2":"type-product","3":"status-publish","4":"has-post-thumbnail","6":"product_cat-hochdruckreiniger","7":"product_cat-reinigen-und-sandstrahlen","8":"pa_brand-detec","11":"first","12":"instock","13":"shipping-taxable","14":"product-type-external"},"_links":{"self":[{"href":"https:\/\/werkzeuge-aller-art.com\/index.php?rest_route=\/wp\/v2\/product\/13298","targetHints":{"allow":["GET"]}}],"collection":[{"href":"https:\/\/werkzeuge-aller-art.com\/index.php?rest_route=\/wp\/v2\/product"}],"about":[{"href":"https:\/\/werkzeuge-aller-art.com\/index.php?rest_route=\/wp\/v2\/types\/product"}],"replies":[{"embeddable":true,"href":"https:\/\/werkzeuge-aller-art.com\/index.php?rest_route=%2Fwp%2Fv2%2Fcomments&post=13298"}],"wp:featuredmedia":[{"embeddable":true,"href":"https:\/\/werkzeuge-aller-art.com\/index.php?rest_route=\/wp\/v2\/media\/13299"}],"wp:attachment":[{"href":"https:\/\/werkzeuge-aller-art.com\/index.php?rest_route=%2Fwp%2Fv2%2Fmedia&parent=13298"}],"wp:term":[{"taxonomy":"product_cat","embeddable":true,"href":"https:\/\/werkzeuge-aller-art.com\/index.php?rest_route=%2Fwp%2Fv2%2Fproduct_cat&post=13298"},{"taxonomy":"product_tag","embeddable":true,"href":"https:\/\/werkzeuge-aller-art.com\/index.php?rest_route=%2Fwp%2Fv2%2Fproduct_tag&post=13298"}],"curies":[{"name":"wp","href":"https:\/\/api.w.org\/{rel}","templated":true}]}}