{"id":13294,"date":"2020-03-07T21:32:39","date_gmt":"2020-03-07T20:32:39","guid":{"rendered":"https:\/\/werkzeuge-aller-art.com\/?product=scheppach-hochdruckreiniger-hce2200-165-bar-465-l-h-10m-schlauch-2200w-quick-connect-system-zum-schnellen-wechseln-der-aufsaetze-inkl-11-teiligem-zubehoer-set"},"modified":"2023-04-10T06:16:22","modified_gmt":"2023-04-10T04:16:22","slug":"scheppach-hochdruckreiniger-hce2200-165-bar-465-l-h-10m-schlauch-2200w-quick-connect-system-zum-schnellen-wechseln-der-aufsaetze-inkl-11-teiligem-zubehoer-set","status":"publish","type":"product","link":"https:\/\/werkzeuge-aller-art.com\/?product=scheppach-hochdruckreiniger-hce2200-165-bar-465-l-h-10m-schlauch-2200w-quick-connect-system-zum-schnellen-wechseln-der-aufsaetze-inkl-11-teiligem-zubehoer-set","title":{"rendered":"Scheppach Hochdruckreiniger HCE2200 mit 10-TLG. Zubeh\u00f6r | 10m Schlauchrolle | 165bar | 230V 2200W | max. F\u00f6rdermenge\u2026"},"content":{"rendered":"<div id='gallery-1' class='gallery galleryid-13294 gallery-columns-3 gallery-size-full'><dl class='gallery-item'>\r\n\t<dt class='gallery-icon landscape'>\r\n\t<a rel='gallery-nr'><img loading=\"lazy\" decoding=\"async\" width=\"500\" height=\"500\" src=\"https:\/\/images-na.ssl-images-amazon.com\/images\/I\/411uQrrReiL.jpg\" class=\"attachment-full size-full\" alt=\"\" srcset=\"https:\/\/images-na.ssl-images-amazon.com\/images\/I\/411uQrrReiL.jpg 500w, https:\/\/images-na.ssl-images-amazon.com\/images\/I\/411uQrrReiL._SS150_.jpg 150w, https:\/\/images-na.ssl-images-amazon.com\/images\/I\/411uQrrReiL._SS300_.jpg 300w, https:\/\/images-na.ssl-images-amazon.com\/images\/I\/411uQrrReiL._SS768_.jpg 768w, https:\/\/images-na.ssl-images-amazon.com\/images\/I\/411uQrrReiL._SS1024_.jpg 1024w, https:\/\/images-na.ssl-images-amazon.com\/images\/I\/411uQrrReiL._SS1536_.jpg 1536w, https:\/\/images-na.ssl-images-amazon.com\/images\/I\/411uQrrReiL._SS2048_.jpg 2048w, https:\/\/images-na.ssl-images-amazon.com\/images\/I\/411uQrrReiL._SS145_.jpg 145w, https:\/\/images-na.ssl-images-amazon.com\/images\/I\/411uQrrReiL._SS1400_.jpg 1400w, https:\/\/images-na.ssl-images-amazon.com\/images\/I\/411uQrrReiL._SS50_.jpg 50w, https:\/\/images-na.ssl-images-amazon.com\/images\/I\/411uQrrReiL._SS604_.jpg 604w, https:\/\/images-na.ssl-images-amazon.com\/images\/I\/411uQrrReiL._SS262_.jpg 262w, https:\/\/images-na.ssl-images-amazon.com\/images\/I\/411uQrrReiL._SS600_.jpg 600w, https:\/\/images-na.ssl-images-amazon.com\/images\/I\/411uQrrReiL._SS100_.jpg 100w\" sizes=\"auto, (max-width: 500px) 100vw, 500px\" \/><\/a>\r\n\t<\/dt>\r\n\t<dd class='wp-caption-text gallery-caption'>\r\n\t<div class='gallery-caption-inner'> <div class='wp-caption-text gallery-title'>\r\n\tScheppach-Hochdruckreiniger-HCE2200-165-bar-465-Lh-10m-Schlauch-2200W-Quick-Connect-System-zum-schnellen-Wechseln-der-Aufstze-inkl-11-teiligem-Zubehr-Set\r\n\t<\/div><div class='wp-caption-text gallery-zoom no-text'>\r\n\t\t<a href=https:\/\/werkzeuge-aller-art.com\/?attachment_id=13295 title='Click to view Full Image' class='icon mustang-gallery'><i class='fa fa-plus'><\/i><\/a>\r\n\t\t<\/div><div class='wp-caption-text gallery-redirect'>\r\n\t\t<a href=https:\/\/werkzeuge-aller-art.com\/?attachment_id=13295 title='Click to view read more' class='icon readmore'><i class='fa fa-link'><\/i><\/a>\r\n\t\t<\/div><\/div><\/dd><\/dl><dl class='gallery-item'>\r\n\t<dt class='gallery-icon landscape'>\r\n\t<a rel='gallery-nr'><img loading=\"lazy\" decoding=\"async\" width=\"500\" height=\"500\" src=\"https:\/\/images-na.ssl-images-amazon.com\/images\/I\/41EmeJ4GoyL.jpg\" class=\"attachment-full size-full\" alt=\"\" srcset=\"https:\/\/images-na.ssl-images-amazon.com\/images\/I\/41EmeJ4GoyL.jpg 500w, https:\/\/images-na.ssl-images-amazon.com\/images\/I\/41EmeJ4GoyL._SS150_.jpg 150w, https:\/\/images-na.ssl-images-amazon.com\/images\/I\/41EmeJ4GoyL._SS300_.jpg 300w, https:\/\/images-na.ssl-images-amazon.com\/images\/I\/41EmeJ4GoyL._SS768_.jpg 768w, https:\/\/images-na.ssl-images-amazon.com\/images\/I\/41EmeJ4GoyL._SS1024_.jpg 1024w, https:\/\/images-na.ssl-images-amazon.com\/images\/I\/41EmeJ4GoyL._SS1536_.jpg 1536w, https:\/\/images-na.ssl-images-amazon.com\/images\/I\/41EmeJ4GoyL._SS2048_.jpg 2048w, https:\/\/images-na.ssl-images-amazon.com\/images\/I\/41EmeJ4GoyL._SS145_.jpg 145w, https:\/\/images-na.ssl-images-amazon.com\/images\/I\/41EmeJ4GoyL._SS1400_.jpg 1400w, https:\/\/images-na.ssl-images-amazon.com\/images\/I\/41EmeJ4GoyL._SS50_.jpg 50w, https:\/\/images-na.ssl-images-amazon.com\/images\/I\/41EmeJ4GoyL._SS604_.jpg 604w, https:\/\/images-na.ssl-images-amazon.com\/images\/I\/41EmeJ4GoyL._SS262_.jpg 262w, https:\/\/images-na.ssl-images-amazon.com\/images\/I\/41EmeJ4GoyL._SS600_.jpg 600w, https:\/\/images-na.ssl-images-amazon.com\/images\/I\/41EmeJ4GoyL._SS100_.jpg 100w\" sizes=\"auto, (max-width: 500px) 100vw, 500px\" \/><\/a>\r\n\t<\/dt>\r\n\t<dd class='wp-caption-text gallery-caption'>\r\n\t<div class='gallery-caption-inner'> <div class='wp-caption-text gallery-title'>\r\n\tScheppach-Hochdruckreiniger-HCE2200-165-bar-465-Lh-10m-Schlauch-2200W-Quick-Connect-System-zum-schnellen-Wechseln-der-Aufstze-inkl-11-teiligem-Zubehr-Set\r\n\t<\/div><div class='wp-caption-text gallery-zoom no-text'>\r\n\t\t<a href=https:\/\/werkzeuge-aller-art.com\/?attachment_id=13296 title='Click to view Full Image' class='icon mustang-gallery'><i class='fa fa-plus'><\/i><\/a>\r\n\t\t<\/div><div class='wp-caption-text gallery-redirect'>\r\n\t\t<a href=https:\/\/werkzeuge-aller-art.com\/?attachment_id=13296 title='Click to view read more' class='icon readmore'><i class='fa fa-link'><\/i><\/a>\r\n\t\t<\/div><\/div><\/dd><\/dl><dl class='gallery-item'>\r\n\t<dt class='gallery-icon landscape'>\r\n\t<a rel='gallery-nr'><img loading=\"lazy\" decoding=\"async\" width=\"500\" height=\"500\" src=\"https:\/\/images-na.ssl-images-amazon.com\/images\/I\/51ERxEgRXXL.jpg\" class=\"attachment-full size-full\" alt=\"\" srcset=\"https:\/\/images-na.ssl-images-amazon.com\/images\/I\/51ERxEgRXXL.jpg 500w, https:\/\/images-na.ssl-images-amazon.com\/images\/I\/51ERxEgRXXL._SS150_.jpg 150w, https:\/\/images-na.ssl-images-amazon.com\/images\/I\/51ERxEgRXXL._SS300_.jpg 300w, https:\/\/images-na.ssl-images-amazon.com\/images\/I\/51ERxEgRXXL._SS768_.jpg 768w, https:\/\/images-na.ssl-images-amazon.com\/images\/I\/51ERxEgRXXL._SS1024_.jpg 1024w, https:\/\/images-na.ssl-images-amazon.com\/images\/I\/51ERxEgRXXL._SS1536_.jpg 1536w, https:\/\/images-na.ssl-images-amazon.com\/images\/I\/51ERxEgRXXL._SS2048_.jpg 2048w, https:\/\/images-na.ssl-images-amazon.com\/images\/I\/51ERxEgRXXL._SS145_.jpg 145w, https:\/\/images-na.ssl-images-amazon.com\/images\/I\/51ERxEgRXXL._SS1400_.jpg 1400w, https:\/\/images-na.ssl-images-amazon.com\/images\/I\/51ERxEgRXXL._SS50_.jpg 50w, https:\/\/images-na.ssl-images-amazon.com\/images\/I\/51ERxEgRXXL._SS604_.jpg 604w, https:\/\/images-na.ssl-images-amazon.com\/images\/I\/51ERxEgRXXL._SS262_.jpg 262w, https:\/\/images-na.ssl-images-amazon.com\/images\/I\/51ERxEgRXXL._SS600_.jpg 600w, https:\/\/images-na.ssl-images-amazon.com\/images\/I\/51ERxEgRXXL._SS100_.jpg 100w\" sizes=\"auto, (max-width: 500px) 100vw, 500px\" \/><\/a>\r\n\t<\/dt>\r\n\t<dd class='wp-caption-text gallery-caption'>\r\n\t<div class='gallery-caption-inner'> <div class='wp-caption-text gallery-title'>\r\n\tScheppach-Hochdruckreiniger-HCE2200-165-bar-465-Lh-10m-Schlauch-2200W-Quick-Connect-System-zum-schnellen-Wechseln-der-Aufstze-inkl-11-teiligem-Zubehr-Set\r\n\t<\/div><div class='wp-caption-text gallery-zoom no-text'>\r\n\t\t<a href=https:\/\/werkzeuge-aller-art.com\/?attachment_id=13297 title='Click to view Full Image' class='icon mustang-gallery'><i class='fa fa-plus'><\/i><\/a>\r\n\t\t<\/div><div class='wp-caption-text gallery-redirect'>\r\n\t\t<a href=https:\/\/werkzeuge-aller-art.com\/?attachment_id=13297 title='Click to view read more' class='icon readmore'><i class='fa fa-link'><\/i><\/a>\r\n\t\t<\/div><\/div><\/dd><\/dl>\r\n<\/div>\n<br \/>\n<!-- show up to 2 reviews by default --> <\/p>\n<p>Scheppach HCE2200 Hochdruckreiniger Der Scheppach HCE2200 Hochdruckreniger ist ein kraftvoller Partner f\u00fcr Arbeiten im und um das Haus. Mit seiner Vielzahl an Aufs\u00e4tzen ist er jeder Herausforderung gewachsen und erleichtert Ihnen die Arbeit. Starker 2200 W Motor mit max. 165 bar Druck Quick Connect System, zum schnellen tauschen der Aufs\u00e4tze 13 Kg Gewicht f\u00fcr einen sicheren Stand Gro\u00dfe Laufr\u00e4der f\u00fcr einen einfachen Transport Weiter Arbeitsradius durch den 10 m Hochdruckschlauch Integrierte Halterung f\u00fcr D\u00fcsenaufs\u00e4tze und Hochdruckschlauch Ideal f\u00fcr den mobilen Einsatz Serienm\u00e4\u00dfig mit Fl\u00e4chenreiniger, Reinigungslanze mit Verl\u00e4ngerung, D\u00fcsenaufsatz, 90\u00b0 Winkeld\u00fcse, 6 m Rohrreinigungsschlauch, Standard- und Hochdruckd\u00fcse, Reinigungsb\u00fcrste und rotierender Waschb\u00fcrste, Adapter und Reinigungsmittelbeh\u00e4lter Technische Daten: Abmessung L x B x H: 365 x 276 x 820 mm Zul\u00e4ssiger Druck max.: 165 bar Bemessungsdruck: 110 bar Durchflussmenge: 468 L\/h Wassertemperatur max.: 50 \u00b0C Zulaufdruck max.: 4 bar Reinigungsmitteltank: 1 L Motor: 220 \u2013 240 V~ Motorleistung: 2200 W Gewicht netto \/ brutto: 12 \/ 13 kg <\/p>\n<p>Power: Der Fl\u00e4chenreiniger besticht durch seine 2200W bei einen maximalem Druck von 165bar. Durch die maximale F\u00f6rdermenge von 468 L\/h ist das Ger\u00e4t f\u00fcr verschiedenste Reinigungsarbeiten geeignet. Die Fl\u00e4chenleistung liegt bei 40 m\u00b2\/h.<br \/>\nVariabel: Aufgrund der verschiedenen D\u00fcsen und Aufs\u00e4tze ist der HCE2200 der perfekte Helfer f\u00fcr Geb\u00e4ude- und Gartenreinigung als auch Fahrzeugpflege.<br \/>\nHohe Standfestigkeit des Dampfstrahlers und Stabilit\u00e4t durch tiefen Schwerpunkt, Schlauchf\u00fchrung und gro\u00dfen Laufr\u00e4dern. (13 KG Gewicht)<br \/>\nKomfortabel: Der 10m Hochdruckschlauch bietet Ihnen die Flexibilit\u00e4t eines sehr weiten und komfortablen Bewegungsradius.<br \/>\nAusstattung: Serienm\u00e4\u00dfig mit Fl\u00e4chenreiniger, Reinigungslanze mit Verl\u00e4ngerung, D\u00fcsenaufsatz, 90\u00b0 Winkeld\u00fcse, 6 m Rohrreinigungsschlauch, Standard- und Hochdruckd\u00fcse, Reinigungsb\u00fcrste und rotierender Waschb\u00fcrste, Adapter und Reinigungsmittelbeh\u00e4lter<br \/>\n<div class=\"main-cross-sell\" data-asin=\"B07DPCZ7QR\">\n\n\t<div class=\"WooZone-cross-sell-loader\">\n\t\t<div>\n\t\t\t<div id=\"floatingBarsG\">\n\t\t\t\t<div class=\"blockG\" id=\"rotateG_01\"><\/div>\n\t\t\t\t<div class=\"blockG\" id=\"rotateG_02\"><\/div>\n\t\t\t\t<div class=\"blockG\" id=\"rotateG_03\"><\/div>\n\t\t\t\t<div class=\"blockG\" id=\"rotateG_04\"><\/div>\n\t\t\t\t<div class=\"blockG\" id=\"rotateG_05\"><\/div>\n\t\t\t\t<div class=\"blockG\" id=\"rotateG_06\"><\/div>\n\t\t\t\t<div class=\"blockG\" id=\"rotateG_07\"><\/div>\n\t\t\t\t<div class=\"blockG\" id=\"rotateG_08\"><\/div>\n\t\t\t<\/div>\n\t\t\t<div class=\"WooZone-cross-sell-loader-text\"><\/div>\n\t\t<\/div>\n\t<\/div>\n\n\t\t\n<\/div>\n<div style=\"clear:both;\"><\/div>\n","protected":false},"excerpt":{"rendered":"<p>Power: Der Fl\u00e4chenreiniger besticht durch seine 2200W bei einen maximalem Druck von 165bar. Durch die maximale F\u00f6rdermenge von 468 L\/h ist das Ger\u00e4t f\u00fcr verschiedenste Reinigungsarbeiten geeignet. Die Fl\u00e4chenleistung liegt bei 40 m\u00b2\/h.<br \/>\nVariabel: Aufgrund der verschiedenen D\u00fcsen und Aufs\u00e4tze ist der HCE2200 der perfekte Helfer f\u00fcr Geb\u00e4ude- und Gartenreinigung als auch Fahrzeugpflege.<br \/>\nHohe Standfestigkeit des Dampfstrahlers und Stabilit\u00e4t durch tiefen Schwerpunkt, Schlauchf\u00fchrung und gro\u00dfen Laufr\u00e4dern. (13 KG Gewicht)<\/p>\n","protected":false},"featured_media":13295,"comment_status":"open","ping_status":"closed","template":"","meta":[],"product_cat":[115,110],"product_tag":[],"class_list":{"0":"post-13294","1":"product","2":"type-product","3":"status-publish","4":"has-post-thumbnail","6":"product_cat-hochdruckreiniger","7":"product_cat-reinigen-und-sandstrahlen","8":"pa_brand-scheppach","11":"first","12":"instock","13":"shipping-taxable","14":"product-type-external"},"_links":{"self":[{"href":"https:\/\/werkzeuge-aller-art.com\/index.php?rest_route=\/wp\/v2\/product\/13294","targetHints":{"allow":["GET"]}}],"collection":[{"href":"https:\/\/werkzeuge-aller-art.com\/index.php?rest_route=\/wp\/v2\/product"}],"about":[{"href":"https:\/\/werkzeuge-aller-art.com\/index.php?rest_route=\/wp\/v2\/types\/product"}],"replies":[{"embeddable":true,"href":"https:\/\/werkzeuge-aller-art.com\/index.php?rest_route=%2Fwp%2Fv2%2Fcomments&post=13294"}],"wp:featuredmedia":[{"embeddable":true,"href":"https:\/\/werkzeuge-aller-art.com\/index.php?rest_route=\/wp\/v2\/media\/13295"}],"wp:attachment":[{"href":"https:\/\/werkzeuge-aller-art.com\/index.php?rest_route=%2Fwp%2Fv2%2Fmedia&parent=13294"}],"wp:term":[{"taxonomy":"product_cat","embeddable":true,"href":"https:\/\/werkzeuge-aller-art.com\/index.php?rest_route=%2Fwp%2Fv2%2Fproduct_cat&post=13294"},{"taxonomy":"product_tag","embeddable":true,"href":"https:\/\/werkzeuge-aller-art.com\/index.php?rest_route=%2Fwp%2Fv2%2Fproduct_tag&post=13294"}],"curies":[{"name":"wp","href":"https:\/\/api.w.org\/{rel}","templated":true}]}}