{"id":13266,"date":"2020-03-07T21:27:45","date_gmt":"2020-03-07T20:27:45","guid":{"rendered":"https:\/\/werkzeuge-aller-art.com\/?product=proxxon-28608-feinmechanikerschraubstock-fmz"},"modified":"2023-04-10T06:16:22","modified_gmt":"2023-04-10T04:16:22","slug":"proxxon-28608-feinmechanikerschraubstock-fmz","status":"publish","type":"product","link":"https:\/\/werkzeuge-aller-art.com\/?product=proxxon-28608-feinmechanikerschraubstock-fmz","title":{"rendered":"Proxxon 28608 Feinmechanikerschraubstock FMZ"},"content":{"rendered":"<p><!-- show up to 2 reviews by default --> <\/p>\n<p>Schnell und sicher an Werkb\u00e4nken und Tischplatten bis max. 60 mm Dicke zu befestigen. Alternativ mit zwei handels\u00fcblichen Schrauben auf jeder Arbeitsplatte zu fixieren. Durch klemmbares Kugelgelenk nach allen Seiten (auch nach unten) drehbar und schwenkbar. 75 mm-Backen mit Schutz\u00fcberzug f\u00fcr empfindliche Werkst\u00fccke. Spannweite 70 mm. Gewicht 1,6 kg.<\/p>\n<p>Proxxon 28608 Precision Vise FMZ with Clamp<br \/>\n2-3\/4&#8243;<br \/>\nGreen\/Gold<br \/>\n<div class=\"main-cross-sell\" data-asin=\"B000NDGV1G\">\n\n\t<div class=\"WooZone-cross-sell-loader\">\n\t\t<div>\n\t\t\t<div id=\"floatingBarsG\">\n\t\t\t\t<div class=\"blockG\" id=\"rotateG_01\"><\/div>\n\t\t\t\t<div class=\"blockG\" id=\"rotateG_02\"><\/div>\n\t\t\t\t<div class=\"blockG\" id=\"rotateG_03\"><\/div>\n\t\t\t\t<div class=\"blockG\" id=\"rotateG_04\"><\/div>\n\t\t\t\t<div class=\"blockG\" id=\"rotateG_05\"><\/div>\n\t\t\t\t<div class=\"blockG\" id=\"rotateG_06\"><\/div>\n\t\t\t\t<div class=\"blockG\" id=\"rotateG_07\"><\/div>\n\t\t\t\t<div class=\"blockG\" id=\"rotateG_08\"><\/div>\n\t\t\t<\/div>\n\t\t\t<div class=\"WooZone-cross-sell-loader-text\"><\/div>\n\t\t<\/div>\n\t<\/div>\n\n\t\t\n<\/div>\n<div style=\"clear:both;\"><\/div>\n","protected":false},"excerpt":{"rendered":"<p>Proxxon 28608 Precision Vise FMZ with Clamp<br \/>\n2-3\/4&#8243;<br \/>\nGreen\/Gold<\/p>\n","protected":false},"featured_media":13267,"comment_status":"open","ping_status":"closed","template":"","meta":[],"product_cat":[108,242],"product_tag":[],"class_list":{"0":"post-13266","1":"product","2":"type-product","3":"status-publish","4":"has-post-thumbnail","6":"product_cat-bohren-und-schrauben","7":"product_cat-schraubstock","8":"pa_brand-proxxon","11":"first","12":"instock","13":"shipping-taxable","14":"product-type-external"},"_links":{"self":[{"href":"https:\/\/werkzeuge-aller-art.com\/index.php?rest_route=\/wp\/v2\/product\/13266","targetHints":{"allow":["GET"]}}],"collection":[{"href":"https:\/\/werkzeuge-aller-art.com\/index.php?rest_route=\/wp\/v2\/product"}],"about":[{"href":"https:\/\/werkzeuge-aller-art.com\/index.php?rest_route=\/wp\/v2\/types\/product"}],"replies":[{"embeddable":true,"href":"https:\/\/werkzeuge-aller-art.com\/index.php?rest_route=%2Fwp%2Fv2%2Fcomments&post=13266"}],"wp:featuredmedia":[{"embeddable":true,"href":"https:\/\/werkzeuge-aller-art.com\/index.php?rest_route=\/wp\/v2\/media\/13267"}],"wp:attachment":[{"href":"https:\/\/werkzeuge-aller-art.com\/index.php?rest_route=%2Fwp%2Fv2%2Fmedia&parent=13266"}],"wp:term":[{"taxonomy":"product_cat","embeddable":true,"href":"https:\/\/werkzeuge-aller-art.com\/index.php?rest_route=%2Fwp%2Fv2%2Fproduct_cat&post=13266"},{"taxonomy":"product_tag","embeddable":true,"href":"https:\/\/werkzeuge-aller-art.com\/index.php?rest_route=%2Fwp%2Fv2%2Fproduct_tag&post=13266"}],"curies":[{"name":"wp","href":"https:\/\/api.w.org\/{rel}","templated":true}]}}