{"id":13256,"date":"2020-03-07T21:27:39","date_gmt":"2020-03-07T20:27:39","guid":{"rendered":"https:\/\/werkzeuge-aller-art.com\/?product=silverline-633792-ingenieurs-schraubstock-45-kg-100-mm"},"modified":"2023-04-10T06:16:22","modified_gmt":"2023-04-10T04:16:22","slug":"silverline-633792-ingenieurs-schraubstock-45-kg-100-mm","status":"publish","type":"product","link":"https:\/\/werkzeuge-aller-art.com\/?product=silverline-633792-ingenieurs-schraubstock-45-kg-100-mm","title":{"rendered":"Silverline 633792 Ingenieurs-Schraubstock, 4,5 kg 100 mm"},"content":{"rendered":"<div id='gallery-1' class='gallery galleryid-13256 gallery-columns-3 gallery-size-full'><dl class='gallery-item'>\r\n\t<dt class='gallery-icon landscape'>\r\n\t<a rel='gallery-nr'><img loading=\"lazy\" decoding=\"async\" width=\"500\" height=\"500\" src=\"https:\/\/images-na.ssl-images-amazon.com\/images\/I\/41Jn0h2zj5L.jpg\" class=\"attachment-full size-full\" alt=\"\" srcset=\"https:\/\/images-na.ssl-images-amazon.com\/images\/I\/41Jn0h2zj5L.jpg 500w, https:\/\/images-na.ssl-images-amazon.com\/images\/I\/41Jn0h2zj5L._SS150_.jpg 150w, https:\/\/images-na.ssl-images-amazon.com\/images\/I\/41Jn0h2zj5L._SS300_.jpg 300w, https:\/\/images-na.ssl-images-amazon.com\/images\/I\/41Jn0h2zj5L._SS768_.jpg 768w, https:\/\/images-na.ssl-images-amazon.com\/images\/I\/41Jn0h2zj5L._SS1024_.jpg 1024w, https:\/\/images-na.ssl-images-amazon.com\/images\/I\/41Jn0h2zj5L._SS1536_.jpg 1536w, https:\/\/images-na.ssl-images-amazon.com\/images\/I\/41Jn0h2zj5L._SS2048_.jpg 2048w, https:\/\/images-na.ssl-images-amazon.com\/images\/I\/41Jn0h2zj5L._SS145_.jpg 145w, https:\/\/images-na.ssl-images-amazon.com\/images\/I\/41Jn0h2zj5L._SS1400_.jpg 1400w, https:\/\/images-na.ssl-images-amazon.com\/images\/I\/41Jn0h2zj5L._SS50_.jpg 50w, https:\/\/images-na.ssl-images-amazon.com\/images\/I\/41Jn0h2zj5L._SS604_.jpg 604w, https:\/\/images-na.ssl-images-amazon.com\/images\/I\/41Jn0h2zj5L._SS262_.jpg 262w, https:\/\/images-na.ssl-images-amazon.com\/images\/I\/41Jn0h2zj5L._SS600_.jpg 600w, https:\/\/images-na.ssl-images-amazon.com\/images\/I\/41Jn0h2zj5L._SS100_.jpg 100w\" sizes=\"auto, (max-width: 500px) 100vw, 500px\" \/><\/a>\r\n\t<\/dt>\r\n\t<dd class='wp-caption-text gallery-caption'>\r\n\t<div class='gallery-caption-inner'> <div class='wp-caption-text gallery-title'>\r\n\tSilverline-633792-Ingenieurs-Schraubstock-45-kg-100-mm\r\n\t<\/div><div class='wp-caption-text gallery-zoom no-text'>\r\n\t\t<a href=https:\/\/werkzeuge-aller-art.com\/?attachment_id=13257 title='Click to view Full Image' class='icon mustang-gallery'><i class='fa fa-plus'><\/i><\/a>\r\n\t\t<\/div><div class='wp-caption-text gallery-redirect'>\r\n\t\t<a href=https:\/\/werkzeuge-aller-art.com\/?attachment_id=13257 title='Click to view read more' class='icon readmore'><i class='fa fa-link'><\/i><\/a>\r\n\t\t<\/div><\/div><\/dd><\/dl><dl class='gallery-item'>\r\n\t<dt class='gallery-icon landscape'>\r\n\t<a rel='gallery-nr'><img loading=\"lazy\" decoding=\"async\" width=\"500\" height=\"500\" src=\"https:\/\/images-na.ssl-images-amazon.com\/images\/I\/61Bf6ZHOsQL.jpg\" class=\"attachment-full size-full\" alt=\"\" srcset=\"https:\/\/images-na.ssl-images-amazon.com\/images\/I\/61Bf6ZHOsQL.jpg 500w, https:\/\/images-na.ssl-images-amazon.com\/images\/I\/61Bf6ZHOsQL._SS150_.jpg 150w, https:\/\/images-na.ssl-images-amazon.com\/images\/I\/61Bf6ZHOsQL._SS300_.jpg 300w, https:\/\/images-na.ssl-images-amazon.com\/images\/I\/61Bf6ZHOsQL._SS768_.jpg 768w, https:\/\/images-na.ssl-images-amazon.com\/images\/I\/61Bf6ZHOsQL._SS1024_.jpg 1024w, https:\/\/images-na.ssl-images-amazon.com\/images\/I\/61Bf6ZHOsQL._SS1536_.jpg 1536w, https:\/\/images-na.ssl-images-amazon.com\/images\/I\/61Bf6ZHOsQL._SS2048_.jpg 2048w, https:\/\/images-na.ssl-images-amazon.com\/images\/I\/61Bf6ZHOsQL._SS145_.jpg 145w, https:\/\/images-na.ssl-images-amazon.com\/images\/I\/61Bf6ZHOsQL._SS1400_.jpg 1400w, https:\/\/images-na.ssl-images-amazon.com\/images\/I\/61Bf6ZHOsQL._SS50_.jpg 50w, https:\/\/images-na.ssl-images-amazon.com\/images\/I\/61Bf6ZHOsQL._SS604_.jpg 604w, https:\/\/images-na.ssl-images-amazon.com\/images\/I\/61Bf6ZHOsQL._SS262_.jpg 262w, https:\/\/images-na.ssl-images-amazon.com\/images\/I\/61Bf6ZHOsQL._SS600_.jpg 600w, https:\/\/images-na.ssl-images-amazon.com\/images\/I\/61Bf6ZHOsQL._SS100_.jpg 100w\" sizes=\"auto, (max-width: 500px) 100vw, 500px\" \/><\/a>\r\n\t<\/dt>\r\n\t<dd class='wp-caption-text gallery-caption'>\r\n\t<div class='gallery-caption-inner'> <div class='wp-caption-text gallery-title'>\r\n\tSilverline-633792-Ingenieurs-Schraubstock-45-kg-100-mm\r\n\t<\/div><div class='wp-caption-text gallery-zoom no-text'>\r\n\t\t<a href=https:\/\/werkzeuge-aller-art.com\/?attachment_id=13258 title='Click to view Full Image' class='icon mustang-gallery'><i class='fa fa-plus'><\/i><\/a>\r\n\t\t<\/div><div class='wp-caption-text gallery-redirect'>\r\n\t\t<a href=https:\/\/werkzeuge-aller-art.com\/?attachment_id=13258 title='Click to view read more' class='icon readmore'><i class='fa fa-link'><\/i><\/a>\r\n\t\t<\/div><\/div><\/dd><\/dl>\r\n<\/div>\n<br \/>\n<!-- show up to 2 reviews by default --> <\/p>\n<h3>Produktbeschreibung<\/h3>\n<p>Gusseiserne Aus\u00fchrung. Gewicht: 4,5 kg. Lackierte Oberfl\u00e4che. Nicht bewegliche Grundplatte. Backen\u00f6ffnung: 120 mm. <\/p>\n<h3>Rechtliche Hinweise<\/h3>\n<p>14 Tage Widerrufsrecht <\/p>\n<p>Gusseiserne Aus\u00fchrung<br \/>\nLackierte Oberfl\u00e4che<br \/>\nBacken\u00f6ffnung: 120 mm<br \/>\nGriff und Gewindestange mit verchromter Oberfl\u00e4che<br \/>\n<div class=\"main-cross-sell\" data-asin=\"B000OIPRRY\">\n\n\t<div class=\"WooZone-cross-sell-loader\">\n\t\t<div>\n\t\t\t<div id=\"floatingBarsG\">\n\t\t\t\t<div class=\"blockG\" id=\"rotateG_01\"><\/div>\n\t\t\t\t<div class=\"blockG\" id=\"rotateG_02\"><\/div>\n\t\t\t\t<div class=\"blockG\" id=\"rotateG_03\"><\/div>\n\t\t\t\t<div class=\"blockG\" id=\"rotateG_04\"><\/div>\n\t\t\t\t<div class=\"blockG\" id=\"rotateG_05\"><\/div>\n\t\t\t\t<div class=\"blockG\" id=\"rotateG_06\"><\/div>\n\t\t\t\t<div class=\"blockG\" id=\"rotateG_07\"><\/div>\n\t\t\t\t<div class=\"blockG\" id=\"rotateG_08\"><\/div>\n\t\t\t<\/div>\n\t\t\t<div class=\"WooZone-cross-sell-loader-text\"><\/div>\n\t\t<\/div>\n\t<\/div>\n\n\t\t\n<\/div>\n<div style=\"clear:both;\"><\/div>\n","protected":false},"excerpt":{"rendered":"<p>Gusseiserne Aus\u00fchrung<br \/>\nLackierte Oberfl\u00e4che<br \/>\nBacken\u00f6ffnung: 120 mm<\/p>\n","protected":false},"featured_media":13257,"comment_status":"open","ping_status":"closed","template":"","meta":[],"product_cat":[108,242],"product_tag":[],"class_list":{"0":"post-13256","1":"product","2":"type-product","3":"status-publish","4":"has-post-thumbnail","6":"product_cat-bohren-und-schrauben","7":"product_cat-schraubstock","8":"pa_brand-silverline","11":"first","12":"instock","13":"shipping-taxable","14":"product-type-external"},"_links":{"self":[{"href":"https:\/\/werkzeuge-aller-art.com\/index.php?rest_route=\/wp\/v2\/product\/13256","targetHints":{"allow":["GET"]}}],"collection":[{"href":"https:\/\/werkzeuge-aller-art.com\/index.php?rest_route=\/wp\/v2\/product"}],"about":[{"href":"https:\/\/werkzeuge-aller-art.com\/index.php?rest_route=\/wp\/v2\/types\/product"}],"replies":[{"embeddable":true,"href":"https:\/\/werkzeuge-aller-art.com\/index.php?rest_route=%2Fwp%2Fv2%2Fcomments&post=13256"}],"wp:featuredmedia":[{"embeddable":true,"href":"https:\/\/werkzeuge-aller-art.com\/index.php?rest_route=\/wp\/v2\/media\/13257"}],"wp:attachment":[{"href":"https:\/\/werkzeuge-aller-art.com\/index.php?rest_route=%2Fwp%2Fv2%2Fmedia&parent=13256"}],"wp:term":[{"taxonomy":"product_cat","embeddable":true,"href":"https:\/\/werkzeuge-aller-art.com\/index.php?rest_route=%2Fwp%2Fv2%2Fproduct_cat&post=13256"},{"taxonomy":"product_tag","embeddable":true,"href":"https:\/\/werkzeuge-aller-art.com\/index.php?rest_route=%2Fwp%2Fv2%2Fproduct_tag&post=13256"}],"curies":[{"name":"wp","href":"https:\/\/api.w.org\/{rel}","templated":true}]}}