{"id":13250,"date":"2020-03-07T21:27:35","date_gmt":"2020-03-07T20:27:35","guid":{"rendered":"https:\/\/werkzeuge-aller-art.com\/?product=stier-parallelschraubstock-groesse-100-normalausfuehrung"},"modified":"2023-04-10T06:16:22","modified_gmt":"2023-04-10T04:16:22","slug":"stier-parallelschraubstock-groesse-100-normalausfuehrung","status":"publish","type":"product","link":"https:\/\/werkzeuge-aller-art.com\/?product=stier-parallelschraubstock-groesse-100-normalausfuehrung","title":{"rendered":"STIER Parallelschraubstock, Spannweite 125 mm, Gr\u00f6\u00dfe 100 mm, Schraubstock mit breiter Ambossfl\u00e4che, hohe Spannkraft\u2026"},"content":{"rendered":"\n\t\t<div id='gallery-1' class='gallery galleryid-13250 gallery-columns-3 gallery-size-full'><dl class='gallery-item'>\r\n\t<dt class='gallery-icon landscape'>\r\n\t<a rel='gallery-nr'><img loading=\"lazy\" decoding=\"async\" width=\"500\" height=\"500\" src=\"https:\/\/images-na.ssl-images-amazon.com\/images\/I\/41tqiAubZjL.jpg\" class=\"attachment-full size-full\" alt=\"\" srcset=\"https:\/\/images-na.ssl-images-amazon.com\/images\/I\/41tqiAubZjL.jpg 500w, https:\/\/images-na.ssl-images-amazon.com\/images\/I\/41tqiAubZjL._SS150_.jpg 150w, https:\/\/images-na.ssl-images-amazon.com\/images\/I\/41tqiAubZjL._SS300_.jpg 300w, https:\/\/images-na.ssl-images-amazon.com\/images\/I\/41tqiAubZjL._SS768_.jpg 768w, https:\/\/images-na.ssl-images-amazon.com\/images\/I\/41tqiAubZjL._SS1024_.jpg 1024w, https:\/\/images-na.ssl-images-amazon.com\/images\/I\/41tqiAubZjL._SS1536_.jpg 1536w, https:\/\/images-na.ssl-images-amazon.com\/images\/I\/41tqiAubZjL._SS2048_.jpg 2048w, https:\/\/images-na.ssl-images-amazon.com\/images\/I\/41tqiAubZjL._SS145_.jpg 145w, https:\/\/images-na.ssl-images-amazon.com\/images\/I\/41tqiAubZjL._SS1400_.jpg 1400w, https:\/\/images-na.ssl-images-amazon.com\/images\/I\/41tqiAubZjL._SS50_.jpg 50w, https:\/\/images-na.ssl-images-amazon.com\/images\/I\/41tqiAubZjL._SS604_.jpg 604w, https:\/\/images-na.ssl-images-amazon.com\/images\/I\/41tqiAubZjL._SS262_.jpg 262w, https:\/\/images-na.ssl-images-amazon.com\/images\/I\/41tqiAubZjL._SS600_.jpg 600w, https:\/\/images-na.ssl-images-amazon.com\/images\/I\/41tqiAubZjL._SS100_.jpg 100w\" sizes=\"auto, (max-width: 500px) 100vw, 500px\" \/><\/a>\r\n\t<\/dt>\r\n\t<dd class='wp-caption-text gallery-caption'>\r\n\t<div class='gallery-caption-inner'> <div class='wp-caption-text gallery-title'>\r\n\tSTIER-Parallelschraubstock-Gre-100-Normalausfhrung\r\n\t<\/div><div class='wp-caption-text gallery-zoom no-text'>\r\n\t\t<a href=https:\/\/werkzeuge-aller-art.com\/?attachment_id=13251 title='Click to view Full Image' class='icon mustang-gallery'><i class='fa fa-plus'><\/i><\/a>\r\n\t\t<\/div><div class='wp-caption-text gallery-redirect'>\r\n\t\t<a href=https:\/\/werkzeuge-aller-art.com\/?attachment_id=13251 title='Click to view read more' class='icon readmore'><i class='fa fa-link'><\/i><\/a>\r\n\t\t<\/div><\/div><\/dd><\/dl><dl class='gallery-item'>\r\n\t<dt class='gallery-icon landscape'>\r\n\t<a rel='gallery-nr'><img loading=\"lazy\" decoding=\"async\" width=\"500\" height=\"500\" src=\"https:\/\/images-na.ssl-images-amazon.com\/images\/I\/41qm11tDetL.jpg\" class=\"attachment-full size-full\" alt=\"\" srcset=\"https:\/\/images-na.ssl-images-amazon.com\/images\/I\/41qm11tDetL.jpg 500w, https:\/\/images-na.ssl-images-amazon.com\/images\/I\/41qm11tDetL._SS150_.jpg 150w, https:\/\/images-na.ssl-images-amazon.com\/images\/I\/41qm11tDetL._SS300_.jpg 300w, https:\/\/images-na.ssl-images-amazon.com\/images\/I\/41qm11tDetL._SS768_.jpg 768w, https:\/\/images-na.ssl-images-amazon.com\/images\/I\/41qm11tDetL._SS1024_.jpg 1024w, https:\/\/images-na.ssl-images-amazon.com\/images\/I\/41qm11tDetL._SS1536_.jpg 1536w, https:\/\/images-na.ssl-images-amazon.com\/images\/I\/41qm11tDetL._SS2048_.jpg 2048w, https:\/\/images-na.ssl-images-amazon.com\/images\/I\/41qm11tDetL._SS145_.jpg 145w, https:\/\/images-na.ssl-images-amazon.com\/images\/I\/41qm11tDetL._SS1400_.jpg 1400w, https:\/\/images-na.ssl-images-amazon.com\/images\/I\/41qm11tDetL._SS50_.jpg 50w, https:\/\/images-na.ssl-images-amazon.com\/images\/I\/41qm11tDetL._SS604_.jpg 604w, https:\/\/images-na.ssl-images-amazon.com\/images\/I\/41qm11tDetL._SS262_.jpg 262w, https:\/\/images-na.ssl-images-amazon.com\/images\/I\/41qm11tDetL._SS600_.jpg 600w, https:\/\/images-na.ssl-images-amazon.com\/images\/I\/41qm11tDetL._SS100_.jpg 100w\" sizes=\"auto, (max-width: 500px) 100vw, 500px\" \/><\/a>\r\n\t<\/dt>\r\n\t<dd class='wp-caption-text gallery-caption'>\r\n\t<div class='gallery-caption-inner'> <div class='wp-caption-text gallery-title'>\r\n\tSTIER-Parallelschraubstock-Gre-100-Normalausfhrung\r\n\t<\/div><div class='wp-caption-text gallery-zoom no-text'>\r\n\t\t<a href=https:\/\/werkzeuge-aller-art.com\/?attachment_id=13252 title='Click to view Full Image' class='icon mustang-gallery'><i class='fa fa-plus'><\/i><\/a>\r\n\t\t<\/div><div class='wp-caption-text gallery-redirect'>\r\n\t\t<a href=https:\/\/werkzeuge-aller-art.com\/?attachment_id=13252 title='Click to view read more' class='icon readmore'><i class='fa fa-link'><\/i><\/a>\r\n\t\t<\/div><\/div><\/dd><\/dl><dl class='gallery-item'>\r\n\t<dt class='gallery-icon landscape'>\r\n\t<a rel='gallery-nr'><img loading=\"lazy\" decoding=\"async\" width=\"500\" height=\"500\" src=\"https:\/\/images-na.ssl-images-amazon.com\/images\/I\/51a%2BeKbXSbL.jpg\" class=\"attachment-full size-full\" alt=\"\" srcset=\"https:\/\/images-na.ssl-images-amazon.com\/images\/I\/51a%2BeKbXSbL.jpg 500w, https:\/\/images-na.ssl-images-amazon.com\/images\/I\/51a%2BeKbXSbL._SS150_.jpg 150w, https:\/\/images-na.ssl-images-amazon.com\/images\/I\/51a%2BeKbXSbL._SS300_.jpg 300w, https:\/\/images-na.ssl-images-amazon.com\/images\/I\/51a%2BeKbXSbL._SS768_.jpg 768w, https:\/\/images-na.ssl-images-amazon.com\/images\/I\/51a%2BeKbXSbL._SS1024_.jpg 1024w, https:\/\/images-na.ssl-images-amazon.com\/images\/I\/51a%2BeKbXSbL._SS1536_.jpg 1536w, https:\/\/images-na.ssl-images-amazon.com\/images\/I\/51a%2BeKbXSbL._SS2048_.jpg 2048w, https:\/\/images-na.ssl-images-amazon.com\/images\/I\/51a%2BeKbXSbL._SS145_.jpg 145w, https:\/\/images-na.ssl-images-amazon.com\/images\/I\/51a%2BeKbXSbL._SS1400_.jpg 1400w, https:\/\/images-na.ssl-images-amazon.com\/images\/I\/51a%2BeKbXSbL._SS50_.jpg 50w, https:\/\/images-na.ssl-images-amazon.com\/images\/I\/51a%2BeKbXSbL._SS604_.jpg 604w, https:\/\/images-na.ssl-images-amazon.com\/images\/I\/51a%2BeKbXSbL._SS262_.jpg 262w, https:\/\/images-na.ssl-images-amazon.com\/images\/I\/51a%2BeKbXSbL._SS600_.jpg 600w, https:\/\/images-na.ssl-images-amazon.com\/images\/I\/51a%2BeKbXSbL._SS100_.jpg 100w\" sizes=\"auto, (max-width: 500px) 100vw, 500px\" \/><\/a>\r\n\t<\/dt>\r\n\t<dd class='wp-caption-text gallery-caption'>\r\n\t<div class='gallery-caption-inner'> <div class='wp-caption-text gallery-title'>\r\n\tSTIER-Parallelschraubstock-Gre-100-Normalausfhrung\r\n\t<\/div><div class='wp-caption-text gallery-zoom no-text'>\r\n\t\t<a href=https:\/\/werkzeuge-aller-art.com\/?attachment_id=13253 title='Click to view Full Image' class='icon mustang-gallery'><i class='fa fa-plus'><\/i><\/a>\r\n\t\t<\/div><div class='wp-caption-text gallery-redirect'>\r\n\t\t<a href=https:\/\/werkzeuge-aller-art.com\/?attachment_id=13253 title='Click to view read more' class='icon readmore'><i class='fa fa-link'><\/i><\/a>\r\n\t\t<\/div><\/div><\/dd><\/dl>\r\n<\/div>\n\n<div class=\"disclaim\"> Gr\u00f6\u00dfe:<strong>125mm x 100mm<\/strong> <\/div>\n<p> <!-- show up to 2 reviews by default --> <\/p>\n<p><b>Eigenschaften:<\/b><\/p>\n<ul>\n<li>Ganz aus Stahl geschmiedet<\/li>\n<li>Geh\u00e4rtete, angeraute Spannbacken mit hoher Spannkraft f\u00fcr optimalen Halt des Werkst\u00fccks<\/li>\n<li>Inklusive angeschmiedeter Rohrspannbacken f\u00fcr sicheres und fachgerechtes Einspannen von Rohren aller Art<\/li>\n<li>Mit breiter Ambossfl\u00e4che zum H\u00e4mmern und K\u00f6rnen von Werkst\u00fccken<\/li>\n<li>Vor Besch\u00e4digungen gesch\u00fctzte Drehspindel<\/li>\n<li>Rot pulverbeschichtet<\/li>\n<li>Inklusive Befestigungsmaterial zur Montage auf die Werkbank<\/li>\n<\/ul>\n<p><b>Lieferumfang:<\/b><\/p>\n<ul>\n<li>1 x STIER Parallelschraubstock Normalausf\u00fchrung<\/li>\n<li>2 x Sechskantschraube DIN 933 TG M10 x 100 mit passender Mutter<\/li>\n<\/ul>\n<p><b>Technische Daten:<\/b><\/p>\n<ul>\n<li>Backenbreite: 100 mm<\/li>\n<li>Spannweite: 125 mm<\/li>\n<li>Spanntiefe: 50 mm<\/li>\n<li>Ma\u00dfe (L x B x H): 325 x 190 x 135 mm<\/li>\n<\/ul>\n<p><b>STIER Produkte werden von Profis aus Handwerk und Industrie entwickelt und verbinden in h\u00f6chstem Ma\u00dfe Leistungsst\u00e4rke und Ergonomie. Kraftvoll. Widerstandsf\u00e4hig. Langlebig. Tausende Kunden vertrauen dem besten Preis-Leistungs-Verh\u00e4ltnis. Erlebe auch du die STIER Produktpalette in unserer Markenwelt hier auf Amazon.<\/b><br \/>Bitte beachten Sie: Dekoration nicht im Lieferumfang enthalten. <\/p>\n<p>Ganz aus Stahl geschmiedet<br \/>\nGeh\u00e4rtete, angeraute Spannbacken mit hoher Spannkraft f\u00fcr optimalen Halt des Werkst\u00fccks<br \/>\nInklusive angeschmiedeter Rohrspannbacken f\u00fcr sicheres und fachgerechtes Einspannen von Rohren aller Art<br \/>\nMit breiter Ambossfl\u00e4che zum H\u00e4mmern und K\u00f6rnen von Werkst\u00fccken<br \/>\nSTIER Produkte werden von Profis aus Handwerk und Industrie entwickelt und verbinden in h\u00f6chstem Ma\u00dfe Leistungsst\u00e4rke und Ergonomie. Kraftvoll. Widerstandsf\u00e4hig. Langlebig. Tausende Kunden vertrauen dem besten Preis-Leistungs-Verh\u00e4ltnis. Erlebe auch du die STIER Produktpalette in unserer Markenwelt hier auf Amazon.<br \/>\n<div class=\"main-cross-sell\" data-asin=\"B06XGSFWQ2\">\n\n\t<div class=\"WooZone-cross-sell-loader\">\n\t\t<div>\n\t\t\t<div id=\"floatingBarsG\">\n\t\t\t\t<div class=\"blockG\" id=\"rotateG_01\"><\/div>\n\t\t\t\t<div class=\"blockG\" id=\"rotateG_02\"><\/div>\n\t\t\t\t<div class=\"blockG\" id=\"rotateG_03\"><\/div>\n\t\t\t\t<div class=\"blockG\" id=\"rotateG_04\"><\/div>\n\t\t\t\t<div class=\"blockG\" id=\"rotateG_05\"><\/div>\n\t\t\t\t<div class=\"blockG\" id=\"rotateG_06\"><\/div>\n\t\t\t\t<div class=\"blockG\" id=\"rotateG_07\"><\/div>\n\t\t\t\t<div class=\"blockG\" id=\"rotateG_08\"><\/div>\n\t\t\t<\/div>\n\t\t\t<div class=\"WooZone-cross-sell-loader-text\"><\/div>\n\t\t<\/div>\n\t<\/div>\n\n\t\t\n<\/div>\n<div style=\"clear:both;\"><\/div>\n","protected":false},"excerpt":{"rendered":"<p>Ganz aus Stahl geschmiedet<br \/>\nGeh\u00e4rtete, angeraute Spannbacken mit hoher Spannkraft f\u00fcr optimalen Halt des Werkst\u00fccks<br \/>\nInklusive angeschmiedeter Rohrspannbacken f\u00fcr sicheres und fachgerechtes Einspannen von Rohren aller Art<\/p>\n","protected":false},"featured_media":13251,"comment_status":"open","ping_status":"closed","template":"","meta":[],"product_cat":[108,242],"product_tag":[],"class_list":{"0":"post-13250","1":"product","2":"type-product","3":"status-publish","4":"has-post-thumbnail","6":"product_cat-bohren-und-schrauben","7":"product_cat-schraubstock","8":"pa_brand-stier","11":"first","12":"instock","13":"shipping-taxable","14":"product-type-external"},"_links":{"self":[{"href":"https:\/\/werkzeuge-aller-art.com\/index.php?rest_route=\/wp\/v2\/product\/13250","targetHints":{"allow":["GET"]}}],"collection":[{"href":"https:\/\/werkzeuge-aller-art.com\/index.php?rest_route=\/wp\/v2\/product"}],"about":[{"href":"https:\/\/werkzeuge-aller-art.com\/index.php?rest_route=\/wp\/v2\/types\/product"}],"replies":[{"embeddable":true,"href":"https:\/\/werkzeuge-aller-art.com\/index.php?rest_route=%2Fwp%2Fv2%2Fcomments&post=13250"}],"wp:featuredmedia":[{"embeddable":true,"href":"https:\/\/werkzeuge-aller-art.com\/index.php?rest_route=\/wp\/v2\/media\/13251"}],"wp:attachment":[{"href":"https:\/\/werkzeuge-aller-art.com\/index.php?rest_route=%2Fwp%2Fv2%2Fmedia&parent=13250"}],"wp:term":[{"taxonomy":"product_cat","embeddable":true,"href":"https:\/\/werkzeuge-aller-art.com\/index.php?rest_route=%2Fwp%2Fv2%2Fproduct_cat&post=13250"},{"taxonomy":"product_tag","embeddable":true,"href":"https:\/\/werkzeuge-aller-art.com\/index.php?rest_route=%2Fwp%2Fv2%2Fproduct_tag&post=13250"}],"curies":[{"name":"wp","href":"https:\/\/api.w.org\/{rel}","templated":true}]}}