{"id":13215,"date":"2020-03-07T21:21:14","date_gmt":"2020-03-07T20:21:14","guid":{"rendered":"https:\/\/werkzeuge-aller-art.com\/?product=makita-mt-bohrmaschine-high-speed-m6501"},"modified":"2023-04-10T06:16:22","modified_gmt":"2023-04-10T04:16:22","slug":"makita-mt-bohrmaschine-high-speed-m6501","status":"publish","type":"product","link":"https:\/\/werkzeuge-aller-art.com\/?product=makita-mt-bohrmaschine-high-speed-m6501","title":{"rendered":"Makita M6501 M6501 Bohrmaschine High Speed Schwarz, Rot"},"content":{"rendered":"<p><!-- show up to 2 reviews by default --> <\/p>\n<p>M6501 Bohrmaschine High SpeedHohe Drehzahl f\u00fcr optimale Bohrgeschwindigkeit Drehzahl elektronisch regelbar Mit Softgriff Sehr handliche und leichte Bohrmaschine f\u00fcr kleine Bohrdurchmesser Mit Rechts-\/Links-Lauf Technische Details: Leistungsaufnahme: 230 WattLeerlaufdrehzahl: 4500 Bohrleistung in Stahl: 6,5 mmBohrleistung in Holz: 9 mmBohrfutterspannweite: 0,5##6,5 mmMa\u00dfe (LxBxH) mm: 203x63x171 Gewicht: 0,95 kgLieferumfang: Bohrfutterschl\u00fcssel S6 (Art. 763449-2)Halter f. Bohrfutterschl\u00fcssel (Art. 418163-2) <\/p>\n<p>Hohe Drehzahl f\u00fcr optimale Bohrgeschwindigkeit<br \/>\nDrehzahl elektronisch regelbar<br \/>\nMit Softgriff<br \/>\nSehr handliche und leichte Bohrmaschine f\u00fcr kleine Bohrdurchmesser<br \/>\nMit Rechts-\/Links-Lauf<br \/>\n<div class=\"main-cross-sell\" data-asin=\"B01M6B6DKW\">\n\n\t<div class=\"WooZone-cross-sell-loader\">\n\t\t<div>\n\t\t\t<div id=\"floatingBarsG\">\n\t\t\t\t<div class=\"blockG\" id=\"rotateG_01\"><\/div>\n\t\t\t\t<div class=\"blockG\" id=\"rotateG_02\"><\/div>\n\t\t\t\t<div class=\"blockG\" id=\"rotateG_03\"><\/div>\n\t\t\t\t<div class=\"blockG\" id=\"rotateG_04\"><\/div>\n\t\t\t\t<div class=\"blockG\" id=\"rotateG_05\"><\/div>\n\t\t\t\t<div class=\"blockG\" id=\"rotateG_06\"><\/div>\n\t\t\t\t<div class=\"blockG\" id=\"rotateG_07\"><\/div>\n\t\t\t\t<div class=\"blockG\" id=\"rotateG_08\"><\/div>\n\t\t\t<\/div>\n\t\t\t<div class=\"WooZone-cross-sell-loader-text\"><\/div>\n\t\t<\/div>\n\t<\/div>\n\n\t\t\n<\/div>\n<div style=\"clear:both;\"><\/div>\n","protected":false},"excerpt":{"rendered":"<p>Hohe Drehzahl f\u00fcr optimale Bohrgeschwindigkeit<br \/>\nDrehzahl elektronisch regelbar<br \/>\nMit Softgriff<\/p>\n","protected":false},"featured_media":13216,"comment_status":"open","ping_status":"closed","template":"","meta":[],"product_cat":[108,113],"product_tag":[],"class_list":{"0":"post-13215","1":"product","2":"type-product","3":"status-publish","4":"has-post-thumbnail","6":"product_cat-bohren-und-schrauben","7":"product_cat-bohrmaschinen","8":"pa_brand-makita","11":"first","12":"instock","13":"shipping-taxable","14":"product-type-external"},"_links":{"self":[{"href":"https:\/\/werkzeuge-aller-art.com\/index.php?rest_route=\/wp\/v2\/product\/13215","targetHints":{"allow":["GET"]}}],"collection":[{"href":"https:\/\/werkzeuge-aller-art.com\/index.php?rest_route=\/wp\/v2\/product"}],"about":[{"href":"https:\/\/werkzeuge-aller-art.com\/index.php?rest_route=\/wp\/v2\/types\/product"}],"replies":[{"embeddable":true,"href":"https:\/\/werkzeuge-aller-art.com\/index.php?rest_route=%2Fwp%2Fv2%2Fcomments&post=13215"}],"wp:featuredmedia":[{"embeddable":true,"href":"https:\/\/werkzeuge-aller-art.com\/index.php?rest_route=\/wp\/v2\/media\/13216"}],"wp:attachment":[{"href":"https:\/\/werkzeuge-aller-art.com\/index.php?rest_route=%2Fwp%2Fv2%2Fmedia&parent=13215"}],"wp:term":[{"taxonomy":"product_cat","embeddable":true,"href":"https:\/\/werkzeuge-aller-art.com\/index.php?rest_route=%2Fwp%2Fv2%2Fproduct_cat&post=13215"},{"taxonomy":"product_tag","embeddable":true,"href":"https:\/\/werkzeuge-aller-art.com\/index.php?rest_route=%2Fwp%2Fv2%2Fproduct_tag&post=13215"}],"curies":[{"name":"wp","href":"https:\/\/api.w.org\/{rel}","templated":true}]}}