{"id":13167,"date":"2020-03-07T21:19:02","date_gmt":"2020-03-07T20:19:02","guid":{"rendered":"https:\/\/werkzeuge-aller-art.com\/?product=bosch-schlagbohrmaschine-advancedimpact-900-zusatzhandgriff-tiefenanschlag-koffer-900-watt"},"modified":"2023-04-10T06:16:22","modified_gmt":"2023-04-10T04:16:22","slug":"bosch-schlagbohrmaschine-advancedimpact-900-zusatzhandgriff-tiefenanschlag-koffer-900-watt","status":"publish","type":"product","link":"https:\/\/werkzeuge-aller-art.com\/?product=bosch-schlagbohrmaschine-advancedimpact-900-zusatzhandgriff-tiefenanschlag-koffer-900-watt","title":{"rendered":"Bosch Schlagbohrmaschine AdvancedImpact 900 (Zusatzhandgriff, Tiefenanschlag, Koffer, 900 Watt)"},"content":{"rendered":"\n\t\t<div id='gallery-1' class='gallery galleryid-13167 gallery-columns-3 gallery-size-full'><dl class='gallery-item'>\r\n\t<dt class='gallery-icon landscape'>\r\n\t<a rel='gallery-nr'><img loading=\"lazy\" decoding=\"async\" width=\"500\" height=\"500\" src=\"https:\/\/images-na.ssl-images-amazon.com\/images\/I\/41RUPcweW9L.jpg\" class=\"attachment-full size-full\" alt=\"\" srcset=\"https:\/\/images-na.ssl-images-amazon.com\/images\/I\/41RUPcweW9L.jpg 500w, https:\/\/images-na.ssl-images-amazon.com\/images\/I\/41RUPcweW9L._SS150_.jpg 150w, https:\/\/images-na.ssl-images-amazon.com\/images\/I\/41RUPcweW9L._SS300_.jpg 300w, https:\/\/images-na.ssl-images-amazon.com\/images\/I\/41RUPcweW9L._SS768_.jpg 768w, https:\/\/images-na.ssl-images-amazon.com\/images\/I\/41RUPcweW9L._SS1024_.jpg 1024w, https:\/\/images-na.ssl-images-amazon.com\/images\/I\/41RUPcweW9L._SS1536_.jpg 1536w, https:\/\/images-na.ssl-images-amazon.com\/images\/I\/41RUPcweW9L._SS2048_.jpg 2048w, https:\/\/images-na.ssl-images-amazon.com\/images\/I\/41RUPcweW9L._SS145_.jpg 145w, https:\/\/images-na.ssl-images-amazon.com\/images\/I\/41RUPcweW9L._SS1400_.jpg 1400w, https:\/\/images-na.ssl-images-amazon.com\/images\/I\/41RUPcweW9L._SS50_.jpg 50w, https:\/\/images-na.ssl-images-amazon.com\/images\/I\/41RUPcweW9L._SS604_.jpg 604w, https:\/\/images-na.ssl-images-amazon.com\/images\/I\/41RUPcweW9L._SS262_.jpg 262w, https:\/\/images-na.ssl-images-amazon.com\/images\/I\/41RUPcweW9L._SS600_.jpg 600w, https:\/\/images-na.ssl-images-amazon.com\/images\/I\/41RUPcweW9L._SS100_.jpg 100w\" sizes=\"auto, (max-width: 500px) 100vw, 500px\" \/><\/a>\r\n\t<\/dt>\r\n\t<dd class='wp-caption-text gallery-caption'>\r\n\t<div class='gallery-caption-inner'> <div class='wp-caption-text gallery-title'>\r\n\tBosch-Schlagbohrmaschine-AdvancedImpact-900-Zusatzhandgriff-Tiefenanschlag-Koffer-900-Watt\r\n\t<\/div><div class='wp-caption-text gallery-zoom no-text'>\r\n\t\t<a href=https:\/\/werkzeuge-aller-art.com\/?attachment_id=13168 title='Click to view Full Image' class='icon mustang-gallery'><i class='fa fa-plus'><\/i><\/a>\r\n\t\t<\/div><div class='wp-caption-text gallery-redirect'>\r\n\t\t<a href=https:\/\/werkzeuge-aller-art.com\/?attachment_id=13168 title='Click to view read more' class='icon readmore'><i class='fa fa-link'><\/i><\/a>\r\n\t\t<\/div><\/div><\/dd><\/dl><dl class='gallery-item'>\r\n\t<dt class='gallery-icon landscape'>\r\n\t<a rel='gallery-nr'><img loading=\"lazy\" decoding=\"async\" width=\"500\" height=\"500\" src=\"https:\/\/images-na.ssl-images-amazon.com\/images\/I\/41Wbqj59QaL.jpg\" class=\"attachment-full size-full\" alt=\"\" srcset=\"https:\/\/images-na.ssl-images-amazon.com\/images\/I\/41Wbqj59QaL.jpg 500w, https:\/\/images-na.ssl-images-amazon.com\/images\/I\/41Wbqj59QaL._SS150_.jpg 150w, https:\/\/images-na.ssl-images-amazon.com\/images\/I\/41Wbqj59QaL._SS300_.jpg 300w, https:\/\/images-na.ssl-images-amazon.com\/images\/I\/41Wbqj59QaL._SS768_.jpg 768w, https:\/\/images-na.ssl-images-amazon.com\/images\/I\/41Wbqj59QaL._SS1024_.jpg 1024w, https:\/\/images-na.ssl-images-amazon.com\/images\/I\/41Wbqj59QaL._SS1536_.jpg 1536w, https:\/\/images-na.ssl-images-amazon.com\/images\/I\/41Wbqj59QaL._SS2048_.jpg 2048w, https:\/\/images-na.ssl-images-amazon.com\/images\/I\/41Wbqj59QaL._SS145_.jpg 145w, https:\/\/images-na.ssl-images-amazon.com\/images\/I\/41Wbqj59QaL._SS1400_.jpg 1400w, https:\/\/images-na.ssl-images-amazon.com\/images\/I\/41Wbqj59QaL._SS50_.jpg 50w, https:\/\/images-na.ssl-images-amazon.com\/images\/I\/41Wbqj59QaL._SS604_.jpg 604w, https:\/\/images-na.ssl-images-amazon.com\/images\/I\/41Wbqj59QaL._SS262_.jpg 262w, https:\/\/images-na.ssl-images-amazon.com\/images\/I\/41Wbqj59QaL._SS600_.jpg 600w, https:\/\/images-na.ssl-images-amazon.com\/images\/I\/41Wbqj59QaL._SS100_.jpg 100w\" sizes=\"auto, (max-width: 500px) 100vw, 500px\" \/><\/a>\r\n\t<\/dt>\r\n\t<dd class='wp-caption-text gallery-caption'>\r\n\t<div class='gallery-caption-inner'> <div class='wp-caption-text gallery-title'>\r\n\tBosch-Schlagbohrmaschine-AdvancedImpact-900-Zusatzhandgriff-Tiefenanschlag-Koffer-900-Watt\r\n\t<\/div><div class='wp-caption-text gallery-zoom no-text'>\r\n\t\t<a href=https:\/\/werkzeuge-aller-art.com\/?attachment_id=13169 title='Click to view Full Image' class='icon mustang-gallery'><i class='fa fa-plus'><\/i><\/a>\r\n\t\t<\/div><div class='wp-caption-text gallery-redirect'>\r\n\t\t<a href=https:\/\/werkzeuge-aller-art.com\/?attachment_id=13169 title='Click to view read more' class='icon readmore'><i class='fa fa-link'><\/i><\/a>\r\n\t\t<\/div><\/div><\/dd><\/dl><dl class='gallery-item'>\r\n\t<dt class='gallery-icon landscape'>\r\n\t<a rel='gallery-nr'><img loading=\"lazy\" decoding=\"async\" width=\"500\" height=\"500\" src=\"https:\/\/images-na.ssl-images-amazon.com\/images\/I\/41Jh3rf8mOL.jpg\" class=\"attachment-full size-full\" alt=\"\" srcset=\"https:\/\/images-na.ssl-images-amazon.com\/images\/I\/41Jh3rf8mOL.jpg 500w, https:\/\/images-na.ssl-images-amazon.com\/images\/I\/41Jh3rf8mOL._SS150_.jpg 150w, https:\/\/images-na.ssl-images-amazon.com\/images\/I\/41Jh3rf8mOL._SS300_.jpg 300w, https:\/\/images-na.ssl-images-amazon.com\/images\/I\/41Jh3rf8mOL._SS768_.jpg 768w, https:\/\/images-na.ssl-images-amazon.com\/images\/I\/41Jh3rf8mOL._SS1024_.jpg 1024w, https:\/\/images-na.ssl-images-amazon.com\/images\/I\/41Jh3rf8mOL._SS1536_.jpg 1536w, https:\/\/images-na.ssl-images-amazon.com\/images\/I\/41Jh3rf8mOL._SS2048_.jpg 2048w, https:\/\/images-na.ssl-images-amazon.com\/images\/I\/41Jh3rf8mOL._SS145_.jpg 145w, https:\/\/images-na.ssl-images-amazon.com\/images\/I\/41Jh3rf8mOL._SS1400_.jpg 1400w, https:\/\/images-na.ssl-images-amazon.com\/images\/I\/41Jh3rf8mOL._SS50_.jpg 50w, https:\/\/images-na.ssl-images-amazon.com\/images\/I\/41Jh3rf8mOL._SS604_.jpg 604w, https:\/\/images-na.ssl-images-amazon.com\/images\/I\/41Jh3rf8mOL._SS262_.jpg 262w, https:\/\/images-na.ssl-images-amazon.com\/images\/I\/41Jh3rf8mOL._SS600_.jpg 600w, https:\/\/images-na.ssl-images-amazon.com\/images\/I\/41Jh3rf8mOL._SS100_.jpg 100w\" sizes=\"auto, (max-width: 500px) 100vw, 500px\" \/><\/a>\r\n\t<\/dt>\r\n\t<dd class='wp-caption-text gallery-caption'>\r\n\t<div class='gallery-caption-inner'> <div class='wp-caption-text gallery-title'>\r\n\tBosch-Schlagbohrmaschine-AdvancedImpact-900-Zusatzhandgriff-Tiefenanschlag-Koffer-900-Watt\r\n\t<\/div><div class='wp-caption-text gallery-zoom no-text'>\r\n\t\t<a href=https:\/\/werkzeuge-aller-art.com\/?attachment_id=13170 title='Click to view Full Image' class='icon mustang-gallery'><i class='fa fa-plus'><\/i><\/a>\r\n\t\t<\/div><div class='wp-caption-text gallery-redirect'>\r\n\t\t<a href=https:\/\/werkzeuge-aller-art.com\/?attachment_id=13170 title='Click to view read more' class='icon readmore'><i class='fa fa-link'><\/i><\/a>\r\n\t\t<\/div><\/div><\/dd><\/dl>\r\n<\/div>\n\n<div class=\"disclaim\"> Stil:<strong>AdvancedImpact 900<\/strong> <\/div>\n<p> <!-- show up to 2 reviews by default --> <\/p>\n<p>Bosch DIY Schlagbohrmaschine AdvancedImpact 900, Zusatzhandgriff, Tiefenanschlag, Koffer (900 W, max. Bohr-\u00d8: Holz: 40 mm, Beton: 18 mm, Stahl: 13 mm) <\/p>\n<p>Die Schlagbohrmaschine AdvancedImpact 900 &#8211; f\u00fcr h\u00f6chste Anspr\u00fcche an Leistung und Kontrolle<br \/>\nSicheres Arbeiten durch automatisches Abschalten des Motors bei blockierendem Werkzeug (Kickback Control)<br \/>\nBesonders kontrollierte Anwendung dank extralangem Zusatzhandgriff<br \/>\nSchneller und einfacher Werkzeugwechsel durch integriertes Schnellspannbohrfutter<br \/>\nLieferumfang: UniversalImpact 900, extralanger Zusatzhandgriff, Tiefenanschlag, Koffer<br \/>\n<div class=\"main-cross-sell\" data-asin=\"B06XR3DJRZ\">\n\n\t<div class=\"WooZone-cross-sell-loader\">\n\t\t<div>\n\t\t\t<div id=\"floatingBarsG\">\n\t\t\t\t<div class=\"blockG\" id=\"rotateG_01\"><\/div>\n\t\t\t\t<div class=\"blockG\" id=\"rotateG_02\"><\/div>\n\t\t\t\t<div class=\"blockG\" id=\"rotateG_03\"><\/div>\n\t\t\t\t<div class=\"blockG\" id=\"rotateG_04\"><\/div>\n\t\t\t\t<div class=\"blockG\" id=\"rotateG_05\"><\/div>\n\t\t\t\t<div class=\"blockG\" id=\"rotateG_06\"><\/div>\n\t\t\t\t<div class=\"blockG\" id=\"rotateG_07\"><\/div>\n\t\t\t\t<div class=\"blockG\" id=\"rotateG_08\"><\/div>\n\t\t\t<\/div>\n\t\t\t<div class=\"WooZone-cross-sell-loader-text\"><\/div>\n\t\t<\/div>\n\t<\/div>\n\n\t\t\n<\/div>\n<div style=\"clear:both;\"><\/div>\n","protected":false},"excerpt":{"rendered":"<p>Die Schlagbohrmaschine AdvancedImpact 900 &#8211; f\u00fcr h\u00f6chste Anspr\u00fcche an Leistung und Kontrolle<br \/>\nSicheres Arbeiten durch automatisches Abschalten des Motors bei blockierendem Werkzeug (Kickback Control)<br \/>\nBesonders kontrollierte Anwendung dank extralangem Zusatzhandgriff<\/p>\n","protected":false},"featured_media":13168,"comment_status":"open","ping_status":"closed","template":"","meta":[],"product_cat":[108,113],"product_tag":[],"class_list":{"0":"post-13167","1":"product","2":"type-product","3":"status-publish","4":"has-post-thumbnail","6":"product_cat-bohren-und-schrauben","7":"product_cat-bohrmaschinen","8":"pa_brand-bosch-home-and-garden","11":"first","12":"instock","13":"shipping-taxable","14":"product-type-external"},"_links":{"self":[{"href":"https:\/\/werkzeuge-aller-art.com\/index.php?rest_route=\/wp\/v2\/product\/13167","targetHints":{"allow":["GET"]}}],"collection":[{"href":"https:\/\/werkzeuge-aller-art.com\/index.php?rest_route=\/wp\/v2\/product"}],"about":[{"href":"https:\/\/werkzeuge-aller-art.com\/index.php?rest_route=\/wp\/v2\/types\/product"}],"replies":[{"embeddable":true,"href":"https:\/\/werkzeuge-aller-art.com\/index.php?rest_route=%2Fwp%2Fv2%2Fcomments&post=13167"}],"wp:featuredmedia":[{"embeddable":true,"href":"https:\/\/werkzeuge-aller-art.com\/index.php?rest_route=\/wp\/v2\/media\/13168"}],"wp:attachment":[{"href":"https:\/\/werkzeuge-aller-art.com\/index.php?rest_route=%2Fwp%2Fv2%2Fmedia&parent=13167"}],"wp:term":[{"taxonomy":"product_cat","embeddable":true,"href":"https:\/\/werkzeuge-aller-art.com\/index.php?rest_route=%2Fwp%2Fv2%2Fproduct_cat&post=13167"},{"taxonomy":"product_tag","embeddable":true,"href":"https:\/\/werkzeuge-aller-art.com\/index.php?rest_route=%2Fwp%2Fv2%2Fproduct_tag&post=13167"}],"curies":[{"name":"wp","href":"https:\/\/api.w.org\/{rel}","templated":true}]}}