{"id":13156,"date":"2020-03-07T21:18:56","date_gmt":"2020-03-07T20:18:56","guid":{"rendered":"https:\/\/werkzeuge-aller-art.com\/?product=makita-dp2010-bohrmaschine-high-speed-240-v-schwarz-blau"},"modified":"2023-04-10T06:16:21","modified_gmt":"2023-04-10T04:16:21","slug":"makita-dp2010-bohrmaschine-high-speed-240-v-schwarz-blau","status":"publish","type":"product","link":"https:\/\/werkzeuge-aller-art.com\/?product=makita-dp2010-bohrmaschine-high-speed-240-v-schwarz-blau","title":{"rendered":"Makita DP2010 Bohrmaschine High Speed, 240 V, Schwarz, Blau,Size"},"content":{"rendered":"<div id='gallery-1' class='gallery galleryid-13156 gallery-columns-3 gallery-size-full'><dl class='gallery-item'>\r\n\t<dt class='gallery-icon landscape'>\r\n\t<a rel='gallery-nr'><img loading=\"lazy\" decoding=\"async\" width=\"500\" height=\"500\" src=\"https:\/\/images-na.ssl-images-amazon.com\/images\/I\/41lwysXGGhL.jpg\" class=\"attachment-full size-full\" alt=\"\" srcset=\"https:\/\/images-na.ssl-images-amazon.com\/images\/I\/41lwysXGGhL.jpg 500w, https:\/\/images-na.ssl-images-amazon.com\/images\/I\/41lwysXGGhL._SS150_.jpg 150w, https:\/\/images-na.ssl-images-amazon.com\/images\/I\/41lwysXGGhL._SS300_.jpg 300w, https:\/\/images-na.ssl-images-amazon.com\/images\/I\/41lwysXGGhL._SS768_.jpg 768w, https:\/\/images-na.ssl-images-amazon.com\/images\/I\/41lwysXGGhL._SS1024_.jpg 1024w, https:\/\/images-na.ssl-images-amazon.com\/images\/I\/41lwysXGGhL._SS1536_.jpg 1536w, https:\/\/images-na.ssl-images-amazon.com\/images\/I\/41lwysXGGhL._SS2048_.jpg 2048w, https:\/\/images-na.ssl-images-amazon.com\/images\/I\/41lwysXGGhL._SS145_.jpg 145w, https:\/\/images-na.ssl-images-amazon.com\/images\/I\/41lwysXGGhL._SS1400_.jpg 1400w, https:\/\/images-na.ssl-images-amazon.com\/images\/I\/41lwysXGGhL._SS50_.jpg 50w, https:\/\/images-na.ssl-images-amazon.com\/images\/I\/41lwysXGGhL._SS604_.jpg 604w, https:\/\/images-na.ssl-images-amazon.com\/images\/I\/41lwysXGGhL._SS262_.jpg 262w, https:\/\/images-na.ssl-images-amazon.com\/images\/I\/41lwysXGGhL._SS600_.jpg 600w, https:\/\/images-na.ssl-images-amazon.com\/images\/I\/41lwysXGGhL._SS100_.jpg 100w\" sizes=\"auto, (max-width: 500px) 100vw, 500px\" \/><\/a>\r\n\t<\/dt>\r\n\t<dd class='wp-caption-text gallery-caption'>\r\n\t<div class='gallery-caption-inner'> <div class='wp-caption-text gallery-title'>\r\n\tMakita-DP2010-Bohrmaschine-High-Speed-240-V-Schwarz-Blau\r\n\t<\/div><div class='wp-caption-text gallery-zoom no-text'>\r\n\t\t<a href=https:\/\/werkzeuge-aller-art.com\/?attachment_id=13157 title='Click to view Full Image' class='icon mustang-gallery'><i class='fa fa-plus'><\/i><\/a>\r\n\t\t<\/div><div class='wp-caption-text gallery-redirect'>\r\n\t\t<a href=https:\/\/werkzeuge-aller-art.com\/?attachment_id=13157 title='Click to view read more' class='icon readmore'><i class='fa fa-link'><\/i><\/a>\r\n\t\t<\/div><\/div><\/dd><\/dl><dl class='gallery-item'>\r\n\t<dt class='gallery-icon landscape'>\r\n\t<a rel='gallery-nr'><img loading=\"lazy\" decoding=\"async\" width=\"500\" height=\"500\" src=\"https:\/\/images-na.ssl-images-amazon.com\/images\/I\/411THzaHn%2BL.jpg\" class=\"attachment-full size-full\" alt=\"\" srcset=\"https:\/\/images-na.ssl-images-amazon.com\/images\/I\/411THzaHn%2BL.jpg 500w, https:\/\/images-na.ssl-images-amazon.com\/images\/I\/411THzaHn%2BL._SS150_.jpg 150w, https:\/\/images-na.ssl-images-amazon.com\/images\/I\/411THzaHn%2BL._SS300_.jpg 300w, https:\/\/images-na.ssl-images-amazon.com\/images\/I\/411THzaHn%2BL._SS768_.jpg 768w, https:\/\/images-na.ssl-images-amazon.com\/images\/I\/411THzaHn%2BL._SS1024_.jpg 1024w, https:\/\/images-na.ssl-images-amazon.com\/images\/I\/411THzaHn%2BL._SS1536_.jpg 1536w, https:\/\/images-na.ssl-images-amazon.com\/images\/I\/411THzaHn%2BL._SS2048_.jpg 2048w, https:\/\/images-na.ssl-images-amazon.com\/images\/I\/411THzaHn%2BL._SS145_.jpg 145w, https:\/\/images-na.ssl-images-amazon.com\/images\/I\/411THzaHn%2BL._SS1400_.jpg 1400w, https:\/\/images-na.ssl-images-amazon.com\/images\/I\/411THzaHn%2BL._SS50_.jpg 50w, https:\/\/images-na.ssl-images-amazon.com\/images\/I\/411THzaHn%2BL._SS604_.jpg 604w, https:\/\/images-na.ssl-images-amazon.com\/images\/I\/411THzaHn%2BL._SS262_.jpg 262w, https:\/\/images-na.ssl-images-amazon.com\/images\/I\/411THzaHn%2BL._SS600_.jpg 600w, https:\/\/images-na.ssl-images-amazon.com\/images\/I\/411THzaHn%2BL._SS100_.jpg 100w\" sizes=\"auto, (max-width: 500px) 100vw, 500px\" \/><\/a>\r\n\t<\/dt>\r\n\t<dd class='wp-caption-text gallery-caption'>\r\n\t<div class='gallery-caption-inner'> <div class='wp-caption-text gallery-title'>\r\n\tMakita-DP2010-Bohrmaschine-High-Speed-240-V-Schwarz-Blau\r\n\t<\/div><div class='wp-caption-text gallery-zoom no-text'>\r\n\t\t<a href=https:\/\/werkzeuge-aller-art.com\/?attachment_id=13158 title='Click to view Full Image' class='icon mustang-gallery'><i class='fa fa-plus'><\/i><\/a>\r\n\t\t<\/div><div class='wp-caption-text gallery-redirect'>\r\n\t\t<a href=https:\/\/werkzeuge-aller-art.com\/?attachment_id=13158 title='Click to view read more' class='icon readmore'><i class='fa fa-link'><\/i><\/a>\r\n\t\t<\/div><\/div><\/dd><\/dl>\r\n<\/div>\n<br \/>\n<!-- show up to 2 reviews by default --> <\/p>\n<p>Hochgeschwindigkeitsbohrmaschine DP2010<\/p>\n<p> Mit Zahnkranzbohrfutter<br \/> Ideal f\u00fcr Serienbohrungen z.B. L\u00f6cher f\u00fcr Blindnieten, Blechschrauben etc.<br \/> Leicht und handlich, ideal f\u00fcr Werkzeugkiste, Bank und Montage<br \/> Hohe Drehzahl f\u00fcr optimale Bohrgeschwindigkeit<br \/> Durch 43-mm-Eurospannhals auch im Bohrst\u00e4nder einsetzbar<br \/> Mit Schnellspannbohrfutter<br \/> Bohrtiefenanschlag mit Gummistopper verhindert Besch\u00e4digungen<br \/>am Werkst\u00fcck<\/p>\n<p>Leistungsaufnahme 370 W<br \/>Leerlaufdrehzahl 0 &#8211; 4.200 min-1<br \/>Bohrleistung in Holz 15 mm <br \/>in Stahl 6,5 mm <br \/>Bohrfutterspannweite 0,8 &#8211; 6,5 mm<br \/>Gewicht 1,1 kg<\/p>\n<p>Lieferumfang:<br \/>Tiefenanschlag <\/p>\n<p>Mit Zahnkranzbohrfutter<br \/>\nIdeal f\u00fcr Serienbohrungen z.B. L\u00f6cher f\u00fcr Blindnieten, Blechschrauben etc.<br \/>\n<div class=\"main-cross-sell\" data-asin=\"B00N42ZTNE\">\n\n\t<div class=\"WooZone-cross-sell-loader\">\n\t\t<div>\n\t\t\t<div id=\"floatingBarsG\">\n\t\t\t\t<div class=\"blockG\" id=\"rotateG_01\"><\/div>\n\t\t\t\t<div class=\"blockG\" id=\"rotateG_02\"><\/div>\n\t\t\t\t<div class=\"blockG\" id=\"rotateG_03\"><\/div>\n\t\t\t\t<div class=\"blockG\" id=\"rotateG_04\"><\/div>\n\t\t\t\t<div class=\"blockG\" id=\"rotateG_05\"><\/div>\n\t\t\t\t<div class=\"blockG\" id=\"rotateG_06\"><\/div>\n\t\t\t\t<div class=\"blockG\" id=\"rotateG_07\"><\/div>\n\t\t\t\t<div class=\"blockG\" id=\"rotateG_08\"><\/div>\n\t\t\t<\/div>\n\t\t\t<div class=\"WooZone-cross-sell-loader-text\"><\/div>\n\t\t<\/div>\n\t<\/div>\n\n\t\t\n<\/div>\n<div style=\"clear:both;\"><\/div>\n","protected":false},"excerpt":{"rendered":"<p>Mit Zahnkranzbohrfutter<br \/>\nIdeal f\u00fcr Serienbohrungen z.B. L\u00f6cher f\u00fcr Blindnieten, Blechschrauben etc.<\/p>\n","protected":false},"featured_media":13157,"comment_status":"open","ping_status":"closed","template":"","meta":[],"product_cat":[108,113],"product_tag":[],"class_list":{"0":"post-13156","1":"product","2":"type-product","3":"status-publish","4":"has-post-thumbnail","6":"product_cat-bohren-und-schrauben","7":"product_cat-bohrmaschinen","8":"pa_brand-makita","11":"first","12":"instock","13":"shipping-taxable","14":"product-type-external"},"_links":{"self":[{"href":"https:\/\/werkzeuge-aller-art.com\/index.php?rest_route=\/wp\/v2\/product\/13156","targetHints":{"allow":["GET"]}}],"collection":[{"href":"https:\/\/werkzeuge-aller-art.com\/index.php?rest_route=\/wp\/v2\/product"}],"about":[{"href":"https:\/\/werkzeuge-aller-art.com\/index.php?rest_route=\/wp\/v2\/types\/product"}],"replies":[{"embeddable":true,"href":"https:\/\/werkzeuge-aller-art.com\/index.php?rest_route=%2Fwp%2Fv2%2Fcomments&post=13156"}],"wp:featuredmedia":[{"embeddable":true,"href":"https:\/\/werkzeuge-aller-art.com\/index.php?rest_route=\/wp\/v2\/media\/13157"}],"wp:attachment":[{"href":"https:\/\/werkzeuge-aller-art.com\/index.php?rest_route=%2Fwp%2Fv2%2Fmedia&parent=13156"}],"wp:term":[{"taxonomy":"product_cat","embeddable":true,"href":"https:\/\/werkzeuge-aller-art.com\/index.php?rest_route=%2Fwp%2Fv2%2Fproduct_cat&post=13156"},{"taxonomy":"product_tag","embeddable":true,"href":"https:\/\/werkzeuge-aller-art.com\/index.php?rest_route=%2Fwp%2Fv2%2Fproduct_tag&post=13156"}],"curies":[{"name":"wp","href":"https:\/\/api.w.org\/{rel}","templated":true}]}}