{"id":13128,"date":"2020-03-07T21:14:40","date_gmt":"2020-03-07T20:14:40","guid":{"rendered":"https:\/\/werkzeuge-aller-art.com\/?product=bosch-schlagbohrmaschine-universalimpact-800-800-watt-koffer"},"modified":"2023-04-10T06:16:21","modified_gmt":"2023-04-10T04:16:21","slug":"bosch-schlagbohrmaschine-universalimpact-800-800-watt-koffer","status":"publish","type":"product","link":"https:\/\/werkzeuge-aller-art.com\/?product=bosch-schlagbohrmaschine-universalimpact-800-800-watt-koffer","title":{"rendered":"Bosch Home and Garden Schlagbohrmaschine UniversalImpact 800 (800 Watt, Koffer), Schwarz\/Gr\u00fcn"},"content":{"rendered":"\n\t\t<div id='gallery-1' class='gallery galleryid-13128 gallery-columns-3 gallery-size-full'><dl class='gallery-item'>\r\n\t<dt class='gallery-icon landscape'>\r\n\t<a rel='gallery-nr'><img loading=\"lazy\" decoding=\"async\" width=\"500\" height=\"500\" src=\"https:\/\/images-na.ssl-images-amazon.com\/images\/I\/51ibFmZMI9L.jpg\" class=\"attachment-full size-full\" alt=\"\" srcset=\"https:\/\/images-na.ssl-images-amazon.com\/images\/I\/51ibFmZMI9L.jpg 500w, https:\/\/images-na.ssl-images-amazon.com\/images\/I\/51ibFmZMI9L._SS150_.jpg 150w, https:\/\/images-na.ssl-images-amazon.com\/images\/I\/51ibFmZMI9L._SS300_.jpg 300w, https:\/\/images-na.ssl-images-amazon.com\/images\/I\/51ibFmZMI9L._SS768_.jpg 768w, https:\/\/images-na.ssl-images-amazon.com\/images\/I\/51ibFmZMI9L._SS1024_.jpg 1024w, https:\/\/images-na.ssl-images-amazon.com\/images\/I\/51ibFmZMI9L._SS1536_.jpg 1536w, https:\/\/images-na.ssl-images-amazon.com\/images\/I\/51ibFmZMI9L._SS2048_.jpg 2048w, https:\/\/images-na.ssl-images-amazon.com\/images\/I\/51ibFmZMI9L._SS145_.jpg 145w, https:\/\/images-na.ssl-images-amazon.com\/images\/I\/51ibFmZMI9L._SS1400_.jpg 1400w, https:\/\/images-na.ssl-images-amazon.com\/images\/I\/51ibFmZMI9L._SS50_.jpg 50w, https:\/\/images-na.ssl-images-amazon.com\/images\/I\/51ibFmZMI9L._SS604_.jpg 604w, https:\/\/images-na.ssl-images-amazon.com\/images\/I\/51ibFmZMI9L._SS262_.jpg 262w, https:\/\/images-na.ssl-images-amazon.com\/images\/I\/51ibFmZMI9L._SS600_.jpg 600w, https:\/\/images-na.ssl-images-amazon.com\/images\/I\/51ibFmZMI9L._SS100_.jpg 100w\" sizes=\"auto, (max-width: 500px) 100vw, 500px\" \/><\/a>\r\n\t<\/dt>\r\n\t<dd class='wp-caption-text gallery-caption'>\r\n\t<div class='gallery-caption-inner'> <div class='wp-caption-text gallery-title'>\r\n\tBosch-Schlagbohrmaschine-UniversalImpact-800-800-Watt-Koffer\r\n\t<\/div><div class='wp-caption-text gallery-zoom no-text'>\r\n\t\t<a href=https:\/\/werkzeuge-aller-art.com\/?attachment_id=13132 title='Click to view Full Image' class='icon mustang-gallery'><i class='fa fa-plus'><\/i><\/a>\r\n\t\t<\/div><div class='wp-caption-text gallery-redirect'>\r\n\t\t<a href=https:\/\/werkzeuge-aller-art.com\/?attachment_id=13132 title='Click to view read more' class='icon readmore'><i class='fa fa-link'><\/i><\/a>\r\n\t\t<\/div><\/div><\/dd><\/dl><dl class='gallery-item'>\r\n\t<dt class='gallery-icon landscape'>\r\n\t<a rel='gallery-nr'><img loading=\"lazy\" decoding=\"async\" width=\"500\" height=\"500\" src=\"https:\/\/images-na.ssl-images-amazon.com\/images\/I\/51QZd46wCSL.jpg\" class=\"attachment-full size-full\" alt=\"\" srcset=\"https:\/\/images-na.ssl-images-amazon.com\/images\/I\/51QZd46wCSL.jpg 500w, https:\/\/images-na.ssl-images-amazon.com\/images\/I\/51QZd46wCSL._SS150_.jpg 150w, https:\/\/images-na.ssl-images-amazon.com\/images\/I\/51QZd46wCSL._SS300_.jpg 300w, https:\/\/images-na.ssl-images-amazon.com\/images\/I\/51QZd46wCSL._SS768_.jpg 768w, https:\/\/images-na.ssl-images-amazon.com\/images\/I\/51QZd46wCSL._SS1024_.jpg 1024w, https:\/\/images-na.ssl-images-amazon.com\/images\/I\/51QZd46wCSL._SS1536_.jpg 1536w, https:\/\/images-na.ssl-images-amazon.com\/images\/I\/51QZd46wCSL._SS2048_.jpg 2048w, https:\/\/images-na.ssl-images-amazon.com\/images\/I\/51QZd46wCSL._SS145_.jpg 145w, https:\/\/images-na.ssl-images-amazon.com\/images\/I\/51QZd46wCSL._SS1400_.jpg 1400w, https:\/\/images-na.ssl-images-amazon.com\/images\/I\/51QZd46wCSL._SS50_.jpg 50w, https:\/\/images-na.ssl-images-amazon.com\/images\/I\/51QZd46wCSL._SS604_.jpg 604w, https:\/\/images-na.ssl-images-amazon.com\/images\/I\/51QZd46wCSL._SS262_.jpg 262w, https:\/\/images-na.ssl-images-amazon.com\/images\/I\/51QZd46wCSL._SS600_.jpg 600w, https:\/\/images-na.ssl-images-amazon.com\/images\/I\/51QZd46wCSL._SS100_.jpg 100w\" sizes=\"auto, (max-width: 500px) 100vw, 500px\" \/><\/a>\r\n\t<\/dt>\r\n\t<dd class='wp-caption-text gallery-caption'>\r\n\t<div class='gallery-caption-inner'> <div class='wp-caption-text gallery-title'>\r\n\tBosch-Schlagbohrmaschine-UniversalImpact-800-800-Watt-Koffer\r\n\t<\/div><div class='wp-caption-text gallery-zoom no-text'>\r\n\t\t<a href=https:\/\/werkzeuge-aller-art.com\/?attachment_id=13133 title='Click to view Full Image' class='icon mustang-gallery'><i class='fa fa-plus'><\/i><\/a>\r\n\t\t<\/div><div class='wp-caption-text gallery-redirect'>\r\n\t\t<a href=https:\/\/werkzeuge-aller-art.com\/?attachment_id=13133 title='Click to view read more' class='icon readmore'><i class='fa fa-link'><\/i><\/a>\r\n\t\t<\/div><\/div><\/dd><\/dl><dl class='gallery-item'>\r\n\t<dt class='gallery-icon landscape'>\r\n\t<a rel='gallery-nr'><img loading=\"lazy\" decoding=\"async\" width=\"500\" height=\"500\" src=\"https:\/\/images-na.ssl-images-amazon.com\/images\/I\/51Liyy%2Bz1yL.jpg\" class=\"attachment-full size-full\" alt=\"\" srcset=\"https:\/\/images-na.ssl-images-amazon.com\/images\/I\/51Liyy%2Bz1yL.jpg 500w, https:\/\/images-na.ssl-images-amazon.com\/images\/I\/51Liyy%2Bz1yL._SS150_.jpg 150w, https:\/\/images-na.ssl-images-amazon.com\/images\/I\/51Liyy%2Bz1yL._SS300_.jpg 300w, https:\/\/images-na.ssl-images-amazon.com\/images\/I\/51Liyy%2Bz1yL._SS768_.jpg 768w, https:\/\/images-na.ssl-images-amazon.com\/images\/I\/51Liyy%2Bz1yL._SS1024_.jpg 1024w, https:\/\/images-na.ssl-images-amazon.com\/images\/I\/51Liyy%2Bz1yL._SS1536_.jpg 1536w, https:\/\/images-na.ssl-images-amazon.com\/images\/I\/51Liyy%2Bz1yL._SS2048_.jpg 2048w, https:\/\/images-na.ssl-images-amazon.com\/images\/I\/51Liyy%2Bz1yL._SS145_.jpg 145w, https:\/\/images-na.ssl-images-amazon.com\/images\/I\/51Liyy%2Bz1yL._SS1400_.jpg 1400w, https:\/\/images-na.ssl-images-amazon.com\/images\/I\/51Liyy%2Bz1yL._SS50_.jpg 50w, https:\/\/images-na.ssl-images-amazon.com\/images\/I\/51Liyy%2Bz1yL._SS604_.jpg 604w, https:\/\/images-na.ssl-images-amazon.com\/images\/I\/51Liyy%2Bz1yL._SS262_.jpg 262w, https:\/\/images-na.ssl-images-amazon.com\/images\/I\/51Liyy%2Bz1yL._SS600_.jpg 600w, https:\/\/images-na.ssl-images-amazon.com\/images\/I\/51Liyy%2Bz1yL._SS100_.jpg 100w\" sizes=\"auto, (max-width: 500px) 100vw, 500px\" \/><\/a>\r\n\t<\/dt>\r\n\t<dd class='wp-caption-text gallery-caption'>\r\n\t<div class='gallery-caption-inner'> <div class='wp-caption-text gallery-title'>\r\n\tBosch-Schlagbohrmaschine-UniversalImpact-800-800-Watt-Koffer\r\n\t<\/div><div class='wp-caption-text gallery-zoom no-text'>\r\n\t\t<a href=https:\/\/werkzeuge-aller-art.com\/?attachment_id=13134 title='Click to view Full Image' class='icon mustang-gallery'><i class='fa fa-plus'><\/i><\/a>\r\n\t\t<\/div><div class='wp-caption-text gallery-redirect'>\r\n\t\t<a href=https:\/\/werkzeuge-aller-art.com\/?attachment_id=13134 title='Click to view read more' class='icon readmore'><i class='fa fa-link'><\/i><\/a>\r\n\t\t<\/div><\/div><\/dd><\/dl>\r\n<\/div>\n\n<div class=\"disclaim\"> Stil:<strong>Schlagbohrmaschine<\/strong> <\/div>\n<p> <!-- show up to 2 reviews by default --> <\/p>\n<h4><b> Der Schlagbohrer UniversalImpact 800 <\/b><\/h4>\n<p> Der Schlagbohrer <b>UniversalImpact 800<\/b> ist ideal f\u00fcr eine schnelle und sichere <br \/> Durchf\u00fchrung gro\u00dfer Projekte. Sie verf\u00fcgt \u00fcber KickBack Control, die das Werkzeug komplett abschaltet, <br \/> wenn sich der Bohrer im Material verklemmt. Ein Schnellspannbohrfutter mit Autolock sorgt f\u00fcr einen <br \/> schnellen, einh\u00e4ndigen Zubeh\u00f6rwechsel. Bosch Speed Preselection erm\u00f6glicht eine genaue Vorwahl <br \/> der Bohrdrehzahl und liefert die richtige Drehzahl f\u00fcr das jeweilige Material. Constant Speed regelt \u2013 <br \/> unabh\u00e4ngig von der Bohrlast \u2013 automatisch die Drehzahl f\u00fcr eine konstante Bohrgeschwindigkeit. Ein <br \/> leistungsstarker 800-W-Motor sorgt f\u00fcr schnelle Ergebnisse in Mauerwerk, Holz, weichem Beton und <br \/> Metall, und erm\u00f6glicht Bohrtiefen bis zu 14 mm in Mauerwerk und 30 mm in Holz. <\/p>\n<\/p>\n<p>Die Universal Werkzeuge\/Gartenger\u00e4te von Bosch \u2013 flexibel und leistungsstark mit intelligenten L\u00f6sungen f\u00fcr vielf\u00e4ltige Projekte<br \/>\nSicheres Arbeiten durch automatisches Abschalten des Motors bei blockierendem Werkzeug (Kickback Control)<br \/>\nMitgelieferter Zusatzhandgriff erm\u00f6glicht komfortable Anwendung der Bohrmaschine<br \/>\nPr\u00e4zise Ergebnisse dank konstanter Leistung<br \/>\nLieferumfang: UniversalImpact 800, Zusatzhandgriff, Tiefenanschlag, Koffer<br \/>\n<div class=\"main-cross-sell\" data-asin=\"B06XR5FVW3\">\n\n\t<div class=\"WooZone-cross-sell-loader\">\n\t\t<div>\n\t\t\t<div id=\"floatingBarsG\">\n\t\t\t\t<div class=\"blockG\" id=\"rotateG_01\"><\/div>\n\t\t\t\t<div class=\"blockG\" id=\"rotateG_02\"><\/div>\n\t\t\t\t<div class=\"blockG\" id=\"rotateG_03\"><\/div>\n\t\t\t\t<div class=\"blockG\" id=\"rotateG_04\"><\/div>\n\t\t\t\t<div class=\"blockG\" id=\"rotateG_05\"><\/div>\n\t\t\t\t<div class=\"blockG\" id=\"rotateG_06\"><\/div>\n\t\t\t\t<div class=\"blockG\" id=\"rotateG_07\"><\/div>\n\t\t\t\t<div class=\"blockG\" id=\"rotateG_08\"><\/div>\n\t\t\t<\/div>\n\t\t\t<div class=\"WooZone-cross-sell-loader-text\"><\/div>\n\t\t<\/div>\n\t<\/div>\n\n\t\t\n<\/div>\n<div style=\"clear:both;\"><\/div>\n","protected":false},"excerpt":{"rendered":"<p>Die Universal Werkzeuge\/Gartenger\u00e4te von Bosch \u2013 flexibel und leistungsstark mit intelligenten L\u00f6sungen f\u00fcr vielf\u00e4ltige Projekte<br \/>\nSicheres Arbeiten durch automatisches Abschalten des Motors bei blockierendem Werkzeug (Kickback Control)<br \/>\nMitgelieferter Zusatzhandgriff erm\u00f6glicht komfortable Anwendung der Bohrmaschine<\/p>\n","protected":false},"featured_media":13132,"comment_status":"open","ping_status":"closed","template":"","meta":[],"product_cat":[108,113],"product_tag":[],"class_list":{"0":"post-13128","1":"product","2":"type-product","3":"status-publish","4":"has-post-thumbnail","6":"product_cat-bohren-und-schrauben","7":"product_cat-bohrmaschinen","8":"pa_brand-bosch-home-and-garden","9":"pa_stil-mit-34tlg-x-line-classic-set","10":"pa_stil-mit-7tlg-betonbohrer-set","11":"pa_stil-mit-91tlg-bohrer-und-bit-set","14":"first","15":"instock","16":"shipping-taxable","17":"product-type-external"},"_links":{"self":[{"href":"https:\/\/werkzeuge-aller-art.com\/index.php?rest_route=\/wp\/v2\/product\/13128","targetHints":{"allow":["GET"]}}],"collection":[{"href":"https:\/\/werkzeuge-aller-art.com\/index.php?rest_route=\/wp\/v2\/product"}],"about":[{"href":"https:\/\/werkzeuge-aller-art.com\/index.php?rest_route=\/wp\/v2\/types\/product"}],"replies":[{"embeddable":true,"href":"https:\/\/werkzeuge-aller-art.com\/index.php?rest_route=%2Fwp%2Fv2%2Fcomments&post=13128"}],"wp:featuredmedia":[{"embeddable":true,"href":"https:\/\/werkzeuge-aller-art.com\/index.php?rest_route=\/wp\/v2\/media\/13132"}],"wp:attachment":[{"href":"https:\/\/werkzeuge-aller-art.com\/index.php?rest_route=%2Fwp%2Fv2%2Fmedia&parent=13128"}],"wp:term":[{"taxonomy":"product_cat","embeddable":true,"href":"https:\/\/werkzeuge-aller-art.com\/index.php?rest_route=%2Fwp%2Fv2%2Fproduct_cat&post=13128"},{"taxonomy":"product_tag","embeddable":true,"href":"https:\/\/werkzeuge-aller-art.com\/index.php?rest_route=%2Fwp%2Fv2%2Fproduct_tag&post=13128"}],"curies":[{"name":"wp","href":"https:\/\/api.w.org\/{rel}","templated":true}]}}