{"id":13044,"date":"2020-03-07T21:11:31","date_gmt":"2020-03-07T20:11:31","guid":{"rendered":"https:\/\/werkzeuge-aller-art.com\/?product=metabo-schlagbohrmaschine-600671510-koffer-sbe-650-watt-schwarz-gruen-rot"},"modified":"2023-04-06T05:56:40","modified_gmt":"2023-04-06T03:56:40","slug":"metabo-schlagbohrmaschine-600671510-koffer-sbe-650-watt-schwarz-gruen-rot","status":"publish","type":"product","link":"https:\/\/werkzeuge-aller-art.com\/?product=metabo-schlagbohrmaschine-600671510-koffer-sbe-650-watt-schwarz-gruen-rot","title":{"rendered":"Metabo Schlagbohrmaschine SBE 650 mit Vario-Elektronik, Rechts-Linkslauf und 650 W &#8211; inkl. Transportkoffer &#8211; 600671510"},"content":{"rendered":"<div id='gallery-1' class='gallery galleryid-13044 gallery-columns-3 gallery-size-full'><dl class='gallery-item'>\r\n\t<dt class='gallery-icon landscape'>\r\n\t<a rel='gallery-nr'><img loading=\"lazy\" decoding=\"async\" width=\"500\" height=\"500\" src=\"https:\/\/images-na.ssl-images-amazon.com\/images\/I\/41HR45MxmPL.jpg\" class=\"attachment-full size-full\" alt=\"\" srcset=\"https:\/\/images-na.ssl-images-amazon.com\/images\/I\/41HR45MxmPL.jpg 500w, https:\/\/images-na.ssl-images-amazon.com\/images\/I\/41HR45MxmPL._SS150_.jpg 150w, https:\/\/images-na.ssl-images-amazon.com\/images\/I\/41HR45MxmPL._SS300_.jpg 300w, https:\/\/images-na.ssl-images-amazon.com\/images\/I\/41HR45MxmPL._SS768_.jpg 768w, https:\/\/images-na.ssl-images-amazon.com\/images\/I\/41HR45MxmPL._SS1024_.jpg 1024w, https:\/\/images-na.ssl-images-amazon.com\/images\/I\/41HR45MxmPL._SS1536_.jpg 1536w, https:\/\/images-na.ssl-images-amazon.com\/images\/I\/41HR45MxmPL._SS2048_.jpg 2048w, https:\/\/images-na.ssl-images-amazon.com\/images\/I\/41HR45MxmPL._SS145_.jpg 145w, https:\/\/images-na.ssl-images-amazon.com\/images\/I\/41HR45MxmPL._SS1400_.jpg 1400w, https:\/\/images-na.ssl-images-amazon.com\/images\/I\/41HR45MxmPL._SS50_.jpg 50w, https:\/\/images-na.ssl-images-amazon.com\/images\/I\/41HR45MxmPL._SS604_.jpg 604w, https:\/\/images-na.ssl-images-amazon.com\/images\/I\/41HR45MxmPL._SS262_.jpg 262w, https:\/\/images-na.ssl-images-amazon.com\/images\/I\/41HR45MxmPL._SS600_.jpg 600w, https:\/\/images-na.ssl-images-amazon.com\/images\/I\/41HR45MxmPL._SS100_.jpg 100w\" sizes=\"auto, (max-width: 500px) 100vw, 500px\" \/><\/a>\r\n\t<\/dt>\r\n\t<dd class='wp-caption-text gallery-caption'>\r\n\t<div class='gallery-caption-inner'> <div class='wp-caption-text gallery-title'>\r\n\tMetabo-Schlagbohrmaschine-600671510-Koffer-SBE-650-Watt-Schwarz-Grn-Rot\r\n\t<\/div><div class='wp-caption-text gallery-zoom no-text'>\r\n\t\t<a href=https:\/\/werkzeuge-aller-art.com\/?attachment_id=13045 title='Click to view Full Image' class='icon mustang-gallery'><i class='fa fa-plus'><\/i><\/a>\r\n\t\t<\/div><div class='wp-caption-text gallery-redirect'>\r\n\t\t<a href=https:\/\/werkzeuge-aller-art.com\/?attachment_id=13045 title='Click to view read more' class='icon readmore'><i class='fa fa-link'><\/i><\/a>\r\n\t\t<\/div><\/div><\/dd><\/dl><dl class='gallery-item'>\r\n\t<dt class='gallery-icon landscape'>\r\n\t<a rel='gallery-nr'><img loading=\"lazy\" decoding=\"async\" width=\"500\" height=\"500\" src=\"https:\/\/images-na.ssl-images-amazon.com\/images\/I\/31KI-FplMhL.jpg\" class=\"attachment-full size-full\" alt=\"\" srcset=\"https:\/\/images-na.ssl-images-amazon.com\/images\/I\/31KI-FplMhL.jpg 500w, https:\/\/images-na.ssl-images-amazon.com\/images\/I\/31KI-FplMhL._SS150_.jpg 150w, https:\/\/images-na.ssl-images-amazon.com\/images\/I\/31KI-FplMhL._SS300_.jpg 300w, https:\/\/images-na.ssl-images-amazon.com\/images\/I\/31KI-FplMhL._SS768_.jpg 768w, https:\/\/images-na.ssl-images-amazon.com\/images\/I\/31KI-FplMhL._SS1024_.jpg 1024w, https:\/\/images-na.ssl-images-amazon.com\/images\/I\/31KI-FplMhL._SS1536_.jpg 1536w, https:\/\/images-na.ssl-images-amazon.com\/images\/I\/31KI-FplMhL._SS2048_.jpg 2048w, https:\/\/images-na.ssl-images-amazon.com\/images\/I\/31KI-FplMhL._SS145_.jpg 145w, https:\/\/images-na.ssl-images-amazon.com\/images\/I\/31KI-FplMhL._SS1400_.jpg 1400w, https:\/\/images-na.ssl-images-amazon.com\/images\/I\/31KI-FplMhL._SS50_.jpg 50w, https:\/\/images-na.ssl-images-amazon.com\/images\/I\/31KI-FplMhL._SS604_.jpg 604w, https:\/\/images-na.ssl-images-amazon.com\/images\/I\/31KI-FplMhL._SS262_.jpg 262w, https:\/\/images-na.ssl-images-amazon.com\/images\/I\/31KI-FplMhL._SS600_.jpg 600w, https:\/\/images-na.ssl-images-amazon.com\/images\/I\/31KI-FplMhL._SS100_.jpg 100w\" sizes=\"auto, (max-width: 500px) 100vw, 500px\" \/><\/a>\r\n\t<\/dt>\r\n\t<dd class='wp-caption-text gallery-caption'>\r\n\t<div class='gallery-caption-inner'> <div class='wp-caption-text gallery-title'>\r\n\tMetabo-Schlagbohrmaschine-600671510-Koffer-SBE-650-Watt-Schwarz-Grn-Rot\r\n\t<\/div><div class='wp-caption-text gallery-zoom no-text'>\r\n\t\t<a href=https:\/\/werkzeuge-aller-art.com\/?attachment_id=13046 title='Click to view Full Image' class='icon mustang-gallery'><i class='fa fa-plus'><\/i><\/a>\r\n\t\t<\/div><div class='wp-caption-text gallery-redirect'>\r\n\t\t<a href=https:\/\/werkzeuge-aller-art.com\/?attachment_id=13046 title='Click to view read more' class='icon readmore'><i class='fa fa-link'><\/i><\/a>\r\n\t\t<\/div><\/div><\/dd><\/dl><dl class='gallery-item'>\r\n\t<dt class='gallery-icon landscape'>\r\n\t<a rel='gallery-nr'><img loading=\"lazy\" decoding=\"async\" width=\"500\" height=\"500\" src=\"https:\/\/images-na.ssl-images-amazon.com\/images\/I\/51GgNeF-boL.jpg\" class=\"attachment-full size-full\" alt=\"\" srcset=\"https:\/\/images-na.ssl-images-amazon.com\/images\/I\/51GgNeF-boL.jpg 500w, https:\/\/images-na.ssl-images-amazon.com\/images\/I\/51GgNeF-boL._SS150_.jpg 150w, https:\/\/images-na.ssl-images-amazon.com\/images\/I\/51GgNeF-boL._SS300_.jpg 300w, https:\/\/images-na.ssl-images-amazon.com\/images\/I\/51GgNeF-boL._SS768_.jpg 768w, https:\/\/images-na.ssl-images-amazon.com\/images\/I\/51GgNeF-boL._SS1024_.jpg 1024w, https:\/\/images-na.ssl-images-amazon.com\/images\/I\/51GgNeF-boL._SS1536_.jpg 1536w, https:\/\/images-na.ssl-images-amazon.com\/images\/I\/51GgNeF-boL._SS2048_.jpg 2048w, https:\/\/images-na.ssl-images-amazon.com\/images\/I\/51GgNeF-boL._SS145_.jpg 145w, https:\/\/images-na.ssl-images-amazon.com\/images\/I\/51GgNeF-boL._SS1400_.jpg 1400w, https:\/\/images-na.ssl-images-amazon.com\/images\/I\/51GgNeF-boL._SS50_.jpg 50w, https:\/\/images-na.ssl-images-amazon.com\/images\/I\/51GgNeF-boL._SS604_.jpg 604w, https:\/\/images-na.ssl-images-amazon.com\/images\/I\/51GgNeF-boL._SS262_.jpg 262w, https:\/\/images-na.ssl-images-amazon.com\/images\/I\/51GgNeF-boL._SS600_.jpg 600w, https:\/\/images-na.ssl-images-amazon.com\/images\/I\/51GgNeF-boL._SS100_.jpg 100w\" sizes=\"auto, (max-width: 500px) 100vw, 500px\" \/><\/a>\r\n\t<\/dt>\r\n\t<dd class='wp-caption-text gallery-caption'>\r\n\t<div class='gallery-caption-inner'> <div class='wp-caption-text gallery-title'>\r\n\tMetabo-Schlagbohrmaschine-600671510-Koffer-SBE-650-Watt-Schwarz-Grn-Rot\r\n\t<\/div><div class='wp-caption-text gallery-zoom no-text'>\r\n\t\t<a href=https:\/\/werkzeuge-aller-art.com\/?attachment_id=13047 title='Click to view Full Image' class='icon mustang-gallery'><i class='fa fa-plus'><\/i><\/a>\r\n\t\t<\/div><div class='wp-caption-text gallery-redirect'>\r\n\t\t<a href=https:\/\/werkzeuge-aller-art.com\/?attachment_id=13047 title='Click to view read more' class='icon readmore'><i class='fa fa-link'><\/i><\/a>\r\n\t\t<\/div><\/div><\/dd><\/dl>\r\n<\/div>\n<br \/>\n<!-- show up to 2 reviews by default --> <\/p>\n<h1>SBE 650 (600671510) SCHLAGBOHRMASCHINE<\/h1>\n<ul>\n<li> Vario (V)-Elektronik zum Arbeiten mit materialgerechten Drehzahlen<\/li>\n<li> Stellrad zur Vorwahl der Drehzahl<\/li>\n<li> Rechts-Linkslauf<\/li>\n<li> Spindel mit Innensechskant f\u00fcr Schrauber-Bits zum Arbeiten ohne Bohrfutter<\/li>\n<\/ul>\n<h3> Technische Details: <\/h3>\n<h4> Kennwerte<\/h4>\n<ul>\n<li> Nennaufnahmeleistung: 650 W<\/li>\n<li> Abgabeleistung: 320 W<\/li>\n<li> Max. Drehmoment: 9 Nm<\/li>\n<li> Bohr-\u00d8 Mauerwerk: 16 mm<\/li>\n<li> Bohr-\u00d8 Beton: 14 mm<\/li>\n<li> Bohr-\u00d8 Stahl: 13 mm<\/li>\n<li> Bohr-\u00d8 Weichholz: 30 mm<\/li>\n<li> Leerlaufdrehzahl: 0 &#8211; 2800 \/min<\/li>\n<li> Drehzahl bei Nennlast: 1500 \/min<\/li>\n<li> Max. Schlagzahl: 44800 \/min<\/li>\n<li> G\u00e4nge: 1<\/li>\n<li> Bohrfutterspannweite: 1.5 &#8211; 13 mm<\/li>\n<li> Spannhalsdurchmesser: 43 mm<\/li>\n<li> Bohrspindel mit Innensechskant: 6.35 mm<\/li>\n<li> Bohrspindelgewinde: 1\/2 &#8220; &#8211; 20 UNF<\/li>\n<li> Bohrfutter Spannart: Schnellspannbohrfutter<\/li>\n<li> Gewicht ohne Netzkabel: 1.8 kg<\/li>\n<li> Kabell\u00e4nge: 2.55 m<\/li>\n<\/ul>\n<h4> Vibration<\/h4>\n<ul>\n<li> Bohren Metall: 5.8 m\/s\u00b2<\/li>\n<li> Messunsicherheit K: 1.5 m\/s\u00b2<\/li>\n<li> Schlagbohren Beton: 24.4 m\/s\u00b2<\/li>\n<li> Messunsicherheit K: 1.5 m\/s\u00b2<\/li>\n<\/ul>\n<h4> Ger\u00e4uschemission<\/h4>\n<ul>\n<li> Schalldruckpegel: 91 dB(A)<\/li>\n<li> Schallleistungspegel (LwA): 102 dB(A) <\/li>\n<li> Messunsicherheit K: 3 dB(A) <\/li>\n<\/ul>\n<h3> Lieferumfang<\/h3>\n<ul>\n<li> Schnellspannbohrfutter Futuro Plus<\/li>\n<li> Zusatzhandgriff<\/li>\n<li> Bohrtiefenanschlag<\/li>\n<li> Kunststoffkoffer<\/li>\n<\/ul>\n<p> 1923 baute Albrecht Schnizler die erste Handbohrmaschine. Dieser Metallbohrdreher ist Pate f\u00fcr den Namen Metabo. Neben kabelgebundenen und Druckluft-L\u00f6sungen verfolgen wir konsequent die Vision der kabellosen Baustelle und sind f\u00fchrend in der Akku-Technologie. Metabo steht f\u00fcr Profi-L\u00f6sungen f\u00fcr die Anwender in Bauhandwerk, Renovierung, Metall Handwerk und Industrie.<\/p>\n<\/p>\n<p>1-Gang-Schlagbohrmaschine<br \/>\nRechts-Links-Lauf<br \/>\nIntegrierter Drehzahlvorwahl<br \/>\nMaximale Schlagzahl: 44.800 Schl\u00e4ge pro Minute<br \/>\nMauerwerk\/Stahl\/Weichholz: 16\/13\/30mm<br \/>\n<div class=\"main-cross-sell\" data-asin=\"B015TC33KM\">\n\n\t<div class=\"WooZone-cross-sell-loader\">\n\t\t<div>\n\t\t\t<div id=\"floatingBarsG\">\n\t\t\t\t<div class=\"blockG\" id=\"rotateG_01\"><\/div>\n\t\t\t\t<div class=\"blockG\" id=\"rotateG_02\"><\/div>\n\t\t\t\t<div class=\"blockG\" id=\"rotateG_03\"><\/div>\n\t\t\t\t<div class=\"blockG\" id=\"rotateG_04\"><\/div>\n\t\t\t\t<div class=\"blockG\" id=\"rotateG_05\"><\/div>\n\t\t\t\t<div class=\"blockG\" id=\"rotateG_06\"><\/div>\n\t\t\t\t<div class=\"blockG\" id=\"rotateG_07\"><\/div>\n\t\t\t\t<div class=\"blockG\" id=\"rotateG_08\"><\/div>\n\t\t\t<\/div>\n\t\t\t<div class=\"WooZone-cross-sell-loader-text\"><\/div>\n\t\t<\/div>\n\t<\/div>\n\n\t\t\n<\/div>\n<div style=\"clear:both;\"><\/div>\n","protected":false},"excerpt":{"rendered":"<p>1-Gang-Schlagbohrmaschine<br \/>\nRechts-Links-Lauf<br \/>\nIntegrierter Drehzahlvorwahl<\/p>\n","protected":false},"featured_media":13045,"comment_status":"open","ping_status":"closed","template":"","meta":[],"product_cat":[108,113],"product_tag":[],"class_list":{"0":"post-13044","1":"product","2":"type-product","3":"status-publish","4":"has-post-thumbnail","6":"product_cat-bohren-und-schrauben","7":"product_cat-bohrmaschinen","8":"pa_brand-metabo","11":"first","12":"instock","13":"shipping-taxable","14":"product-type-external"},"_links":{"self":[{"href":"https:\/\/werkzeuge-aller-art.com\/index.php?rest_route=\/wp\/v2\/product\/13044","targetHints":{"allow":["GET"]}}],"collection":[{"href":"https:\/\/werkzeuge-aller-art.com\/index.php?rest_route=\/wp\/v2\/product"}],"about":[{"href":"https:\/\/werkzeuge-aller-art.com\/index.php?rest_route=\/wp\/v2\/types\/product"}],"replies":[{"embeddable":true,"href":"https:\/\/werkzeuge-aller-art.com\/index.php?rest_route=%2Fwp%2Fv2%2Fcomments&post=13044"}],"wp:featuredmedia":[{"embeddable":true,"href":"https:\/\/werkzeuge-aller-art.com\/index.php?rest_route=\/wp\/v2\/media\/13045"}],"wp:attachment":[{"href":"https:\/\/werkzeuge-aller-art.com\/index.php?rest_route=%2Fwp%2Fv2%2Fmedia&parent=13044"}],"wp:term":[{"taxonomy":"product_cat","embeddable":true,"href":"https:\/\/werkzeuge-aller-art.com\/index.php?rest_route=%2Fwp%2Fv2%2Fproduct_cat&post=13044"},{"taxonomy":"product_tag","embeddable":true,"href":"https:\/\/werkzeuge-aller-art.com\/index.php?rest_route=%2Fwp%2Fv2%2Fproduct_tag&post=13044"}],"curies":[{"name":"wp","href":"https:\/\/api.w.org\/{rel}","templated":true}]}}