{"id":13018,"date":"2020-03-07T21:11:18","date_gmt":"2020-03-07T20:11:18","guid":{"rendered":"https:\/\/werkzeuge-aller-art.com\/?product=einhell-schlagbohrmaschine-tc-id-1000-kit-1010-w-1-gang-bohrleistung-o-holz-32-mm-o-metall-13-mm-o-beton-16-mm-13-mm-schnellspannbohrfutter-inkl-koffer"},"modified":"2023-04-06T05:56:40","modified_gmt":"2023-04-06T03:56:40","slug":"einhell-schlagbohrmaschine-tc-id-1000-kit-1010-w-1-gang-bohrleistung-o-holz-32-mm-o-metall-13-mm-o-beton-16-mm-13-mm-schnellspannbohrfutter-inkl-koffer","status":"publish","type":"product","link":"https:\/\/werkzeuge-aller-art.com\/?product=einhell-schlagbohrmaschine-tc-id-1000-kit-1010-w-1-gang-bohrleistung-o-holz-32-mm-o-metall-13-mm-o-beton-16-mm-13-mm-schnellspannbohrfutter-inkl-koffer","title":{"rendered":"Einhell Schlagbohrmaschine TC-ID 1000 Kit (1010 W, 1 Gang, Bohrleistung \u00d8 Holz 32 mm, \u00d8 Metall 13 mm, \u00d8 Beton 16 mm, 13\u2026"},"content":{"rendered":"<div id='gallery-1' class='gallery galleryid-13018 gallery-columns-3 gallery-size-full'><dl class='gallery-item'>\r\n\t<dt class='gallery-icon landscape'>\r\n\t<a rel='gallery-nr'><img loading=\"lazy\" decoding=\"async\" width=\"500\" height=\"500\" src=\"https:\/\/images-na.ssl-images-amazon.com\/images\/I\/41kNQAsvb6L.jpg\" class=\"attachment-full size-full\" alt=\"\" srcset=\"https:\/\/images-na.ssl-images-amazon.com\/images\/I\/41kNQAsvb6L.jpg 500w, https:\/\/images-na.ssl-images-amazon.com\/images\/I\/41kNQAsvb6L._SS150_.jpg 150w, https:\/\/images-na.ssl-images-amazon.com\/images\/I\/41kNQAsvb6L._SS300_.jpg 300w, https:\/\/images-na.ssl-images-amazon.com\/images\/I\/41kNQAsvb6L._SS768_.jpg 768w, https:\/\/images-na.ssl-images-amazon.com\/images\/I\/41kNQAsvb6L._SS1024_.jpg 1024w, https:\/\/images-na.ssl-images-amazon.com\/images\/I\/41kNQAsvb6L._SS1536_.jpg 1536w, https:\/\/images-na.ssl-images-amazon.com\/images\/I\/41kNQAsvb6L._SS2048_.jpg 2048w, https:\/\/images-na.ssl-images-amazon.com\/images\/I\/41kNQAsvb6L._SS145_.jpg 145w, https:\/\/images-na.ssl-images-amazon.com\/images\/I\/41kNQAsvb6L._SS1400_.jpg 1400w, https:\/\/images-na.ssl-images-amazon.com\/images\/I\/41kNQAsvb6L._SS50_.jpg 50w, https:\/\/images-na.ssl-images-amazon.com\/images\/I\/41kNQAsvb6L._SS604_.jpg 604w, https:\/\/images-na.ssl-images-amazon.com\/images\/I\/41kNQAsvb6L._SS262_.jpg 262w, https:\/\/images-na.ssl-images-amazon.com\/images\/I\/41kNQAsvb6L._SS600_.jpg 600w, https:\/\/images-na.ssl-images-amazon.com\/images\/I\/41kNQAsvb6L._SS100_.jpg 100w\" sizes=\"auto, (max-width: 500px) 100vw, 500px\" \/><\/a>\r\n\t<\/dt>\r\n\t<dd class='wp-caption-text gallery-caption'>\r\n\t<div class='gallery-caption-inner'> <div class='wp-caption-text gallery-title'>\r\n\tEinhell-Schlagbohrmaschine-TC-ID-1000-Kit-1010-W-1-Gang-Bohrleistung&#8211;Holz-32-mm&#8211;Metall-13-mm&#8211;Beton-16-mm-13-mm-Schnellspannbohrfutter-inkl-Koffer\r\n\t<\/div><div class='wp-caption-text gallery-zoom no-text'>\r\n\t\t<a href=https:\/\/werkzeuge-aller-art.com\/?attachment_id=13019 title='Click to view Full Image' class='icon mustang-gallery'><i class='fa fa-plus'><\/i><\/a>\r\n\t\t<\/div><div class='wp-caption-text gallery-redirect'>\r\n\t\t<a href=https:\/\/werkzeuge-aller-art.com\/?attachment_id=13019 title='Click to view read more' class='icon readmore'><i class='fa fa-link'><\/i><\/a>\r\n\t\t<\/div><\/div><\/dd><\/dl><dl class='gallery-item'>\r\n\t<dt class='gallery-icon landscape'>\r\n\t<a rel='gallery-nr'><img loading=\"lazy\" decoding=\"async\" width=\"500\" height=\"500\" src=\"https:\/\/images-na.ssl-images-amazon.com\/images\/I\/51lMK5CNuVL.jpg\" class=\"attachment-full size-full\" alt=\"\" srcset=\"https:\/\/images-na.ssl-images-amazon.com\/images\/I\/51lMK5CNuVL.jpg 500w, https:\/\/images-na.ssl-images-amazon.com\/images\/I\/51lMK5CNuVL._SS150_.jpg 150w, https:\/\/images-na.ssl-images-amazon.com\/images\/I\/51lMK5CNuVL._SS300_.jpg 300w, https:\/\/images-na.ssl-images-amazon.com\/images\/I\/51lMK5CNuVL._SS768_.jpg 768w, https:\/\/images-na.ssl-images-amazon.com\/images\/I\/51lMK5CNuVL._SS1024_.jpg 1024w, https:\/\/images-na.ssl-images-amazon.com\/images\/I\/51lMK5CNuVL._SS1536_.jpg 1536w, https:\/\/images-na.ssl-images-amazon.com\/images\/I\/51lMK5CNuVL._SS2048_.jpg 2048w, https:\/\/images-na.ssl-images-amazon.com\/images\/I\/51lMK5CNuVL._SS145_.jpg 145w, https:\/\/images-na.ssl-images-amazon.com\/images\/I\/51lMK5CNuVL._SS1400_.jpg 1400w, https:\/\/images-na.ssl-images-amazon.com\/images\/I\/51lMK5CNuVL._SS50_.jpg 50w, https:\/\/images-na.ssl-images-amazon.com\/images\/I\/51lMK5CNuVL._SS604_.jpg 604w, https:\/\/images-na.ssl-images-amazon.com\/images\/I\/51lMK5CNuVL._SS262_.jpg 262w, https:\/\/images-na.ssl-images-amazon.com\/images\/I\/51lMK5CNuVL._SS600_.jpg 600w, https:\/\/images-na.ssl-images-amazon.com\/images\/I\/51lMK5CNuVL._SS100_.jpg 100w\" sizes=\"auto, (max-width: 500px) 100vw, 500px\" \/><\/a>\r\n\t<\/dt>\r\n\t<dd class='wp-caption-text gallery-caption'>\r\n\t<div class='gallery-caption-inner'> <div class='wp-caption-text gallery-title'>\r\n\tEinhell-Schlagbohrmaschine-TC-ID-1000-Kit-1010-W-1-Gang-Bohrleistung&#8211;Holz-32-mm&#8211;Metall-13-mm&#8211;Beton-16-mm-13-mm-Schnellspannbohrfutter-inkl-Koffer\r\n\t<\/div><div class='wp-caption-text gallery-zoom no-text'>\r\n\t\t<a href=https:\/\/werkzeuge-aller-art.com\/?attachment_id=13020 title='Click to view Full Image' class='icon mustang-gallery'><i class='fa fa-plus'><\/i><\/a>\r\n\t\t<\/div><div class='wp-caption-text gallery-redirect'>\r\n\t\t<a href=https:\/\/werkzeuge-aller-art.com\/?attachment_id=13020 title='Click to view read more' class='icon readmore'><i class='fa fa-link'><\/i><\/a>\r\n\t\t<\/div><\/div><\/dd><\/dl><dl class='gallery-item'>\r\n\t<dt class='gallery-icon landscape'>\r\n\t<a rel='gallery-nr'><img loading=\"lazy\" decoding=\"async\" width=\"500\" height=\"500\" src=\"https:\/\/images-na.ssl-images-amazon.com\/images\/I\/51E2XZSHprL.jpg\" class=\"attachment-full size-full\" alt=\"\" srcset=\"https:\/\/images-na.ssl-images-amazon.com\/images\/I\/51E2XZSHprL.jpg 500w, https:\/\/images-na.ssl-images-amazon.com\/images\/I\/51E2XZSHprL._SS150_.jpg 150w, https:\/\/images-na.ssl-images-amazon.com\/images\/I\/51E2XZSHprL._SS300_.jpg 300w, https:\/\/images-na.ssl-images-amazon.com\/images\/I\/51E2XZSHprL._SS768_.jpg 768w, https:\/\/images-na.ssl-images-amazon.com\/images\/I\/51E2XZSHprL._SS1024_.jpg 1024w, https:\/\/images-na.ssl-images-amazon.com\/images\/I\/51E2XZSHprL._SS1536_.jpg 1536w, https:\/\/images-na.ssl-images-amazon.com\/images\/I\/51E2XZSHprL._SS2048_.jpg 2048w, https:\/\/images-na.ssl-images-amazon.com\/images\/I\/51E2XZSHprL._SS145_.jpg 145w, https:\/\/images-na.ssl-images-amazon.com\/images\/I\/51E2XZSHprL._SS1400_.jpg 1400w, https:\/\/images-na.ssl-images-amazon.com\/images\/I\/51E2XZSHprL._SS50_.jpg 50w, https:\/\/images-na.ssl-images-amazon.com\/images\/I\/51E2XZSHprL._SS604_.jpg 604w, https:\/\/images-na.ssl-images-amazon.com\/images\/I\/51E2XZSHprL._SS262_.jpg 262w, https:\/\/images-na.ssl-images-amazon.com\/images\/I\/51E2XZSHprL._SS600_.jpg 600w, https:\/\/images-na.ssl-images-amazon.com\/images\/I\/51E2XZSHprL._SS100_.jpg 100w\" sizes=\"auto, (max-width: 500px) 100vw, 500px\" \/><\/a>\r\n\t<\/dt>\r\n\t<dd class='wp-caption-text gallery-caption'>\r\n\t<div class='gallery-caption-inner'> <div class='wp-caption-text gallery-title'>\r\n\tEinhell-Schlagbohrmaschine-TC-ID-1000-Kit-1010-W-1-Gang-Bohrleistung&#8211;Holz-32-mm&#8211;Metall-13-mm&#8211;Beton-16-mm-13-mm-Schnellspannbohrfutter-inkl-Koffer\r\n\t<\/div><div class='wp-caption-text gallery-zoom no-text'>\r\n\t\t<a href=https:\/\/werkzeuge-aller-art.com\/?attachment_id=13021 title='Click to view Full Image' class='icon mustang-gallery'><i class='fa fa-plus'><\/i><\/a>\r\n\t\t<\/div><div class='wp-caption-text gallery-redirect'>\r\n\t\t<a href=https:\/\/werkzeuge-aller-art.com\/?attachment_id=13021 title='Click to view read more' class='icon readmore'><i class='fa fa-link'><\/i><\/a>\r\n\t\t<\/div><\/div><\/dd><\/dl>\r\n<\/div>\n<br \/>\n<!-- show up to 2 reviews by default --> <\/p>\n<p>Das Einhell TC-ID 1000 Kit beinhaltet im Set die leistungsstarke Schlagbohrmaschine zum Bohren und Schlagbohren, zudem ein einteiliges Bohrer-Set f\u00fcr Stein, Holz und Metall. Der stufenlos einstellbare Bohrtiefenanschlag aus massiven Metall sorgt f\u00fcr exakte Bohrungen, auch bei hartn\u00e4ckigem Widerstand. Ein Zusatzhandgriff, sicher fixiert durch verrippung, bietet den besten Griff, um die Leistung des schlagbohrers jederzeit unter Kontrolle zu halten. Der gro\u00dfe, ergonomische soft Griff sorgt f\u00fcr einen bequemen Griff beim Betrieb des schlagbohrers. Flexibles Arbeiten erm\u00f6glicht das hochwertige Schnellspannbohrfutter f\u00fcr herk\u00f6mmliche bohrwerkzeuge bis zu 13 mm. Unterschiedliche Materialien erfordern in Ihren unterschiedlichen Eigenschaften ein genaues Ma\u00df an Leistung. Dabei unterst\u00fctzt die Drehzahl-Regelelektronik und die Drehzahlvorwahl den Heimwerker, mit der optimalen Leistung an die verschiedenen Projekte heranzugehen. Der TC-ID 1000 ist geeignet zur Befestigung in einem Bohrst\u00e4nder mit 43 mm Spannhals. Zum 15-teiligen Bohr er Set geh\u00f6ren: Steinbohrer im Durchmesser von 4 mm, 5 mm, 6 mm, 8 mm und 10 mm; Holzbohrer im Durchmesser von 4 mm, 5 mm, 6 mm, 8 mm und 10 mm; Metall Bohr er im Durchmesser von 2 mm, 3 mm, 4 mm, 5 mm, 6 mm; im Set inbegriffen ist ein Koffer, in dem das 15-teilige Bohr er Set \u00fcbersichtlich verstaut werden kann. Die Bohrer sind praktisch und einfach \u00fcber ein separat zu \u00f6ffnendes Sichtfenster am Koffer zu entnehmen. <\/p>\n<p>Ein leistungsstarker Schlagbohrer mit einem 15-teiligen Bohrer-Set f\u00fcr Holz, Metall und Stein.<br \/>\nStufenlos einstellbarer Bohrtiefenanschlag aus massivem Metall.<br \/>\nEin Zusatzhandgriff und der ergonomische Softgriff sorgen f\u00fcr einen festen Halt.<br \/>\nSchnellspannbohrfutter f\u00fcr 13 Millimeter Bohrwerkzeuge.<br \/>\nExakt dosierte Kraft, einstellbar durch die Drehzahl-Regelelektronik und die Drehzahlvorwahl.<br \/>\n<div class=\"main-cross-sell\" data-asin=\"B01JGIF3DU\">\n\n\t<div class=\"WooZone-cross-sell-loader\">\n\t\t<div>\n\t\t\t<div id=\"floatingBarsG\">\n\t\t\t\t<div class=\"blockG\" id=\"rotateG_01\"><\/div>\n\t\t\t\t<div class=\"blockG\" id=\"rotateG_02\"><\/div>\n\t\t\t\t<div class=\"blockG\" id=\"rotateG_03\"><\/div>\n\t\t\t\t<div class=\"blockG\" id=\"rotateG_04\"><\/div>\n\t\t\t\t<div class=\"blockG\" id=\"rotateG_05\"><\/div>\n\t\t\t\t<div class=\"blockG\" id=\"rotateG_06\"><\/div>\n\t\t\t\t<div class=\"blockG\" id=\"rotateG_07\"><\/div>\n\t\t\t\t<div class=\"blockG\" id=\"rotateG_08\"><\/div>\n\t\t\t<\/div>\n\t\t\t<div class=\"WooZone-cross-sell-loader-text\"><\/div>\n\t\t<\/div>\n\t<\/div>\n\n\t\t\n<\/div>\n<div style=\"clear:both;\"><\/div>\n","protected":false},"excerpt":{"rendered":"<p>Ein leistungsstarker Schlagbohrer mit einem 15-teiligen Bohrer-Set f\u00fcr Holz, Metall und Stein.<br \/>\nStufenlos einstellbarer Bohrtiefenanschlag aus massivem Metall.<br \/>\nEin Zusatzhandgriff und der ergonomische Softgriff sorgen f\u00fcr einen festen Halt.<\/p>\n","protected":false},"featured_media":13019,"comment_status":"open","ping_status":"closed","template":"","meta":[],"product_cat":[108,113],"product_tag":[],"class_list":{"0":"post-13018","1":"product","2":"type-product","3":"status-publish","4":"has-post-thumbnail","6":"product_cat-bohren-und-schrauben","7":"product_cat-bohrmaschinen","8":"pa_brand-einhell","11":"first","12":"instock","13":"shipping-taxable","14":"product-type-external"},"_links":{"self":[{"href":"https:\/\/werkzeuge-aller-art.com\/index.php?rest_route=\/wp\/v2\/product\/13018","targetHints":{"allow":["GET"]}}],"collection":[{"href":"https:\/\/werkzeuge-aller-art.com\/index.php?rest_route=\/wp\/v2\/product"}],"about":[{"href":"https:\/\/werkzeuge-aller-art.com\/index.php?rest_route=\/wp\/v2\/types\/product"}],"replies":[{"embeddable":true,"href":"https:\/\/werkzeuge-aller-art.com\/index.php?rest_route=%2Fwp%2Fv2%2Fcomments&post=13018"}],"wp:featuredmedia":[{"embeddable":true,"href":"https:\/\/werkzeuge-aller-art.com\/index.php?rest_route=\/wp\/v2\/media\/13019"}],"wp:attachment":[{"href":"https:\/\/werkzeuge-aller-art.com\/index.php?rest_route=%2Fwp%2Fv2%2Fmedia&parent=13018"}],"wp:term":[{"taxonomy":"product_cat","embeddable":true,"href":"https:\/\/werkzeuge-aller-art.com\/index.php?rest_route=%2Fwp%2Fv2%2Fproduct_cat&post=13018"},{"taxonomy":"product_tag","embeddable":true,"href":"https:\/\/werkzeuge-aller-art.com\/index.php?rest_route=%2Fwp%2Fv2%2Fproduct_tag&post=13018"}],"curies":[{"name":"wp","href":"https:\/\/api.w.org\/{rel}","templated":true}]}}