{"id":12861,"date":"2020-03-07T20:55:12","date_gmt":"2020-03-07T19:55:12","guid":{"rendered":"https:\/\/werkzeuge-aller-art.com\/?product=makita-hp457dwe10-akku-schlagbohrschrauber-set-inkl-74tlg-zubehoer"},"modified":"2023-04-06T05:56:39","modified_gmt":"2023-04-06T03:56:39","slug":"makita-hp457dwe10-akku-schlagbohrschrauber-set-inkl-74tlg-zubehoer","status":"publish","type":"product","link":"https:\/\/werkzeuge-aller-art.com\/?product=makita-hp457dwe10-akku-schlagbohrschrauber-set-inkl-74tlg-zubehoer","title":{"rendered":"Makita HP457DWE10 Akku- Schlagbohrschrauber-Set inkl. 74tlg. Zubeh\u00f6r"},"content":{"rendered":"<div class=\"disclaim\"> Stil:<strong>Basic<\/strong> <\/div>\n<p> <!-- show up to 2 reviews by default --> <\/p>\n<p>Drill Schlagschrauber 2-Gang, kompakt und leichtSchnellspannbohrfutter 13mm Mono-Ringpr\u00e4zise Drehmoment mindestens 16 Bohrposition + Hammerbohren Position einstellen2-Gang-Metallgetriebe garantieren Zuverl\u00e4ssigkeit und Effizienz beim Bohren und SchraubenBeste Steuerung mit elektrischer Bremse stoppt die Maschine bei dem L\u00f6sen der Ausl\u00f6serDrehrichtung UmkehrerErgonomischer Soft Grip f\u00fcr einen besseren Halt. Inklusive koffer und 74 Zubeh\u00f6r<\/p>\n<p>Die Batterien der Makita Werkzeug GmbH Deutschland sind nicht mit dem Batteriesystem kompatibel und k\u00f6nnen mit diesem Produkt nicht verwendet werden. <\/p>\n<p>Leerlaufdrehzahl 1.Gang: 0 &#8211; 400 min-1; Die Batterien der Makita Werkzeug GmbH Deutschland sind nicht mit dem Batteriesystem kompatibel und k\u00f6nnen mit diesem Produkt nicht verwendet werden<br \/>\nLeerlaufdrehzahl 2.Gang: 0 &#8211; 1.400 min-1<br \/>\nSchlagzahl 1.Gang: 0 &#8211; 6.000 min-1<br \/>\nSchlagzahl 2.Gang: 0 &#8211; 21.000 min-1<br \/>\nBohrfutterspannweite: 1,5 &#8211; 13 mm<br \/>\n<div class=\"main-cross-sell\" data-asin=\"B019Z00N7U\">\n\n\t<div class=\"WooZone-cross-sell-loader\">\n\t\t<div>\n\t\t\t<div id=\"floatingBarsG\">\n\t\t\t\t<div class=\"blockG\" id=\"rotateG_01\"><\/div>\n\t\t\t\t<div class=\"blockG\" id=\"rotateG_02\"><\/div>\n\t\t\t\t<div class=\"blockG\" id=\"rotateG_03\"><\/div>\n\t\t\t\t<div class=\"blockG\" id=\"rotateG_04\"><\/div>\n\t\t\t\t<div class=\"blockG\" id=\"rotateG_05\"><\/div>\n\t\t\t\t<div class=\"blockG\" id=\"rotateG_06\"><\/div>\n\t\t\t\t<div class=\"blockG\" id=\"rotateG_07\"><\/div>\n\t\t\t\t<div class=\"blockG\" id=\"rotateG_08\"><\/div>\n\t\t\t<\/div>\n\t\t\t<div class=\"WooZone-cross-sell-loader-text\"><\/div>\n\t\t<\/div>\n\t<\/div>\n\n\t\t\n<\/div>\n<div style=\"clear:both;\"><\/div>\n","protected":false},"excerpt":{"rendered":"<p>Leerlaufdrehzahl 1.Gang: 0 &#8211; 400 min-1; Die Batterien der Makita Werkzeug GmbH Deutschland sind nicht mit dem Batteriesystem kompatibel und k\u00f6nnen mit diesem Produkt nicht verwendet werden<br \/>\nLeerlaufdrehzahl 2.Gang: 0 &#8211; 1.400 min-1<br \/>\nSchlagzahl 1.Gang: 0 &#8211; 6.000 min-1<\/p>\n","protected":false},"featured_media":12865,"comment_status":"open","ping_status":"closed","template":"","meta":[],"product_cat":[114,108],"product_tag":[],"class_list":{"0":"post-12861","1":"product","2":"type-product","3":"status-publish","4":"has-post-thumbnail","6":"product_cat-akkuschrauber","7":"product_cat-bohren-und-schrauben","8":"pa_brand-makita","9":"pa_stil-basic","10":"pa_stil-bit-set-22tlg","11":"pa_stil-bit-set-31tlg","14":"first","15":"instock","16":"shipping-taxable","17":"product-type-external"},"_links":{"self":[{"href":"https:\/\/werkzeuge-aller-art.com\/index.php?rest_route=\/wp\/v2\/product\/12861","targetHints":{"allow":["GET"]}}],"collection":[{"href":"https:\/\/werkzeuge-aller-art.com\/index.php?rest_route=\/wp\/v2\/product"}],"about":[{"href":"https:\/\/werkzeuge-aller-art.com\/index.php?rest_route=\/wp\/v2\/types\/product"}],"replies":[{"embeddable":true,"href":"https:\/\/werkzeuge-aller-art.com\/index.php?rest_route=%2Fwp%2Fv2%2Fcomments&post=12861"}],"wp:featuredmedia":[{"embeddable":true,"href":"https:\/\/werkzeuge-aller-art.com\/index.php?rest_route=\/wp\/v2\/media\/12865"}],"wp:attachment":[{"href":"https:\/\/werkzeuge-aller-art.com\/index.php?rest_route=%2Fwp%2Fv2%2Fmedia&parent=12861"}],"wp:term":[{"taxonomy":"product_cat","embeddable":true,"href":"https:\/\/werkzeuge-aller-art.com\/index.php?rest_route=%2Fwp%2Fv2%2Fproduct_cat&post=12861"},{"taxonomy":"product_tag","embeddable":true,"href":"https:\/\/werkzeuge-aller-art.com\/index.php?rest_route=%2Fwp%2Fv2%2Fproduct_tag&post=12861"}],"curies":[{"name":"wp","href":"https:\/\/api.w.org\/{rel}","templated":true}]}}