{"id":12774,"date":"2020-03-07T20:53:05","date_gmt":"2020-03-07T19:53:05","guid":{"rendered":"https:\/\/werkzeuge-aller-art.com\/?product=metabo-602207880-akku-bohrschrauber-bs-18-mobile-werkstatt-set"},"modified":"2023-04-06T05:56:39","modified_gmt":"2023-04-06T03:56:39","slug":"metabo-602207880-akku-bohrschrauber-bs-18-mobile-werkstatt-set","status":"publish","type":"product","link":"https:\/\/werkzeuge-aller-art.com\/?product=metabo-602207880-akku-bohrschrauber-bs-18-mobile-werkstatt-set","title":{"rendered":"Metabo Akku-Bohrschrauber BS 18 Set (602207880) 18V 2x Li-Ion; Ladeger\u00e4t SC 30; Kunststoffkoffer; Mobile Werkstatt, Art\u2026"},"content":{"rendered":"\n\t\t<div id='gallery-1' class='gallery galleryid-12774 gallery-columns-3 gallery-size-full'><dl class='gallery-item'>\r\n\t<dt class='gallery-icon landscape'>\r\n\t<a rel='gallery-nr'><img loading=\"lazy\" decoding=\"async\" width=\"500\" height=\"500\" src=\"https:\/\/images-na.ssl-images-amazon.com\/images\/I\/51%2BYo%2B21iPL.jpg\" class=\"attachment-full size-full\" alt=\"\" srcset=\"https:\/\/images-na.ssl-images-amazon.com\/images\/I\/51%2BYo%2B21iPL.jpg 500w, https:\/\/images-na.ssl-images-amazon.com\/images\/I\/51%2BYo%2B21iPL._SS150_.jpg 150w, https:\/\/images-na.ssl-images-amazon.com\/images\/I\/51%2BYo%2B21iPL._SS300_.jpg 300w, https:\/\/images-na.ssl-images-amazon.com\/images\/I\/51%2BYo%2B21iPL._SS768_.jpg 768w, https:\/\/images-na.ssl-images-amazon.com\/images\/I\/51%2BYo%2B21iPL._SS1024_.jpg 1024w, https:\/\/images-na.ssl-images-amazon.com\/images\/I\/51%2BYo%2B21iPL._SS1536_.jpg 1536w, https:\/\/images-na.ssl-images-amazon.com\/images\/I\/51%2BYo%2B21iPL._SS2048_.jpg 2048w, https:\/\/images-na.ssl-images-amazon.com\/images\/I\/51%2BYo%2B21iPL._SS145_.jpg 145w, https:\/\/images-na.ssl-images-amazon.com\/images\/I\/51%2BYo%2B21iPL._SS1400_.jpg 1400w, https:\/\/images-na.ssl-images-amazon.com\/images\/I\/51%2BYo%2B21iPL._SS50_.jpg 50w, https:\/\/images-na.ssl-images-amazon.com\/images\/I\/51%2BYo%2B21iPL._SS604_.jpg 604w, https:\/\/images-na.ssl-images-amazon.com\/images\/I\/51%2BYo%2B21iPL._SS262_.jpg 262w, https:\/\/images-na.ssl-images-amazon.com\/images\/I\/51%2BYo%2B21iPL._SS600_.jpg 600w, https:\/\/images-na.ssl-images-amazon.com\/images\/I\/51%2BYo%2B21iPL._SS100_.jpg 100w\" sizes=\"auto, (max-width: 500px) 100vw, 500px\" \/><\/a>\r\n\t<\/dt>\r\n\t<dd class='wp-caption-text gallery-caption'>\r\n\t<div class='gallery-caption-inner'> <div class='wp-caption-text gallery-title'>\r\n\tMetabo-602207880-Akku-Bohrschrauber-BS-18-Mobile-Werkstatt-Set\r\n\t<\/div><div class='wp-caption-text gallery-zoom no-text'>\r\n\t\t<a href=https:\/\/werkzeuge-aller-art.com\/?attachment_id=12778 title='Click to view Full Image' class='icon mustang-gallery'><i class='fa fa-plus'><\/i><\/a>\r\n\t\t<\/div><div class='wp-caption-text gallery-redirect'>\r\n\t\t<a href=https:\/\/werkzeuge-aller-art.com\/?attachment_id=12778 title='Click to view read more' class='icon readmore'><i class='fa fa-link'><\/i><\/a>\r\n\t\t<\/div><\/div><\/dd><\/dl><dl class='gallery-item'>\r\n\t<dt class='gallery-icon landscape'>\r\n\t<a rel='gallery-nr'><img loading=\"lazy\" decoding=\"async\" width=\"500\" height=\"500\" src=\"https:\/\/images-na.ssl-images-amazon.com\/images\/I\/41G8-W-c5BL.jpg\" class=\"attachment-full size-full\" alt=\"\" srcset=\"https:\/\/images-na.ssl-images-amazon.com\/images\/I\/41G8-W-c5BL.jpg 500w, https:\/\/images-na.ssl-images-amazon.com\/images\/I\/41G8-W-c5BL._SS150_.jpg 150w, https:\/\/images-na.ssl-images-amazon.com\/images\/I\/41G8-W-c5BL._SS300_.jpg 300w, https:\/\/images-na.ssl-images-amazon.com\/images\/I\/41G8-W-c5BL._SS768_.jpg 768w, https:\/\/images-na.ssl-images-amazon.com\/images\/I\/41G8-W-c5BL._SS1024_.jpg 1024w, https:\/\/images-na.ssl-images-amazon.com\/images\/I\/41G8-W-c5BL._SS1536_.jpg 1536w, https:\/\/images-na.ssl-images-amazon.com\/images\/I\/41G8-W-c5BL._SS2048_.jpg 2048w, https:\/\/images-na.ssl-images-amazon.com\/images\/I\/41G8-W-c5BL._SS145_.jpg 145w, https:\/\/images-na.ssl-images-amazon.com\/images\/I\/41G8-W-c5BL._SS1400_.jpg 1400w, https:\/\/images-na.ssl-images-amazon.com\/images\/I\/41G8-W-c5BL._SS50_.jpg 50w, https:\/\/images-na.ssl-images-amazon.com\/images\/I\/41G8-W-c5BL._SS604_.jpg 604w, https:\/\/images-na.ssl-images-amazon.com\/images\/I\/41G8-W-c5BL._SS262_.jpg 262w, https:\/\/images-na.ssl-images-amazon.com\/images\/I\/41G8-W-c5BL._SS600_.jpg 600w, https:\/\/images-na.ssl-images-amazon.com\/images\/I\/41G8-W-c5BL._SS100_.jpg 100w\" sizes=\"auto, (max-width: 500px) 100vw, 500px\" \/><\/a>\r\n\t<\/dt>\r\n\t<dd class='wp-caption-text gallery-caption'>\r\n\t<div class='gallery-caption-inner'> <div class='wp-caption-text gallery-title'>\r\n\tMetabo-602207880-Akku-Bohrschrauber-BS-18-Mobile-Werkstatt-Set\r\n\t<\/div><div class='wp-caption-text gallery-zoom no-text'>\r\n\t\t<a href=https:\/\/werkzeuge-aller-art.com\/?attachment_id=12779 title='Click to view Full Image' class='icon mustang-gallery'><i class='fa fa-plus'><\/i><\/a>\r\n\t\t<\/div><div class='wp-caption-text gallery-redirect'>\r\n\t\t<a href=https:\/\/werkzeuge-aller-art.com\/?attachment_id=12779 title='Click to view read more' class='icon readmore'><i class='fa fa-link'><\/i><\/a>\r\n\t\t<\/div><\/div><\/dd><\/dl><dl class='gallery-item'>\r\n\t<dt class='gallery-icon landscape'>\r\n\t<a rel='gallery-nr'><img loading=\"lazy\" decoding=\"async\" width=\"500\" height=\"500\" src=\"https:\/\/images-na.ssl-images-amazon.com\/images\/I\/51uE7DlyBeL.jpg\" class=\"attachment-full size-full\" alt=\"\" srcset=\"https:\/\/images-na.ssl-images-amazon.com\/images\/I\/51uE7DlyBeL.jpg 500w, https:\/\/images-na.ssl-images-amazon.com\/images\/I\/51uE7DlyBeL._SS150_.jpg 150w, https:\/\/images-na.ssl-images-amazon.com\/images\/I\/51uE7DlyBeL._SS300_.jpg 300w, https:\/\/images-na.ssl-images-amazon.com\/images\/I\/51uE7DlyBeL._SS768_.jpg 768w, https:\/\/images-na.ssl-images-amazon.com\/images\/I\/51uE7DlyBeL._SS1024_.jpg 1024w, https:\/\/images-na.ssl-images-amazon.com\/images\/I\/51uE7DlyBeL._SS1536_.jpg 1536w, https:\/\/images-na.ssl-images-amazon.com\/images\/I\/51uE7DlyBeL._SS2048_.jpg 2048w, https:\/\/images-na.ssl-images-amazon.com\/images\/I\/51uE7DlyBeL._SS145_.jpg 145w, https:\/\/images-na.ssl-images-amazon.com\/images\/I\/51uE7DlyBeL._SS1400_.jpg 1400w, https:\/\/images-na.ssl-images-amazon.com\/images\/I\/51uE7DlyBeL._SS50_.jpg 50w, https:\/\/images-na.ssl-images-amazon.com\/images\/I\/51uE7DlyBeL._SS604_.jpg 604w, https:\/\/images-na.ssl-images-amazon.com\/images\/I\/51uE7DlyBeL._SS262_.jpg 262w, https:\/\/images-na.ssl-images-amazon.com\/images\/I\/51uE7DlyBeL._SS600_.jpg 600w, https:\/\/images-na.ssl-images-amazon.com\/images\/I\/51uE7DlyBeL._SS100_.jpg 100w\" sizes=\"auto, (max-width: 500px) 100vw, 500px\" \/><\/a>\r\n\t<\/dt>\r\n\t<dd class='wp-caption-text gallery-caption'>\r\n\t<div class='gallery-caption-inner'> <div class='wp-caption-text gallery-title'>\r\n\tMetabo-602207880-Akku-Bohrschrauber-BS-18-Mobile-Werkstatt-Set\r\n\t<\/div><div class='wp-caption-text gallery-zoom no-text'>\r\n\t\t<a href=https:\/\/werkzeuge-aller-art.com\/?attachment_id=12780 title='Click to view Full Image' class='icon mustang-gallery'><i class='fa fa-plus'><\/i><\/a>\r\n\t\t<\/div><div class='wp-caption-text gallery-redirect'>\r\n\t\t<a href=https:\/\/werkzeuge-aller-art.com\/?attachment_id=12780 title='Click to view read more' class='icon readmore'><i class='fa fa-link'><\/i><\/a>\r\n\t\t<\/div><\/div><\/dd><\/dl>\r\n<\/div>\n\n<div class=\"disclaim\"> Stil:<strong>Mobile Werkstatt Standard<\/strong> <\/div>\n<p> <!-- show up to 2 reviews by default --> <\/p>\n<h3>Produktbeschreibung<\/h3>\n<p>18-Volt-Akku-Bohrschrauber BS 18 Set Mobile Werkstatt Leichter Kompakt-Bohrschrauber mit extrem kurzer Bauform f\u00fcr den vielseitigen Einsatz Mobile Werkstatt: Kunststoffkoffer mit viel Zubeh\u00f6r zum Bohren, Schrauben und mehr Integriertes Arbeitslicht zum Ausleuchten der Arbeitsstelle Mit praktischem G\u00fcrtelhaken, werkzeuglos rechts oder links fixierbar Ultra-M-Technologie: hoch Leistung, schonendes LadenTechnische Details Art des Akkupacks: Li-Ion Spannung des Akkupacks: 18 V Kapazit\u00e4t des Akkupacks: 1,5 Ah Max. Drehmoment weich: 24 Nm Max. Drehmoment hart: 48 Nm Einstellbares Drehmoment: 0,5 &#8211; 4,5 Nm Bohr-\u00d8 Stahl: 10 mm Bohr-\u00d8 Weichholz: 20 mm Leerlaufdrehzahlen: 0 &#8211; 450 \/ 0 &#8211; 1.600 \/min Bohrfutterspannweite: 1 &#8211; 10 mm Gewicht (mit Akkupack): 1,3 kgLieferumfang Schnellspannbohrfutter G\u00fcrtelhaken Li-Power Akkupacks (18 V\/ 2 Ah) Ladeger\u00e4t SC 30 Kunststoffkoffer Zubeh\u00f6r-Set <\/p>\n<h3>Set enth\u00e4lt:<\/h3>\n<p>Bohrschrauber; Schnellspannbohrfutter; G\u00fcrtelhaken; Akkupack (18 V\/1,5 Ah); Ladeger\u00e4t SC 30; Kunststoffkoffer; Zubeh\u00f6r-Set <\/p>\n<p>Vielseitig und Einfach; Ein b\u00fcrstenloser Akkubohrschrauber mit kompakter Bauweise f\u00fcr universelle und anspruchsvolle Arbeiten f\u00fcr Holz, Stahl oder auch Fliesen; der einzigartige Metabo Brushlessmotor sorgt f\u00fcr einen schnellen Arbeitsfortschritt und hoch Effizienz beim Bohren und Schrauben; die 10 Millimeter Bohrfutterkapazit\u00e4t und ein max Bohr\u00d8 in Weichholz von 20 Millimeter stehen f\u00fcr vielseitige Anwendungsm\u00f6glichkeiten, welche durch ein integriertes LED Licht zum Ausleuchten der Arbeitsstelle erg\u00e4nzt wird<br \/>\nKraftvoll und Ausdauernd; Der Akkubohrschrauber ist durch seine 18 Volt \/ 2 Amperestunden Ah Akku\u00b4s ein richtiges Kraftpaket, welches ebenfalls eine optimale Kraft\u00fcbertragung durch das 2 Gang Getriebe mit 21 Drehmomentstufen garantiert; der Akkubohrer wird mit zwei St\u00fcck Lithium Ionen Akkus geliefert; mit dem im Lieferumfang enthaltenen Schnellladeger\u00e4t werden Sie binnen 1,5 Stunden wieder geladen um die aufgenommene Arbeit nicht unterbrechen zu m\u00fcssen<br \/>\nUmfangreiches Zubeh\u00f6r; Das als mobile Werkstatt agierende Set bietet eine Menge hilfreiches Zubeh\u00f6r; So sind Sie f\u00fcr alle Aufgaben, die Schrauben und Bohren umfassen guten gewappnet; \u00dcber den G\u00fcrtelhaken l\u00e4sst sich die Bohrmaschine praktisch am G\u00fcrtel anbringen<br \/>\nLieferumfang; 1x Metabo Akkubohrschrauber BS 18 Set Mobile Werkstatt (1,3 Kilogramm), 2x Li Ion 18 Volt \/2Ah Amperestunden Akkus, 1x Schnelladeger\u00e4t SC30, 1x Schnellspannbohrfutter, 1x G\u00fcrtelhaken, 1x Kunststoffkoffer, 1x Zubeh\u00f6rset<br \/>\n<div class=\"main-cross-sell\" data-asin=\"B016ZUW06A\">\n\n\t<div class=\"WooZone-cross-sell-loader\">\n\t\t<div>\n\t\t\t<div id=\"floatingBarsG\">\n\t\t\t\t<div class=\"blockG\" id=\"rotateG_01\"><\/div>\n\t\t\t\t<div class=\"blockG\" id=\"rotateG_02\"><\/div>\n\t\t\t\t<div class=\"blockG\" id=\"rotateG_03\"><\/div>\n\t\t\t\t<div class=\"blockG\" id=\"rotateG_04\"><\/div>\n\t\t\t\t<div class=\"blockG\" id=\"rotateG_05\"><\/div>\n\t\t\t\t<div class=\"blockG\" id=\"rotateG_06\"><\/div>\n\t\t\t\t<div class=\"blockG\" id=\"rotateG_07\"><\/div>\n\t\t\t\t<div class=\"blockG\" id=\"rotateG_08\"><\/div>\n\t\t\t<\/div>\n\t\t\t<div class=\"WooZone-cross-sell-loader-text\"><\/div>\n\t\t<\/div>\n\t<\/div>\n\n\t\t\n<\/div>\n<div style=\"clear:both;\"><\/div>\n","protected":false},"excerpt":{"rendered":"<p>Vielseitig und Einfach; Ein b\u00fcrstenloser Akkubohrschrauber mit kompakter Bauweise f\u00fcr universelle und anspruchsvolle Arbeiten f\u00fcr Holz, Stahl oder auch Fliesen; der einzigartige Metabo Brushlessmotor sorgt f\u00fcr einen schnellen Arbeitsfortschritt und hoch Effizienz beim Bohren und Schrauben; die 10 Millimeter Bohrfutterkapazit\u00e4t und ein max Bohr\u00d8 in Weichholz von 20 Millimeter stehen f\u00fcr vielseitige Anwendungsm\u00f6glichkeiten, welche durch ein integriertes LED Licht zum Ausleuchten der Arbeitsstelle erg\u00e4nzt wird<br \/>\nKraftvoll und Ausdauernd; Der Akkubohrschrauber ist durch seine 18 Volt \/ 2 Amperestunden Ah Akku\u00b4s ein richtiges Kraftpaket, welches ebenfalls eine optimale Kraft\u00fcbertragung durch das 2 Gang Getriebe mit 21 Drehmomentstufen garantiert; der Akkubohrer wird mit zwei St\u00fcck Lithium Ionen Akkus geliefert; mit dem im Lieferumfang enthaltenen Schnellladeger\u00e4t werden Sie binnen 1,5 Stunden wieder geladen um die aufgenommene Arbeit nicht unterbrechen zu m\u00fcssen<br \/>\nUmfangreiches Zubeh\u00f6r; Das als mobile Werkstatt agierende Set bietet eine Menge hilfreiches Zubeh\u00f6r; So sind Sie f\u00fcr alle Aufgaben, die Schrauben und Bohren umfassen guten gewappnet; \u00dcber den G\u00fcrtelhaken l\u00e4sst sich die Bohrmaschine praktisch am G\u00fcrtel anbringen<\/p>\n","protected":false},"featured_media":12778,"comment_status":"open","ping_status":"closed","template":"","meta":[],"product_cat":[114,108],"product_tag":[],"class_list":{"0":"post-12774","1":"product","2":"type-product","3":"status-publish","4":"has-post-thumbnail","6":"product_cat-akkuschrauber","7":"product_cat-bohren-und-schrauben","8":"pa_brand-metabo","9":"pa_stil-mobile-werkstatt-bs-18-quick","10":"pa_stil-mobile-werkstatt-mit-bessy-messer-plus-led","11":"pa_stil-mobile-werkstatt-standard","14":"first","15":"instock","16":"shipping-taxable","17":"product-type-external"},"_links":{"self":[{"href":"https:\/\/werkzeuge-aller-art.com\/index.php?rest_route=\/wp\/v2\/product\/12774","targetHints":{"allow":["GET"]}}],"collection":[{"href":"https:\/\/werkzeuge-aller-art.com\/index.php?rest_route=\/wp\/v2\/product"}],"about":[{"href":"https:\/\/werkzeuge-aller-art.com\/index.php?rest_route=\/wp\/v2\/types\/product"}],"replies":[{"embeddable":true,"href":"https:\/\/werkzeuge-aller-art.com\/index.php?rest_route=%2Fwp%2Fv2%2Fcomments&post=12774"}],"wp:featuredmedia":[{"embeddable":true,"href":"https:\/\/werkzeuge-aller-art.com\/index.php?rest_route=\/wp\/v2\/media\/12778"}],"wp:attachment":[{"href":"https:\/\/werkzeuge-aller-art.com\/index.php?rest_route=%2Fwp%2Fv2%2Fmedia&parent=12774"}],"wp:term":[{"taxonomy":"product_cat","embeddable":true,"href":"https:\/\/werkzeuge-aller-art.com\/index.php?rest_route=%2Fwp%2Fv2%2Fproduct_cat&post=12774"},{"taxonomy":"product_tag","embeddable":true,"href":"https:\/\/werkzeuge-aller-art.com\/index.php?rest_route=%2Fwp%2Fv2%2Fproduct_tag&post=12774"}],"curies":[{"name":"wp","href":"https:\/\/api.w.org\/{rel}","templated":true}]}}