{"id":12706,"date":"2020-03-07T20:47:58","date_gmt":"2020-03-07T19:47:58","guid":{"rendered":"https:\/\/werkzeuge-aller-art.com\/?product=einhell-akkuschrauber-tc-cd-18-35-li-kit-power-x-change-li-ion-18-v-550-min-1-35-nm-10-mm-bohrfutter-inkl-15-ah-pxc-akku-und-ladegeraet-aufbewahrungskarton"},"modified":"2023-04-06T05:56:38","modified_gmt":"2023-04-06T03:56:38","slug":"einhell-akkuschrauber-tc-cd-18-35-li-kit-power-x-change-li-ion-18-v-550-min-1-35-nm-10-mm-bohrfutter-inkl-15-ah-pxc-akku-und-ladegeraet-aufbewahrungskarton","status":"publish","type":"product","link":"https:\/\/werkzeuge-aller-art.com\/?product=einhell-akkuschrauber-tc-cd-18-35-li-kit-power-x-change-li-ion-18-v-550-min-1-35-nm-10-mm-bohrfutter-inkl-15-ah-pxc-akku-und-ladegeraet-aufbewahrungskarton","title":{"rendered":"Einhell Akku-Bohrschrauber TC-CD 18\/35 Li (1&#215;1,5 Ah) Power X-Change (Lithium Ionen, 18 V, Drehzahl-Elektronik, LED\u2026"},"content":{"rendered":"\n\t\t<div id='gallery-1' class='gallery galleryid-12706 gallery-columns-3 gallery-size-full'><dl class='gallery-item'>\r\n\t<dt class='gallery-icon landscape'>\r\n\t<a rel='gallery-nr'><img loading=\"lazy\" decoding=\"async\" width=\"500\" height=\"500\" src=\"https:\/\/images-na.ssl-images-amazon.com\/images\/I\/51dG5hIeGKL.jpg\" class=\"attachment-full size-full\" alt=\"\" srcset=\"https:\/\/images-na.ssl-images-amazon.com\/images\/I\/51dG5hIeGKL.jpg 500w, https:\/\/images-na.ssl-images-amazon.com\/images\/I\/51dG5hIeGKL._SS150_.jpg 150w, https:\/\/images-na.ssl-images-amazon.com\/images\/I\/51dG5hIeGKL._SS300_.jpg 300w, https:\/\/images-na.ssl-images-amazon.com\/images\/I\/51dG5hIeGKL._SS768_.jpg 768w, https:\/\/images-na.ssl-images-amazon.com\/images\/I\/51dG5hIeGKL._SS1024_.jpg 1024w, https:\/\/images-na.ssl-images-amazon.com\/images\/I\/51dG5hIeGKL._SS1536_.jpg 1536w, https:\/\/images-na.ssl-images-amazon.com\/images\/I\/51dG5hIeGKL._SS2048_.jpg 2048w, https:\/\/images-na.ssl-images-amazon.com\/images\/I\/51dG5hIeGKL._SS145_.jpg 145w, https:\/\/images-na.ssl-images-amazon.com\/images\/I\/51dG5hIeGKL._SS1400_.jpg 1400w, https:\/\/images-na.ssl-images-amazon.com\/images\/I\/51dG5hIeGKL._SS50_.jpg 50w, https:\/\/images-na.ssl-images-amazon.com\/images\/I\/51dG5hIeGKL._SS604_.jpg 604w, https:\/\/images-na.ssl-images-amazon.com\/images\/I\/51dG5hIeGKL._SS262_.jpg 262w, https:\/\/images-na.ssl-images-amazon.com\/images\/I\/51dG5hIeGKL._SS600_.jpg 600w, https:\/\/images-na.ssl-images-amazon.com\/images\/I\/51dG5hIeGKL._SS100_.jpg 100w\" sizes=\"auto, (max-width: 500px) 100vw, 500px\" \/><\/a>\r\n\t<\/dt>\r\n\t<dd class='wp-caption-text gallery-caption'>\r\n\t<div class='gallery-caption-inner'> <div class='wp-caption-text gallery-title'>\r\n\tEinhell-Akkuschrauber-TC-CD-1835-Li-Kit-Power-X-Change-Li-Ion-18-V-550-min-1-35-Nm-10-mm-Bohrfutter-inkl-15-Ah-PXC-Akku-und-Ladegert-Aufbewahrungskarton\r\n\t<\/div><div class='wp-caption-text gallery-zoom no-text'>\r\n\t\t<a href=https:\/\/werkzeuge-aller-art.com\/?attachment_id=12710 title='Click to view Full Image' class='icon mustang-gallery'><i class='fa fa-plus'><\/i><\/a>\r\n\t\t<\/div><div class='wp-caption-text gallery-redirect'>\r\n\t\t<a href=https:\/\/werkzeuge-aller-art.com\/?attachment_id=12710 title='Click to view read more' class='icon readmore'><i class='fa fa-link'><\/i><\/a>\r\n\t\t<\/div><\/div><\/dd><\/dl><dl class='gallery-item'>\r\n\t<dt class='gallery-icon landscape'>\r\n\t<a rel='gallery-nr'><img loading=\"lazy\" decoding=\"async\" width=\"500\" height=\"500\" src=\"https:\/\/images-na.ssl-images-amazon.com\/images\/I\/51U2bWHUdEL.jpg\" class=\"attachment-full size-full\" alt=\"\" srcset=\"https:\/\/images-na.ssl-images-amazon.com\/images\/I\/51U2bWHUdEL.jpg 500w, https:\/\/images-na.ssl-images-amazon.com\/images\/I\/51U2bWHUdEL._SS150_.jpg 150w, https:\/\/images-na.ssl-images-amazon.com\/images\/I\/51U2bWHUdEL._SS300_.jpg 300w, https:\/\/images-na.ssl-images-amazon.com\/images\/I\/51U2bWHUdEL._SS768_.jpg 768w, https:\/\/images-na.ssl-images-amazon.com\/images\/I\/51U2bWHUdEL._SS1024_.jpg 1024w, https:\/\/images-na.ssl-images-amazon.com\/images\/I\/51U2bWHUdEL._SS1536_.jpg 1536w, https:\/\/images-na.ssl-images-amazon.com\/images\/I\/51U2bWHUdEL._SS2048_.jpg 2048w, https:\/\/images-na.ssl-images-amazon.com\/images\/I\/51U2bWHUdEL._SS145_.jpg 145w, https:\/\/images-na.ssl-images-amazon.com\/images\/I\/51U2bWHUdEL._SS1400_.jpg 1400w, https:\/\/images-na.ssl-images-amazon.com\/images\/I\/51U2bWHUdEL._SS50_.jpg 50w, https:\/\/images-na.ssl-images-amazon.com\/images\/I\/51U2bWHUdEL._SS604_.jpg 604w, https:\/\/images-na.ssl-images-amazon.com\/images\/I\/51U2bWHUdEL._SS262_.jpg 262w, https:\/\/images-na.ssl-images-amazon.com\/images\/I\/51U2bWHUdEL._SS600_.jpg 600w, https:\/\/images-na.ssl-images-amazon.com\/images\/I\/51U2bWHUdEL._SS100_.jpg 100w\" sizes=\"auto, (max-width: 500px) 100vw, 500px\" \/><\/a>\r\n\t<\/dt>\r\n\t<dd class='wp-caption-text gallery-caption'>\r\n\t<div class='gallery-caption-inner'> <div class='wp-caption-text gallery-title'>\r\n\tEinhell-Akkuschrauber-TC-CD-1835-Li-Kit-Power-X-Change-Li-Ion-18-V-550-min-1-35-Nm-10-mm-Bohrfutter-inkl-15-Ah-PXC-Akku-und-Ladegert-Aufbewahrungskarton\r\n\t<\/div><div class='wp-caption-text gallery-zoom no-text'>\r\n\t\t<a href=https:\/\/werkzeuge-aller-art.com\/?attachment_id=12711 title='Click to view Full Image' class='icon mustang-gallery'><i class='fa fa-plus'><\/i><\/a>\r\n\t\t<\/div><div class='wp-caption-text gallery-redirect'>\r\n\t\t<a href=https:\/\/werkzeuge-aller-art.com\/?attachment_id=12711 title='Click to view read more' class='icon readmore'><i class='fa fa-link'><\/i><\/a>\r\n\t\t<\/div><\/div><\/dd><\/dl><dl class='gallery-item'>\r\n\t<dt class='gallery-icon landscape'>\r\n\t<a rel='gallery-nr'><img loading=\"lazy\" decoding=\"async\" width=\"500\" height=\"500\" src=\"https:\/\/images-na.ssl-images-amazon.com\/images\/I\/41wWbfKuMHL.jpg\" class=\"attachment-full size-full\" alt=\"\" srcset=\"https:\/\/images-na.ssl-images-amazon.com\/images\/I\/41wWbfKuMHL.jpg 500w, https:\/\/images-na.ssl-images-amazon.com\/images\/I\/41wWbfKuMHL._SS150_.jpg 150w, https:\/\/images-na.ssl-images-amazon.com\/images\/I\/41wWbfKuMHL._SS300_.jpg 300w, https:\/\/images-na.ssl-images-amazon.com\/images\/I\/41wWbfKuMHL._SS768_.jpg 768w, https:\/\/images-na.ssl-images-amazon.com\/images\/I\/41wWbfKuMHL._SS1024_.jpg 1024w, https:\/\/images-na.ssl-images-amazon.com\/images\/I\/41wWbfKuMHL._SS1536_.jpg 1536w, https:\/\/images-na.ssl-images-amazon.com\/images\/I\/41wWbfKuMHL._SS2048_.jpg 2048w, https:\/\/images-na.ssl-images-amazon.com\/images\/I\/41wWbfKuMHL._SS145_.jpg 145w, https:\/\/images-na.ssl-images-amazon.com\/images\/I\/41wWbfKuMHL._SS1400_.jpg 1400w, https:\/\/images-na.ssl-images-amazon.com\/images\/I\/41wWbfKuMHL._SS50_.jpg 50w, https:\/\/images-na.ssl-images-amazon.com\/images\/I\/41wWbfKuMHL._SS604_.jpg 604w, https:\/\/images-na.ssl-images-amazon.com\/images\/I\/41wWbfKuMHL._SS262_.jpg 262w, https:\/\/images-na.ssl-images-amazon.com\/images\/I\/41wWbfKuMHL._SS600_.jpg 600w, https:\/\/images-na.ssl-images-amazon.com\/images\/I\/41wWbfKuMHL._SS100_.jpg 100w\" sizes=\"auto, (max-width: 500px) 100vw, 500px\" \/><\/a>\r\n\t<\/dt>\r\n\t<dd class='wp-caption-text gallery-caption'>\r\n\t<div class='gallery-caption-inner'> <div class='wp-caption-text gallery-title'>\r\n\tEinhell-Akkuschrauber-TC-CD-1835-Li-Kit-Power-X-Change-Li-Ion-18-V-550-min-1-35-Nm-10-mm-Bohrfutter-inkl-15-Ah-PXC-Akku-und-Ladegert-Aufbewahrungskarton\r\n\t<\/div><div class='wp-caption-text gallery-zoom no-text'>\r\n\t\t<a href=https:\/\/werkzeuge-aller-art.com\/?attachment_id=12712 title='Click to view Full Image' class='icon mustang-gallery'><i class='fa fa-plus'><\/i><\/a>\r\n\t\t<\/div><div class='wp-caption-text gallery-redirect'>\r\n\t\t<a href=https:\/\/werkzeuge-aller-art.com\/?attachment_id=12712 title='Click to view read more' class='icon readmore'><i class='fa fa-link'><\/i><\/a>\r\n\t\t<\/div><\/div><\/dd><\/dl>\r\n<\/div>\n\n<div class=\"disclaim\"> Gr\u00f6\u00dfe:<strong>35Nm\/1 Akku<\/strong> <\/div>\n<p> <!-- show up to 2 reviews by default --> <\/p>\n<p>Der Einhell Akku Bohrschrauber TC-CD 18\/35 Li (1&#215;1, 5 Ah) ist ein beliebter Assistent bei allen Arbeiten in Heim, Werkstatt oder Garage und Mitglied der innovativen Power X-Change-Familie. PXC-Akkus k\u00f6nnen in allen Ger\u00e4ten der innovativen Lithium-Ionen-Systemreihe im Bereich Garten und Werkzeug verwendet werden. Kraftvolles Bohren und Schrauben, flexibel und unabh\u00e4ngig von der Steckdose erlaubt die Li-Ion-Technologie ohne Selbstentladung; der Akkubohrer ist somit jederzeit einsatzbereit. Mit einem Drehmoment von 35 Nm und 21 Drehmomentstufen ausgestattet, sorgt die Drehzahlelektronik f\u00fcr material- und anwendungsgerechtes Arbeiten. Das Bohrfutter (10 mm) nimmt das entsprechende Werkzeugzubeh\u00f6r im Handumdrehen auf. F\u00fcr ein optimales Arbeiten auch in dunklen Bereichen und unzug\u00e4nglichen Bereichen sorgt die LED-Beleuchtung f\u00fcr eine stets einwandfreie Sicht auf den Arbeitsbereich. Angenehmes Arbeiten erlauben dabei das ergonomische Design und der Softgrip, die auf h\u00f6chste Handlichkeit ausgelegt sind und einen festen und sicheren Halt bieten. Zum Lieferumfang geh\u00f6ren der Akkuschrauber, ein 1, 5 Ah PXC-Akku und dem Ein-Stunden-Ladeger\u00e4t. Die Lieferung erfolgt in einem praktischen Aufbewahrungskarton. <\/p>\n<p>Unendlicher Aktionsradius dank Power X-Change &#8211; Nie mehr nach Steckdosen suchen, nie mehr \u00c4rger mit dem Verl\u00e4ngerungskabel. Der leistungsstarke Lithium-Ionen-Akku sorgt f\u00fcr kabellose Freiheit<br \/>\nDrehzahlelektronik mit 21 Drehmomentstufen &#8211; Die 21 Drehmomentstufen erm\u00f6glichen kraftvolles Schrauben und Bohren. Die Drehzahlelektronik garantiert material- und anwendungsfreundliches Arbeiten<br \/>\nDoppelh\u00fclsiges Schnellspannbohrfutter &#8211; Das 10 Millimeter Schnellspannbohrfutter ist doppelh\u00fclsig und nimmt das entsprechende Werkzeugzubeh\u00f6r im Handumdrehen auf<br \/>\nErgonomisches Design mit Softgrip-Fl\u00e4chen &#8211; Der ergonomische Handgriff mit integrierten Softgrip-Fl\u00e4chen schont Handfl\u00e4chen und Gelenke bei l\u00e4ngeren Eins\u00e4tzen<br \/>\nInklusive LED-Licht &#8211; Durch das integrierte LED-Licht lassen sich auch dunkle oder schwer zug\u00e4ngliche Arbeitsbereiche optimal ausleuchten<br \/>\nInklusive Zubeh\u00f6r &#8211; Im Lieferumfang enthalten ist ein 1.5 Ah Power X-Change Akku und ein Schnellladeger\u00e4t. Die Lieferung erfolgt im praktischen Aufbewahrungskarton<br \/>\nTechnische Daten &#8211; Leerlaufdrehzahl (Gang 1): 0-550 U\/min; Max. Drehmoment hart: 35 Nm; Drehmomentstufen: 21 Stufen; Bohrfutter: 10 mm \/ Doppelh\u00fclsig<br \/>\n<div class=\"main-cross-sell\" data-asin=\"B07GSD13P4\">\n\n\t<div class=\"WooZone-cross-sell-loader\">\n\t\t<div>\n\t\t\t<div id=\"floatingBarsG\">\n\t\t\t\t<div class=\"blockG\" id=\"rotateG_01\"><\/div>\n\t\t\t\t<div class=\"blockG\" id=\"rotateG_02\"><\/div>\n\t\t\t\t<div class=\"blockG\" id=\"rotateG_03\"><\/div>\n\t\t\t\t<div class=\"blockG\" id=\"rotateG_04\"><\/div>\n\t\t\t\t<div class=\"blockG\" id=\"rotateG_05\"><\/div>\n\t\t\t\t<div class=\"blockG\" id=\"rotateG_06\"><\/div>\n\t\t\t\t<div class=\"blockG\" id=\"rotateG_07\"><\/div>\n\t\t\t\t<div class=\"blockG\" id=\"rotateG_08\"><\/div>\n\t\t\t<\/div>\n\t\t\t<div class=\"WooZone-cross-sell-loader-text\"><\/div>\n\t\t<\/div>\n\t<\/div>\n\n\t\t\n<\/div>\n<div style=\"clear:both;\"><\/div>\n","protected":false},"excerpt":{"rendered":"<p>Unendlicher Aktionsradius dank Power X-Change &#8211; Nie mehr nach Steckdosen suchen, nie mehr \u00c4rger mit dem Verl\u00e4ngerungskabel. Der leistungsstarke Lithium-Ionen-Akku sorgt f\u00fcr kabellose Freiheit<br \/>\nDrehzahlelektronik mit 21 Drehmomentstufen &#8211; Die 21 Drehmomentstufen erm\u00f6glichen kraftvolles Schrauben und Bohren. Die Drehzahlelektronik garantiert material- und anwendungsfreundliches Arbeiten<br \/>\nDoppelh\u00fclsiges Schnellspannbohrfutter &#8211; Das 10 Millimeter Schnellspannbohrfutter ist doppelh\u00fclsig und nimmt das entsprechende Werkzeugzubeh\u00f6r im Handumdrehen auf<\/p>\n","protected":false},"featured_media":12710,"comment_status":"open","ping_status":"closed","template":"","meta":[],"product_cat":[114,108],"product_tag":[],"class_list":{"0":"post-12706","1":"product","2":"type-product","3":"status-publish","4":"has-post-thumbnail","6":"product_cat-akkuschrauber","7":"product_cat-bohren-und-schrauben","8":"pa_brand-einhell","9":"pa_groesse-35nm-1-akku","10":"pa_groesse-40nm-2-akkus-koffer","11":"pa_groesse-44nm-2-akkus-koffer","14":"first","15":"instock","16":"shipping-taxable","17":"product-type-external"},"_links":{"self":[{"href":"https:\/\/werkzeuge-aller-art.com\/index.php?rest_route=\/wp\/v2\/product\/12706","targetHints":{"allow":["GET"]}}],"collection":[{"href":"https:\/\/werkzeuge-aller-art.com\/index.php?rest_route=\/wp\/v2\/product"}],"about":[{"href":"https:\/\/werkzeuge-aller-art.com\/index.php?rest_route=\/wp\/v2\/types\/product"}],"replies":[{"embeddable":true,"href":"https:\/\/werkzeuge-aller-art.com\/index.php?rest_route=%2Fwp%2Fv2%2Fcomments&post=12706"}],"wp:featuredmedia":[{"embeddable":true,"href":"https:\/\/werkzeuge-aller-art.com\/index.php?rest_route=\/wp\/v2\/media\/12710"}],"wp:attachment":[{"href":"https:\/\/werkzeuge-aller-art.com\/index.php?rest_route=%2Fwp%2Fv2%2Fmedia&parent=12706"}],"wp:term":[{"taxonomy":"product_cat","embeddable":true,"href":"https:\/\/werkzeuge-aller-art.com\/index.php?rest_route=%2Fwp%2Fv2%2Fproduct_cat&post=12706"},{"taxonomy":"product_tag","embeddable":true,"href":"https:\/\/werkzeuge-aller-art.com\/index.php?rest_route=%2Fwp%2Fv2%2Fproduct_tag&post=12706"}],"curies":[{"name":"wp","href":"https:\/\/api.w.org\/{rel}","templated":true}]}}