{"id":5,"date":"2020-02-04T08:30:10","date_gmt":"2020-02-04T07:30:10","guid":{"rendered":"https:\/\/werkzeuge-aller-art.com\/?page_id=5"},"modified":"2020-12-29T12:15:50","modified_gmt":"2020-12-29T11:15:50","slug":"impressum","status":"publish","type":"page","link":"https:\/\/werkzeuge-aller-art.com\/?page_id=5","title":{"rendered":"Impressum"},"content":{"rendered":"\n<p><strong>Impressum Angaben gem\u00e4\u00df \u00a7 5 TMG<\/strong><\/p>\n\n\n\n<p>Swen-Olaf Bender<\/p>\n\n\n\n<p>Graslitzer Str. 4<\/p>\n\n\n\n<p>63814 Mainaschaff<\/p>\n\n\n\n<p>USt-ID: 204\/204\/01869<\/p>\n\n\n\n<p><strong>Vertreten durch: <\/strong><\/p>\n\n\n\n<p>Swen-Olaf Bender<\/p>\n\n\n\n<p><strong>Kontakt:<\/strong><\/p>\n\n\n\n<p>E-Mail Adresse: <a rel=\"noreferrer noopener\" href=\"mailto:sobub45@gmail.com\" target=\"_blank\">sobub45@gmail.com<\/a><\/p>\n\n\n\n<p>Tel: 06021 &#8211; 5844843<\/p>\n\n\n\n<p>Fax: 06021 &#8211; 5844846<\/p>\n\n\n\n<p><strong>Verantwortlich f\u00fcr den Inhalt nach \u00a7 55 Abs. 2 RStV:<\/strong><\/p>\n\n\n\n<p>Swen-Olaf Bender<\/p>\n\n\n\n<p>Graslitzer Str. 4<\/p>\n\n\n\n<p>  63814 Mainaschaff<\/p>\n\n\n\n<h2 class=\"wp-block-heading\">Haftungsausschluss:<\/h2>\n\n\n\n<p><strong>Haftung f\u00fcr Inhalte<\/strong><\/p>\n\n\n\n<p>Die Inhalte unserer Seiten wurden mit gr\u00f6\u00dfter Sorgfalt erstellt. F\u00fcr \ndie Richtigkeit, Vollst\u00e4ndigkeit und Aktualit\u00e4t der Inhalte k\u00f6nnen wir \njedoch keine Gew\u00e4hr \u00fcbernehmen. Als Diensteanbieter sind wir gem\u00e4\u00df \u00a7 7 \nAbs.1 TMG f\u00fcr eigene Inhalte auf diesen Seiten nach den allgemeinen \nGesetzen verantwortlich. Nach \u00a7\u00a7 8 bis 10 TMG sind wir als \nDiensteanbieter jedoch nicht verpflichtet, \u00fcbermittelte oder \ngespeicherte fremde Informationen zu \u00fcberwachen oder nach Umst\u00e4nden zu \nforschen, die auf eine rechtswidrige T\u00e4tigkeit hinweisen. \nVerpflichtungen zur Entfernung oder Sperrung der Nutzung von \nInformationen nach den allgemeinen Gesetzen bleiben hiervon unber\u00fchrt. \nEine diesbez\u00fcgliche Haftung ist jedoch erst ab dem Zeitpunkt der \nKenntnis einer konkreten Rechtsverletzung m\u00f6glich. Bei Bekanntwerden von\n entsprechenden Rechtsverletzungen werden wir diese Inhalte umgehend \nentfernen.<\/p>\n\n\n\n<p><strong>Haftung f\u00fcr Links<\/strong><\/p>\n\n\n\n<p>Unser Angebot enth\u00e4lt Links zu externen Webseiten Dritter, auf deren \nInhalte wir keinen Einfluss haben. Deshalb k\u00f6nnen wir f\u00fcr diese fremden \nInhalte auch keine Gew\u00e4hr \u00fcbernehmen. F\u00fcr die Inhalte der verlinkten \nSeiten ist stets der jeweilige Anbieter oder Betreiber der Seiten \nverantwortlich. Die verlinkten Seiten wurden zum Zeitpunkt der \nVerlinkung auf m\u00f6gliche Rechtsverst\u00f6\u00dfe \u00fcberpr\u00fcft. Rechtswidrige Inhalte \nwaren zum Zeitpunkt der Verlinkung nicht erkennbar. Eine permanente \ninhaltliche Kontrolle der verlinkten Seiten ist jedoch ohne konkrete \nAnhaltspunkte einer Rechtsverletzung nicht zumutbar. Bei Bekanntwerden \nvon Rechtsverletzungen werden wir derartige Links umgehend entfernen.<\/p>\n\n\n\n<p><strong>Urheberrecht<\/strong><\/p>\n\n\n\n<p>Die durch die Seitenbetreiber erstellten Inhalte und Werke auf diesen\n Seiten unterliegen dem deutschen Urheberrecht. Die Vervielf\u00e4ltigung, \nBearbeitung, Verbreitung und jede Art der Verwertung au\u00dferhalb der \nGrenzen des Urheberrechtes bed\u00fcrfen der schriftlichen Zustimmung des \njeweiligen Autors bzw. Erstellers. Downloads und Kopien dieser Seite \nsind nur f\u00fcr den privaten, nicht kommerziellen Gebrauch gestattet. \nSoweit die Inhalte auf dieser Seite nicht vom Betreiber erstellt wurden,\n werden die Urheberrechte Dritter beachtet. Insbesondere werden Inhalte \nDritter als solche gekennzeichnet. Sollten Sie trotzdem auf eine \nUrheberrechtsverletzung aufmerksam werden, bitten wir um einen \nentsprechenden Hinweis. Bei Bekanntwerden von Rechtsverletzungen werden \nwir derartige Inhalte umgehend entfernen.<\/p>\n\n\n\n<p><strong>Amazon.de Partnerschaft<\/strong><\/p>\n\n\n\n<p>Max Mustermann ist Teilnehmer des Partnerprogramms von Amazon EU,  \ndas zur Bereitstellung eines Mediums f\u00fcr Websites konzipiert wurde,  \nmittels dessen durch die Platzierung von Werbeanzeigen und Links zu  \nAmazon.de Werbekostenerstattung verdient werden kann.<\/p>\n\n\n\n<p><strong>Quellenangaben f\u00fcr die verwendeten Bilder, Grafiken und Texte:<\/strong><\/p>\n\n\n\n<p>Die auf dieser Website verwendeten Bilder, Grafiken und Texten wurden\n teilweise mithilfe der offiziellen Amazon-Schnittstelle (API) \neingebunden.<br>\nUrherber der Bilder ist derjenige, der das eingebundene Angebot urspr\u00fcnglich bei Amazon eingestellt hat.<\/p>\n","protected":false},"excerpt":{"rendered":"<p>Impressum Angaben gem\u00e4\u00df \u00a7 5 TMG Swen-Olaf Bender Graslitzer Str. 4 63814 Mainaschaff USt-ID: 204\/204\/01869 Vertreten durch: Swen-Olaf Bender Kontakt: E-Mail Adresse: sobub45@gmail.com Tel: 06021 &#8211; 5844843 Fax: 06021 &#8211; 5844846 Verantwortlich f\u00fcr den Inhalt nach \u00a7 55 Abs. 2 RStV: Swen-Olaf Bender Graslitzer Str. 4 63814 Mainaschaff Haftungsausschluss: Haftung f\u00fcr Inhalte Die Inhalte unserer [&hellip;]<\/p>\n","protected":false},"author":1,"featured_media":0,"parent":0,"menu_order":0,"comment_status":"closed","ping_status":"closed","template":"","meta":{"footnotes":""},"class_list":["post-5","page","type-page","status-publish","hentry"],"_links":{"self":[{"href":"https:\/\/werkzeuge-aller-art.com\/index.php?rest_route=\/wp\/v2\/pages\/5","targetHints":{"allow":["GET"]}}],"collection":[{"href":"https:\/\/werkzeuge-aller-art.com\/index.php?rest_route=\/wp\/v2\/pages"}],"about":[{"href":"https:\/\/werkzeuge-aller-art.com\/index.php?rest_route=\/wp\/v2\/types\/page"}],"author":[{"embeddable":true,"href":"https:\/\/werkzeuge-aller-art.com\/index.php?rest_route=\/wp\/v2\/users\/1"}],"replies":[{"embeddable":true,"href":"https:\/\/werkzeuge-aller-art.com\/index.php?rest_route=%2Fwp%2Fv2%2Fcomments&post=5"}],"version-history":[{"count":2,"href":"https:\/\/werkzeuge-aller-art.com\/index.php?rest_route=\/wp\/v2\/pages\/5\/revisions"}],"predecessor-version":[{"id":16065,"href":"https:\/\/werkzeuge-aller-art.com\/index.php?rest_route=\/wp\/v2\/pages\/5\/revisions\/16065"}],"wp:attachment":[{"href":"https:\/\/werkzeuge-aller-art.com\/index.php?rest_route=%2Fwp%2Fv2%2Fmedia&parent=5"}],"curies":[{"name":"wp","href":"https:\/\/api.w.org\/{rel}","templated":true}]}}